{"id":1612,"date":"2024-02-11T12:57:16","date_gmt":"2024-02-11T17:57:16","guid":{"rendered":"https:\/\/artefactjewelry.com\/panier\/"},"modified":"2024-06-14T15:15:03","modified_gmt":"2024-06-14T19:15:03","slug":"panier","status":"publish","type":"page","link":"https:\/\/artefactjewelry.com\/fr\/panier\/","title":{"rendered":"Panier"},"content":{"rendered":"\n<div data-block-name=\"woocommerce\/cart\" class=\"wp-block-woocommerce-cart alignwide is-loading\">\n<div data-block-name=\"woocommerce\/filled-cart-block\" class=\"wp-block-woocommerce-filled-cart-block\">\n<div data-block-name=\"woocommerce\/cart-items-block\" class=\"wp-block-woocommerce-cart-items-block\">\n<div data-block-name=\"woocommerce\/cart-line-items-block\" class=\"wp-block-woocommerce-cart-line-items-block\"><\/div>\n\n\n\n<div data-block-name=\"woocommerce\/cart-cross-sells-block\" class=\"wp-block-woocommerce-cart-cross-sells-block\">\n<h2 class=\"wp-block-heading has-large-font-size\">Vous pourriez \u00eatre int\u00e9ress\u00e9 par&#8230;<\/h2>\n\n\n\n<div data-block-name=\"woocommerce\/cart-cross-sells-products-block\" class=\"wp-block-woocommerce-cart-cross-sells-products-block\"><\/div>\n<\/div>\n<\/div>\n\n\n\n<div data-block-name=\"woocommerce\/cart-totals-block\" class=\"wp-block-woocommerce-cart-totals-block\">\n<div data-block-name=\"woocommerce\/cart-order-summary-block\" class=\"wp-block-woocommerce-cart-order-summary-block\">\n<div data-block-name=\"woocommerce\/cart-order-summary-heading-block\" class=\"wp-block-woocommerce-cart-order-summary-heading-block\"><\/div><div data-block-name=\"woocommerce\/cart-order-summary-coupon-form-block\" class=\"wp-block-woocommerce-cart-order-summary-coupon-form-block\"><\/div><div data-block-name=\"woocommerce\/cart-order-summary-totals-block\" class=\"wp-block-woocommerce-cart-order-summary-totals-block\">\n<div data-block-name=\"woocommerce\/cart-order-summary-subtotal-block\" class=\"wp-block-woocommerce-cart-order-summary-subtotal-block\"><\/div>\n<div data-block-name=\"woocommerce\/cart-order-summary-discount-block\" class=\"wp-block-woocommerce-cart-order-summary-discount-block\"><\/div>\n<div data-block-name=\"woocommerce\/cart-order-summary-fee-block\" class=\"wp-block-woocommerce-cart-order-summary-fee-block\"><\/div>\n<div data-block-name=\"woocommerce\/cart-order-summary-shipping-block\" class=\"wp-block-woocommerce-cart-order-summary-shipping-block\"><\/div>\n<div data-block-name=\"woocommerce\/cart-order-summary-taxes-block\" class=\"wp-block-woocommerce-cart-order-summary-taxes-block\"><\/div><\/div>\n<\/div>\n\n\n\n<div data-block-name=\"woocommerce-paypal-payments\/cart-paylater-messages\" data-pp-placement=\"cart\" data-pp-style-layout=\"text\" data-pp-style-logo-position=\"left\" data-pp-style-logo-type=\"inline\" data-pp-style-text-color=\"black\" data-pp-style-text-size=\"12\" id=\"ppcp-cart-paylater-messages\" class=\"ppcp-messages\" data-partner-attribution-id=\"Woo_PPCP\"><\/div><div data-block-name=\"woocommerce\/cart-express-payment-block\" class=\"wp-block-woocommerce-cart-express-payment-block\"><\/div>\n\n\n\n<div data-block-name=\"woocommerce\/proceed-to-checkout-block\" class=\"wp-block-woocommerce-proceed-to-checkout-block\"><\/div>\n<div id=\"ppcp-recaptcha-v2-container\" style=\"margin:20px 0;\"><\/div>\n\n\n<div data-block-name=\"woocommerce\/cart-accepted-payment-methods-block\" class=\"wp-block-woocommerce-cart-accepted-payment-methods-block\"><\/div>\n<\/div>\n<\/div>\n\n\n\n<div data-block-name=\"woocommerce\/empty-cart-block\" class=\"wp-block-woocommerce-empty-cart-block\">\n<h2 class=\"wp-block-heading has-text-align-center with-empty-cart-icon wc-block-cart__empty-cart__title\">Votre panier est actuellement vide !<\/h2>\n\n\n\n<hr class=\"wp-block-separator has-alpha-channel-opacity is-style-dots\"\/>\n\n\n\n<h2 class=\"wp-block-heading has-text-align-center\">Nouveau en magasin<\/h2>\n\n\n<div data-block-name=\"woocommerce\/product-new\" data-columns=\"4\" data-rows=\"1\" class=\"wc-block-grid wp-block-product-new wp-block-woocommerce-product-new wc-block-product-new has-4-columns\"><ul class=\"wc-block-grid__products\"><li class=\"wc-block-grid__product\">\n\t\t\t\t<a href=\"https:\/\/artefactjewelry.com\/fr\/produit\/bracelet-reglable-oeil-de-tigre-et-onyx-mat-bleu-nuit\/\" class=\"wc-block-grid__product-link\">\n\t\t\t\t\t<div class=\"wc-block-grid__product-onsale\">\n\t\t\t<span aria-hidden=\"true\">Promo<\/span>\n\t\t\t<span class=\"screen-reader-text\">Produit en promotion<\/span>\n\t\t<\/div>\n\t\t\t\t\t<div class=\"wc-block-grid__product-image\"><img fetchpriority=\"high\" decoding=\"async\" width=\"300\" height=\"300\" src=\"https:\/\/artefactjewelry.com\/wp-content\/uploads\/2025\/04\/DSC_3050-300x300.jpg\" class=\"attachment-woocommerce_thumbnail size-woocommerce_thumbnail\" alt=\"Bracelet en onyx mat et yeux de tigre bleus\" srcset=\"https:\/\/artefactjewelry.com\/wp-content\/uploads\/2025\/04\/DSC_3050-300x300.jpg 300w, https:\/\/artefactjewelry.com\/wp-content\/uploads\/2025\/04\/DSC_3050-1500x1500.jpg 1500w, https:\/\/artefactjewelry.com\/wp-content\/uploads\/2025\/04\/DSC_3050-150x150.jpg 150w, https:\/\/artefactjewelry.com\/wp-content\/uploads\/2025\/04\/DSC_3050-768x768.jpg 768w, https:\/\/artefactjewelry.com\/wp-content\/uploads\/2025\/04\/DSC_3050-1536x1536.jpg 1536w, https:\/\/artefactjewelry.com\/wp-content\/uploads\/2025\/04\/DSC_3050-2048x2048.jpg 2048w, https:\/\/artefactjewelry.com\/wp-content\/uploads\/2025\/04\/DSC_3050-2000x2000.jpg 2000w, https:\/\/artefactjewelry.com\/wp-content\/uploads\/2025\/04\/DSC_3050-100x100.jpg 100w\" sizes=\"(max-width: 300px) 100vw, 300px\" \/><\/div>\n\t\t\t\t\t<div class=\"wc-block-grid__product-title\">Bracelet r\u00e9glable Oeil de tigre et Onyx mat bleu nuit<\/div>\n\t\t\t\t<\/a>\n\t\t\t\t<div class=\"wc-block-grid__product-price price\"><del><span class=\"woocommerce-Price-amount amount\">59.00<span class=\"woocommerce-Price-currencySymbol\">&#036;<\/span><\/span><\/del><br><ins><span class=\"woocommerce-Price-amount amount\">47.20<span class=\"woocommerce-Price-currencySymbol\">&#036;<\/span><\/span><\/ins><\/div>\n\t\t\t\t\n\t\t\t\t<div class=\"wp-block-button wc-block-grid__product-add-to-cart\"><a href=\"https:\/\/artefactjewelry.com\/fr\/produit\/bracelet-reglable-oeil-de-tigre-et-onyx-mat-bleu-nuit\/\" aria-label=\"S\u00e9lectionner les options pour &ldquo;Bracelet r\u00e9glable Oeil de tigre et Onyx mat bleu nuit&rdquo;\" data-quantity=\"1\" data-product_id=\"3296\" data-product_sku=\"\" data-price=\"59\" rel=\"nofollow\" class=\"wp-block-button__link  add_to_cart_button\">Choix des options<\/a><\/div>\n\t\t\t<\/li><li class=\"wc-block-grid__product\">\n\t\t\t\t<a href=\"https:\/\/artefactjewelry.com\/fr\/produit\/cube-onyx-silver-spacer-bracelet\/\" class=\"wc-block-grid__product-link\">\n\t\t\t\t\t<div class=\"wc-block-grid__product-onsale\">\n\t\t\t<span aria-hidden=\"true\">Promo<\/span>\n\t\t\t<span class=\"screen-reader-text\">Produit en promotion<\/span>\n\t\t<\/div>\n\t\t\t\t\t<div class=\"wc-block-grid__product-image\"><img decoding=\"async\" width=\"300\" height=\"300\" src=\"https:\/\/artefactjewelry.com\/wp-content\/uploads\/2025\/02\/DSC_2891-300x300.jpg\" class=\"attachment-woocommerce_thumbnail size-woocommerce_thumbnail\" alt=\"cube onyx bracelet\" srcset=\"https:\/\/artefactjewelry.com\/wp-content\/uploads\/2025\/02\/DSC_2891-300x300.jpg 300w, https:\/\/artefactjewelry.com\/wp-content\/uploads\/2025\/02\/DSC_2891-1500x1500.jpg 1500w, https:\/\/artefactjewelry.com\/wp-content\/uploads\/2025\/02\/DSC_2891-150x150.jpg 150w, https:\/\/artefactjewelry.com\/wp-content\/uploads\/2025\/02\/DSC_2891-768x768.jpg 768w, https:\/\/artefactjewelry.com\/wp-content\/uploads\/2025\/02\/DSC_2891-1536x1536.jpg 1536w, https:\/\/artefactjewelry.com\/wp-content\/uploads\/2025\/02\/DSC_2891-100x100.jpg 100w, https:\/\/artefactjewelry.com\/wp-content\/uploads\/2025\/02\/DSC_2891.jpg 2000w\" sizes=\"(max-width: 300px) 100vw, 300px\" \/><\/div>\n\t\t\t\t\t<div class=\"wc-block-grid__product-title\">Cube onyx &amp; Silver spacer Bracelet<\/div>\n\t\t\t\t<\/a>\n\t\t\t\t<div class=\"wc-block-grid__product-price price\"><del><span class=\"woocommerce-Price-amount amount\">59.00<span class=\"woocommerce-Price-currencySymbol\">&#036;<\/span><\/span><\/del><br><ins><span class=\"woocommerce-Price-amount amount\">47.20<span class=\"woocommerce-Price-currencySymbol\">&#036;<\/span><\/span><\/ins><\/div>\n\t\t\t\t\n\t\t\t\t<div class=\"wp-block-button wc-block-grid__product-add-to-cart\"><a href=\"https:\/\/artefactjewelry.com\/fr\/produit\/cube-onyx-silver-spacer-bracelet\/\" aria-label=\"S\u00e9lectionner les options pour &ldquo;Cube onyx &amp; Silver spacer Bracelet&rdquo;\" data-quantity=\"1\" data-product_id=\"3265\" data-product_sku=\"\" data-price=\"59\" rel=\"nofollow\" class=\"wp-block-button__link  add_to_cart_button\">Choix des options<\/a><\/div>\n\t\t\t<\/li><li class=\"wc-block-grid__product\">\n\t\t\t\t<a href=\"https:\/\/artefactjewelry.com\/fr\/produit\/bracelet-donyx-essentiel\/\" class=\"wc-block-grid__product-link\">\n\t\t\t\t\t<div class=\"wc-block-grid__product-onsale\">\n\t\t\t<span aria-hidden=\"true\">Promo<\/span>\n\t\t\t<span class=\"screen-reader-text\">Produit en promotion<\/span>\n\t\t<\/div>\n\t\t\t\t\t<div class=\"wc-block-grid__product-image\"><img decoding=\"async\" width=\"300\" height=\"300\" src=\"https:\/\/artefactjewelry.com\/wp-content\/uploads\/2024\/06\/DSC_0732-300x300.jpg\" class=\"attachment-woocommerce_thumbnail size-woocommerce_thumbnail\" alt=\"Onyx essentiel\" srcset=\"https:\/\/artefactjewelry.com\/wp-content\/uploads\/2024\/06\/DSC_0732-300x300.jpg 300w, https:\/\/artefactjewelry.com\/wp-content\/uploads\/2024\/06\/DSC_0732-1500x1500.jpg 1500w, https:\/\/artefactjewelry.com\/wp-content\/uploads\/2024\/06\/DSC_0732-150x150.jpg 150w, https:\/\/artefactjewelry.com\/wp-content\/uploads\/2024\/06\/DSC_0732-768x768.jpg 768w, https:\/\/artefactjewelry.com\/wp-content\/uploads\/2024\/06\/DSC_0732-1536x1536.jpg 1536w, https:\/\/artefactjewelry.com\/wp-content\/uploads\/2024\/06\/DSC_0732-100x100.jpg 100w, https:\/\/artefactjewelry.com\/wp-content\/uploads\/2024\/06\/DSC_0732.jpg 2000w\" sizes=\"(max-width: 300px) 100vw, 300px\" \/><\/div>\n\t\t\t\t\t<div class=\"wc-block-grid__product-title\">Bracelet Essentiel d&rsquo;Onyx<\/div>\n\t\t\t\t<\/a>\n\t\t\t\t<div class=\"wc-block-grid__product-price price\"><del><span class=\"woocommerce-Price-amount amount\">59.00<span class=\"woocommerce-Price-currencySymbol\">&#036;<\/span><\/span><\/del><br><ins><span class=\"woocommerce-Price-amount amount\">47.20<span class=\"woocommerce-Price-currencySymbol\">&#036;<\/span><\/span><\/ins><\/div>\n\t\t\t\t\n\t\t\t\t<div class=\"wp-block-button wc-block-grid__product-add-to-cart\"><a href=\"https:\/\/artefactjewelry.com\/fr\/produit\/bracelet-donyx-essentiel\/\" aria-label=\"S\u00e9lectionner les options pour &ldquo;Bracelet Essentiel d&#039;Onyx&rdquo;\" data-quantity=\"1\" data-product_id=\"2609\" data-product_sku=\"\" data-price=\"59\" rel=\"nofollow\" class=\"wp-block-button__link  add_to_cart_button\">Choix des options<\/a><\/div>\n\t\t\t<\/li><li class=\"wc-block-grid__product\">\n\t\t\t\t<a href=\"https:\/\/artefactjewelry.com\/fr\/produit\/collier-de-perles-naturelles-gris-argent-et-fonce-avec-spacer-en-hematite\/\" class=\"wc-block-grid__product-link\">\n\t\t\t\t\t<div class=\"wc-block-grid__product-onsale\">\n\t\t\t<span aria-hidden=\"true\">Promo<\/span>\n\t\t\t<span class=\"screen-reader-text\">Produit en promotion<\/span>\n\t\t<\/div>\n\t\t\t\t\t<div class=\"wc-block-grid__product-image\"><img loading=\"lazy\" decoding=\"async\" width=\"300\" height=\"300\" src=\"https:\/\/artefactjewelry.com\/wp-content\/uploads\/2024\/05\/002-300x300.jpg\" class=\"attachment-woocommerce_thumbnail size-woocommerce_thumbnail\" alt=\"Collier de perles naturelles gris argent et fonc\u00e9 avec spacer en h\u00e9matite\" srcset=\"https:\/\/artefactjewelry.com\/wp-content\/uploads\/2024\/05\/002-300x300.jpg 300w, https:\/\/artefactjewelry.com\/wp-content\/uploads\/2024\/05\/002-1500x1500.jpg 1500w, https:\/\/artefactjewelry.com\/wp-content\/uploads\/2024\/05\/002-150x150.jpg 150w, https:\/\/artefactjewelry.com\/wp-content\/uploads\/2024\/05\/002-768x768.jpg 768w, https:\/\/artefactjewelry.com\/wp-content\/uploads\/2024\/05\/002-1536x1536.jpg 1536w, https:\/\/artefactjewelry.com\/wp-content\/uploads\/2024\/05\/002-100x100.jpg 100w, https:\/\/artefactjewelry.com\/wp-content\/uploads\/2024\/05\/002.jpg 2000w\" sizes=\"(max-width: 300px) 100vw, 300px\" \/><\/div>\n\t\t\t\t\t<div class=\"wc-block-grid__product-title\">Collier de perles naturelles gris argent et fonc\u00e9 avec spacer en h\u00e9matite<\/div>\n\t\t\t\t<\/a>\n\t\t\t\t<div class=\"wc-block-grid__product-price price\"><del><span class=\"woocommerce-Price-amount amount\">89.00<span class=\"woocommerce-Price-currencySymbol\">&#036;<\/span><\/span><\/del><br><ins><span class=\"woocommerce-Price-amount amount\">71.20<span class=\"woocommerce-Price-currencySymbol\">&#036;<\/span><\/span><\/ins><\/div>\n\t\t\t\t\n\t\t\t\t<div class=\"wp-block-button wc-block-grid__product-add-to-cart\"><a href=\"https:\/\/artefactjewelry.com\/fr\/produit\/collier-de-perles-naturelles-gris-argent-et-fonce-avec-spacer-en-hematite\/\" aria-label=\"S\u00e9lectionner les options pour &ldquo;Collier de perles naturelles gris argent et fonc\u00e9 avec spacer en h\u00e9matite&rdquo;\" data-quantity=\"1\" data-product_id=\"1779\" data-product_sku=\"\" data-price=\"89\" rel=\"nofollow\" class=\"wp-block-button__link  add_to_cart_button\">Choix des options<\/a><\/div>\n\t\t\t<\/li><\/ul><\/div><\/div>\n<\/div>\n","protected":false},"excerpt":{"rendered":"","protected":false},"author":1,"featured_media":0,"parent":0,"menu_order":0,"comment_status":"closed","ping_status":"closed","template":"","meta":{"footnotes":""},"class_list":["post-1612","page","type-page","status-publish","hentry"],"blocksy_meta":[],"_links":{"self":[{"href":"https:\/\/artefactjewelry.com\/fr\/wp-json\/wp\/v2\/pages\/1612","targetHints":{"allow":["GET"]}}],"collection":[{"href":"https:\/\/artefactjewelry.com\/fr\/wp-json\/wp\/v2\/pages"}],"about":[{"href":"https:\/\/artefactjewelry.com\/fr\/wp-json\/wp\/v2\/types\/page"}],"author":[{"embeddable":true,"href":"https:\/\/artefactjewelry.com\/fr\/wp-json\/wp\/v2\/users\/1"}],"replies":[{"embeddable":true,"href":"https:\/\/artefactjewelry.com\/fr\/wp-json\/wp\/v2\/comments?post=1612"}],"version-history":[{"count":2,"href":"https:\/\/artefactjewelry.com\/fr\/wp-json\/wp\/v2\/pages\/1612\/revisions"}],"predecessor-version":[{"id":2447,"href":"https:\/\/artefactjewelry.com\/fr\/wp-json\/wp\/v2\/pages\/1612\/revisions\/2447"}],"wp:attachment":[{"href":"https:\/\/artefactjewelry.com\/fr\/wp-json\/wp\/v2\/media?parent=1612"}],"curies":[{"name":"wp","href":"https:\/\/api.w.org\/{rel}","templated":true}]}}