{"id":1782,"date":"2024-03-16T21:17:37","date_gmt":"2024-03-17T01:17:37","guid":{"rendered":"https:\/\/artefactjewelry.com\/collections-hommes\/"},"modified":"2024-06-24T16:48:43","modified_gmt":"2024-06-24T20:48:43","slug":"collections-hommes","status":"publish","type":"page","link":"https:\/\/artefactjewelry.com\/fr\/collections-hommes\/","title":{"rendered":"Collections homme"},"content":{"rendered":"\t\t<div data-elementor-type=\"wp-page\" data-elementor-id=\"1782\" class=\"elementor elementor-1782 elementor-437\" data-elementor-post-type=\"page\">\n\t\t\t\t<div class=\"elementor-element elementor-element-79d72d6 e-flex e-con-boxed e-con e-parent\" data-id=\"79d72d6\" data-element_type=\"container\">\n\t\t\t\t\t<div class=\"e-con-inner\">\n\t\t<div class=\"elementor-element elementor-element-4baccbe e-con-full e-flex e-con e-child\" data-id=\"4baccbe\" data-element_type=\"container\">\n\t\t\t\t<div class=\"elementor-element elementor-element-969cfea elementor-widget elementor-widget-image\" data-id=\"969cfea\" data-element_type=\"widget\" data-widget_type=\"image.default\">\n\t\t\t\t<div class=\"elementor-widget-container\">\n\t\t\t\t\t\t\t\t\t\t\t\t\t\t\t\t<a href=\"https:\/\/artefactjewelry.com\/fr\/categorie-produit\/homme\/tous-les-bijoux-pour-hommes\/?wpf_filter_cat_0=127&#038;wpf_fbv=1\">\n\t\t\t\t\t\t\t<img fetchpriority=\"high\" decoding=\"async\" width=\"1200\" height=\"1500\" src=\"https:\/\/artefactjewelry.com\/wp-content\/uploads\/2024\/06\/untitled-20-1200x1500.jpg\" class=\"attachment-large size-large wp-image-2586\" alt=\"Onyx essentiel\" srcset=\"https:\/\/artefactjewelry.com\/wp-content\/uploads\/2024\/06\/untitled-20-1200x1500.jpg 1200w, https:\/\/artefactjewelry.com\/wp-content\/uploads\/2024\/06\/untitled-20-240x300.jpg 240w, https:\/\/artefactjewelry.com\/wp-content\/uploads\/2024\/06\/untitled-20-768x960.jpg 768w, https:\/\/artefactjewelry.com\/wp-content\/uploads\/2024\/06\/untitled-20-1229x1536.jpg 1229w, https:\/\/artefactjewelry.com\/wp-content\/uploads\/2024\/06\/untitled-20-1638x2048.jpg 1638w, https:\/\/artefactjewelry.com\/wp-content\/uploads\/2024\/06\/untitled-20.jpg 2000w\" sizes=\"(max-width: 1200px) 100vw, 1200px\" \/>\t\t\t\t\t\t\t\t<\/a>\n\t\t\t\t\t\t\t\t\t\t\t\t\t\t\t<\/div>\n\t\t\t\t<\/div>\n\t\t\t\t<div class=\"elementor-element elementor-element-0024bbe elementor-widget elementor-widget-heading\" data-id=\"0024bbe\" data-element_type=\"widget\" data-widget_type=\"heading.default\">\n\t\t\t\t<div class=\"elementor-widget-container\">\n\t\t\t\t\t<h2 class=\"elementor-heading-title elementor-size-default\"><a href=\"https:\/\/artefactjewelry.com\/fr\/categorie-produit\/homme\/tous-les-bijoux-pour-hommes\/?wpf_filter_cat_0=127&#038;wpf_fbv=1\">GREEK<\/a><\/h2>\t\t\t\t<\/div>\n\t\t\t\t<\/div>\n\t\t\t\t<div class=\"elementor-element elementor-element-a934f20 elementor-widget elementor-widget-heading\" data-id=\"a934f20\" data-element_type=\"widget\" data-widget_type=\"heading.default\">\n\t\t\t\t<div class=\"elementor-widget-container\">\n\t\t\t\t\t<h2 class=\"elementor-heading-title elementor-size-default\">Style<\/h2>\t\t\t\t<\/div>\n\t\t\t\t<\/div>\n\t\t\t\t<div class=\"elementor-element elementor-element-7eb3193 elementor-widget elementor-widget-text-editor\" data-id=\"7eb3193\" data-element_type=\"widget\" data-widget_type=\"text-editor.default\">\n\t\t\t\t<div class=\"elementor-widget-container\">\n\t\t\t\t\t\t\t\t\t<p>Inspir\u00e9e par la beaut\u00e9 nette et classique de la Gr\u00e8ce antique, chaque pi\u00e8ce de cette collection incarne l&rsquo;\u00e9l\u00e9gance et la pr\u00e9cision. Con\u00e7u pour ceux qui appr\u00e9cient les lignes \u00e9pur\u00e9es et l&rsquo;esth\u00e9tique raffin\u00e9e, ces bijoux accompagne facilement vos soir\u00e9es. Notre collection GREEK rehausse votre tenue d&rsquo;une touche de charme classique, \u00e0 la fois saisissante et subtile.<\/p><\/p>\n\t\t\t\t\t\t\t\t<\/div>\n\t\t\t\t<\/div>\n\t\t\t\t<div class=\"elementor-element elementor-element-b0ac99b elementor-widget elementor-widget-heading\" data-id=\"b0ac99b\" data-element_type=\"widget\" data-widget_type=\"heading.default\">\n\t\t\t\t<div class=\"elementor-widget-container\">\n\t\t\t\t\t<h2 class=\"elementor-heading-title elementor-size-default\">Croyances<\/h2>\t\t\t\t<\/div>\n\t\t\t\t<\/div>\n\t\t\t\t<div class=\"elementor-element elementor-element-7f56681 elementor-widget elementor-widget-text-editor\" data-id=\"7f56681\" data-element_type=\"widget\" data-widget_type=\"text-editor.default\">\n\t\t\t\t<div class=\"elementor-widget-container\">\n\t\t\t\t\t\t\t\t\t<p>Les Grecs croyaient que les pierres pr\u00e9cieuses avaient des pouvoirs divins et mystiques. Ils leur associaient de grandes propri\u00e9t\u00e9s curatives et symboliques. Elles \u00e9taient souvent utilis\u00e9es dans les rites religieux, les pratiques de gu\u00e9rison et comme talismans protecteurs. Le lapis-lazuli \u00e9tait associ\u00e9 \u00e0 la sagesse et \u00e0 la v\u00e9rit\u00e9. Les pr\u00eatres et les orateurs l&rsquo;utilisaient souvent pour am\u00e9liorer leur communication et leur \u00e9loquence.<\/p>\n\t\t\t\t\t\t\t\t<\/div>\n\t\t\t\t<\/div>\n\t\t\t\t<\/div>\n\t\t<div class=\"elementor-element elementor-element-0f4b107 e-con-full e-flex e-con e-child\" data-id=\"0f4b107\" data-element_type=\"container\">\n\t\t\t\t<div class=\"elementor-element elementor-element-0447b7a elementor-widget elementor-widget-image\" data-id=\"0447b7a\" data-element_type=\"widget\" data-widget_type=\"image.default\">\n\t\t\t\t<div class=\"elementor-widget-container\">\n\t\t\t\t\t\t\t\t\t\t\t\t\t\t\t\t<a href=\"https:\/\/artefactjewelry.com\/fr\/categorie-produit\/homme\/tous-les-bijoux-pour-hommes\/?wpf_filter_cat_0=143&#038;wpf_fbv=1\">\n\t\t\t\t\t\t\t<img decoding=\"async\" width=\"1200\" height=\"1500\" src=\"https:\/\/artefactjewelry.com\/wp-content\/uploads\/2024\/06\/untitled-10-1200x1500.jpg\" class=\"attachment-large size-large wp-image-2568\" alt=\"Bracelet d&#039;Agate Ancienne\" srcset=\"https:\/\/artefactjewelry.com\/wp-content\/uploads\/2024\/06\/untitled-10-1200x1500.jpg 1200w, https:\/\/artefactjewelry.com\/wp-content\/uploads\/2024\/06\/untitled-10-240x300.jpg 240w, https:\/\/artefactjewelry.com\/wp-content\/uploads\/2024\/06\/untitled-10-768x960.jpg 768w, https:\/\/artefactjewelry.com\/wp-content\/uploads\/2024\/06\/untitled-10-1229x1536.jpg 1229w, https:\/\/artefactjewelry.com\/wp-content\/uploads\/2024\/06\/untitled-10.jpg 1600w\" sizes=\"(max-width: 1200px) 100vw, 1200px\" \/>\t\t\t\t\t\t\t\t<\/a>\n\t\t\t\t\t\t\t\t\t\t\t\t\t\t\t<\/div>\n\t\t\t\t<\/div>\n\t\t\t\t<div class=\"elementor-element elementor-element-569edf4 elementor-widget elementor-widget-heading\" data-id=\"569edf4\" data-element_type=\"widget\" data-widget_type=\"heading.default\">\n\t\t\t\t<div class=\"elementor-widget-container\">\n\t\t\t\t\t<h2 class=\"elementor-heading-title elementor-size-default\"><a href=\"https:\/\/artefactjewelry.com\/fr\/categorie-produit\/homme\/tous-les-bijoux-pour-hommes\/?wpf_filter_cat_0=143&#038;wpf_fbv=1\">MAYA<\/a><\/h2>\t\t\t\t<\/div>\n\t\t\t\t<\/div>\n\t\t\t\t<div class=\"elementor-element elementor-element-45c6f78 elementor-widget elementor-widget-heading\" data-id=\"45c6f78\" data-element_type=\"widget\" data-widget_type=\"heading.default\">\n\t\t\t\t<div class=\"elementor-widget-container\">\n\t\t\t\t\t<h2 class=\"elementor-heading-title elementor-size-default\">Style<\/h2>\t\t\t\t<\/div>\n\t\t\t\t<\/div>\n\t\t\t\t<div class=\"elementor-element elementor-element-17c0a49 elementor-widget elementor-widget-text-editor\" data-id=\"17c0a49\" data-element_type=\"widget\" data-widget_type=\"text-editor.default\">\n\t\t\t\t<div class=\"elementor-widget-container\">\n\t\t\t\t\t\t\t\t\t<div>\n<div dir=\"auto\" data-message-author-role=\"assistant\" data-message-id=\"216b73d0-11f0-4bf9-82d5-065267ec8d73\">\n<p>Impr\u00e9gn\u00e9e des couleurs luxuriantes de la for\u00eat et de la terre riche, chaque pi\u00e8ce r\u00e9sonne avec les verts profonds et les tons de terre vibrants. Caract\u00e9ristiques des teintes bois\u00e9es et v\u00e9g\u00e9tales. Con\u00e7ue pour les aventures enivrantes et les belles journ\u00e9es ensoleill\u00e9es. Cette collection discr\u00e8te mais color\u00e9e compl\u00e8te toute tenue d&rsquo;\u00e9t\u00e9. Parfait pour ceux qui aiment emporter l&rsquo;essence de la nature avec eux.<\/p>\n<\/div>\n<\/div>\n<div>\n<div> <\/div>\n<\/div>\n\t\t\t\t\t\t\t\t<\/div>\n\t\t\t\t<\/div>\n\t\t\t\t<div class=\"elementor-element elementor-element-233e1c6 elementor-widget elementor-widget-heading\" data-id=\"233e1c6\" data-element_type=\"widget\" data-widget_type=\"heading.default\">\n\t\t\t\t<div class=\"elementor-widget-container\">\n\t\t\t\t\t<h2 class=\"elementor-heading-title elementor-size-default\">Croyances<\/h2>\t\t\t\t<\/div>\n\t\t\t\t<\/div>\n\t\t\t\t<div class=\"elementor-element elementor-element-ea5c70a elementor-widget elementor-widget-text-editor\" data-id=\"ea5c70a\" data-element_type=\"widget\" data-widget_type=\"text-editor.default\">\n\t\t\t\t<div class=\"elementor-widget-container\">\n\t\t\t\t\t\t\t\t\t<p>Les Mayas croyaient que les pierres \u00e9taient des cadeaux des dieux et qu&rsquo;elles poss\u00e9daient des \u00e9nergies et des pouvoirs particuliers. Ils les utilisaient dans leurs rituels, leurs armes et leurs ornements royaux. Le jade \u00e9tait particuli\u00e8rement v\u00e9n\u00e9r\u00e9 et consid\u00e9r\u00e9 comme une pierre sacr\u00e9e symbolisant l&rsquo;eau, la v\u00e9g\u00e9tation et la vie.<\/p>\n\t\t\t\t\t\t\t\t<\/div>\n\t\t\t\t<\/div>\n\t\t\t\t<\/div>\n\t\t\t\t\t<\/div>\n\t\t\t\t<\/div>\n\t\t<div class=\"elementor-element elementor-element-be86d72 e-flex e-con-boxed e-con e-parent\" data-id=\"be86d72\" data-element_type=\"container\">\n\t\t\t\t\t<div class=\"e-con-inner\">\n\t\t\t\t<div class=\"elementor-element elementor-element-308bbbe elementor-widget elementor-widget-spacer\" data-id=\"308bbbe\" data-element_type=\"widget\" data-widget_type=\"spacer.default\">\n\t\t\t\t<div class=\"elementor-widget-container\">\n\t\t\t\t\t\t\t<div class=\"elementor-spacer\">\n\t\t\t<div class=\"elementor-spacer-inner\"><\/div>\n\t\t<\/div>\n\t\t\t\t\t\t<\/div>\n\t\t\t\t<\/div>\n\t\t\t\t\t<\/div>\n\t\t\t\t<\/div>\n\t\t\t\t<\/div>\n\t\t","protected":false},"excerpt":{"rendered":"<p>GREEK Style Inspir\u00e9e par la beaut\u00e9 nette et classique de la Gr\u00e8ce antique, chaque pi\u00e8ce de cette collection incarne l&rsquo;\u00e9l\u00e9gance et la pr\u00e9cision. Con\u00e7u pour ceux qui appr\u00e9cient les lignes \u00e9pur\u00e9es et l&rsquo;esth\u00e9tique raffin\u00e9e, ces bijoux accompagne facilement vos soir\u00e9es. Notre collection GREEK rehausse votre tenue d&rsquo;une touche de charme classique, \u00e0 la fois saisissante [&hellip;]<\/p>\n","protected":false},"author":1,"featured_media":0,"parent":0,"menu_order":0,"comment_status":"closed","ping_status":"closed","template":"","meta":{"footnotes":""},"class_list":["post-1782","page","type-page","status-publish","hentry"],"blocksy_meta":[],"_links":{"self":[{"href":"https:\/\/artefactjewelry.com\/fr\/wp-json\/wp\/v2\/pages\/1782","targetHints":{"allow":["GET"]}}],"collection":[{"href":"https:\/\/artefactjewelry.com\/fr\/wp-json\/wp\/v2\/pages"}],"about":[{"href":"https:\/\/artefactjewelry.com\/fr\/wp-json\/wp\/v2\/types\/page"}],"author":[{"embeddable":true,"href":"https:\/\/artefactjewelry.com\/fr\/wp-json\/wp\/v2\/users\/1"}],"replies":[{"embeddable":true,"href":"https:\/\/artefactjewelry.com\/fr\/wp-json\/wp\/v2\/comments?post=1782"}],"version-history":[{"count":17,"href":"https:\/\/artefactjewelry.com\/fr\/wp-json\/wp\/v2\/pages\/1782\/revisions"}],"predecessor-version":[{"id":3095,"href":"https:\/\/artefactjewelry.com\/fr\/wp-json\/wp\/v2\/pages\/1782\/revisions\/3095"}],"wp:attachment":[{"href":"https:\/\/artefactjewelry.com\/fr\/wp-json\/wp\/v2\/media?parent=1782"}],"curies":[{"name":"wp","href":"https:\/\/api.w.org\/{rel}","templated":true}]}}