{"id":1791,"date":"2024-03-20T15:06:29","date_gmt":"2024-03-20T19:06:29","guid":{"rendered":"https:\/\/artefactjewelry.com\/personnaliser\/"},"modified":"2025-11-13T16:21:55","modified_gmt":"2025-11-13T21:21:55","slug":"personnaliser","status":"publish","type":"page","link":"https:\/\/artefactjewelry.com\/fr\/personnaliser\/","title":{"rendered":"PERSONNALISER"},"content":{"rendered":"\t\t<div data-elementor-type=\"wp-page\" data-elementor-id=\"1791\" class=\"elementor elementor-1791 elementor-571\" data-elementor-post-type=\"page\">\n\t\t\t\t<div class=\"elementor-element elementor-element-17df9f0 e-flex e-con-boxed e-con e-parent\" data-id=\"17df9f0\" data-element_type=\"container\">\n\t\t\t\t\t<div class=\"e-con-inner\">\n\t\t\t\t<div class=\"elementor-element elementor-element-ea9ef13 elementor-widget elementor-widget-heading\" data-id=\"ea9ef13\" data-element_type=\"widget\" data-widget_type=\"heading.default\">\n\t\t\t\t<div class=\"elementor-widget-container\">\n\t\t\t\t\t<h2 class=\"elementor-heading-title elementor-size-default\">Personnalisez votre propre bijou Artefact<\/h2>\t\t\t\t<\/div>\n\t\t\t\t<\/div>\n\t\t\t\t<div class=\"elementor-element elementor-element-127622a elementor-widget elementor-widget-text-editor\" data-id=\"127622a\" data-element_type=\"widget\" data-widget_type=\"text-editor.default\">\n\t\t\t\t<div class=\"elementor-widget-container\">\n\t\t\t\t\t\t\t\t\t<p>\u00ab\u00a0Le projet a commenc\u00e9 en vendant des bijoux personnalis\u00e9s adapt\u00e9s au style, \u00e0 la couleur pr\u00e9f\u00e9r\u00e9e, \u00e0 la vibe ou \u00e0 la signification des pierres de chacun. Chaque personne a re\u00e7u sa propre pi\u00e8ce unique. C&rsquo;est pourquoi nous voulons offrir le m\u00eame service personnalis\u00e9 \u00e0 tout le monde, afin que vous puissiez avoir votre propre bijou personnalis\u00e9.\u00a0\u00bb<\/p><p> <\/p>\t\t\t\t\t\t\t\t<\/div>\n\t\t\t\t<\/div>\n\t\t\t\t\t<\/div>\n\t\t\t\t<\/div>\n\t\t<div class=\"elementor-element elementor-element-bf74347 e-flex e-con-boxed e-con e-parent\" data-id=\"bf74347\" data-element_type=\"container\">\n\t\t\t\t\t<div class=\"e-con-inner\">\n\t\t<div class=\"elementor-element elementor-element-b725b20 e-con-full e-flex e-con e-child\" data-id=\"b725b20\" data-element_type=\"container\">\n\t\t\t\t<div class=\"elementor-element elementor-element-a7bca95 elementor-widget elementor-widget-heading\" data-id=\"a7bca95\" data-element_type=\"widget\" data-widget_type=\"heading.default\">\n\t\t\t\t<div class=\"elementor-widget-container\">\n\t\t\t\t\t<h3 class=\"elementor-heading-title elementor-size-default\">Un pas de plus<\/h3>\t\t\t\t<\/div>\n\t\t\t\t<\/div>\n\t\t\t\t<div class=\"elementor-element elementor-element-58b5529 elementor-widget elementor-widget-text-editor\" data-id=\"58b5529\" data-element_type=\"widget\" data-widget_type=\"text-editor.default\">\n\t\t\t\t<div class=\"elementor-widget-container\">\n\t\t\t\t\t\t\t\t\t<p>Tell us your idea by following our guide to choose your style &amp; stones :<\/p><ol><li>Contactez-nous par courriel \/ m\u00e9dias sociaux (info@artefactjewelry.com)<\/li><li>D\u00e9crivez autant que possible votre id\u00e9e du collier\/bracelet, le style (collections), avec ou sans espaceurs\/n\u0153uds.<\/li><li>Nous prendrons soin de cr\u00e9er votre propre bijou personnalis\u00e9 selon vos go\u00fbts.<\/li><\/ol><div> <\/div><p>(Nous nous r\u00e9servons le droit de ne fabriquer que des articles qui r\u00e9pondent \u00e0 nos normes esth\u00e9tiques et de qualit\u00e9).<\/p>\t\t\t\t\t\t\t\t<\/div>\n\t\t\t\t<\/div>\n\t\t<div class=\"elementor-element elementor-element-2e2802e e-con-full e-flex e-con e-child\" data-id=\"2e2802e\" data-element_type=\"container\">\n\t\t\t\t<div class=\"elementor-element elementor-element-ab58619 elementor-widget elementor-widget-heading\" data-id=\"ab58619\" data-element_type=\"widget\" data-widget_type=\"heading.default\">\n\t\t\t\t<div class=\"elementor-widget-container\">\n\t\t\t\t\t<h3 class=\"elementor-heading-title elementor-size-default\">Prix<\/h3>\t\t\t\t<\/div>\n\t\t\t\t<\/div>\n\t\t\t\t<div class=\"elementor-element elementor-element-8484644 elementor-widget elementor-widget-text-editor\" data-id=\"8484644\" data-element_type=\"widget\" data-widget_type=\"text-editor.default\">\n\t\t\t\t<div class=\"elementor-widget-container\">\n\t\t\t\t\t\t\t\t\t<p>Bracelet : 69$<\/p><p>Collier : 119$<\/p><p><em>Le prix peut varier en fonction de la s\u00e9lection des pierres.<\/em><\/p>\t\t\t\t\t\t\t\t<\/div>\n\t\t\t\t<\/div>\n\t\t\t\t<div class=\"elementor-element elementor-element-dab6505 elementor-widget elementor-widget-spacer\" data-id=\"dab6505\" data-element_type=\"widget\" data-widget_type=\"spacer.default\">\n\t\t\t\t<div class=\"elementor-widget-container\">\n\t\t\t\t\t\t\t<div class=\"elementor-spacer\">\n\t\t\t<div class=\"elementor-spacer-inner\"><\/div>\n\t\t<\/div>\n\t\t\t\t\t\t<\/div>\n\t\t\t\t<\/div>\n\t\t\t\t<div class=\"elementor-element elementor-element-9d4fd4a elementor-widget elementor-widget-text-editor\" data-id=\"9d4fd4a\" data-element_type=\"widget\" data-widget_type=\"text-editor.default\">\n\t\t\t\t<div class=\"elementor-widget-container\">\n\t\t\t\t\t\t\t\t\t<p><em>N&rsquo;h\u00e9sitez pas \u00e0 vous inspirer de nos collections actuelles et de leurs pierres.<\/em><\/p>\t\t\t\t\t\t\t\t<\/div>\n\t\t\t\t<\/div>\n\t\t\t\t<\/div>\n\t\t\t\t<\/div>\n\t\t\t\t\t<\/div>\n\t\t\t\t<\/div>\n\t\t<div class=\"elementor-element elementor-element-d78b0a0 e-flex e-con-boxed e-con e-parent\" data-id=\"d78b0a0\" data-element_type=\"container\">\n\t\t\t\t\t<div class=\"e-con-inner\">\n\t\t\t\t<div class=\"elementor-element elementor-element-a9edae0 elementor-arrows-position-inside elementor-pagination-position-outside elementor-widget elementor-widget-image-carousel\" data-id=\"a9edae0\" data-element_type=\"widget\" data-settings=\"{&quot;navigation&quot;:&quot;both&quot;,&quot;autoplay&quot;:&quot;yes&quot;,&quot;pause_on_hover&quot;:&quot;yes&quot;,&quot;pause_on_interaction&quot;:&quot;yes&quot;,&quot;autoplay_speed&quot;:5000,&quot;infinite&quot;:&quot;yes&quot;,&quot;speed&quot;:500}\" data-widget_type=\"image-carousel.default\">\n\t\t\t\t<div class=\"elementor-widget-container\">\n\t\t\t\t\t\t\t<div class=\"elementor-image-carousel-wrapper swiper\" role=\"region\" aria-roledescription=\"carousel\" aria-label=\"Image Carousel\" dir=\"ltr\">\n\t\t\t<div class=\"elementor-image-carousel swiper-wrapper\" aria-live=\"off\">\n\t\t\t\t\t\t\t\t<div class=\"swiper-slide\" role=\"group\" aria-roledescription=\"slide\" aria-label=\"1 sur 4\"><figure class=\"swiper-slide-inner\"><img decoding=\"async\" class=\"swiper-slide-image\" src=\"https:\/\/artefactjewelry.com\/wp-content\/uploads\/2024\/11\/20230817_001119-300x300.jpg\" alt=\"20230817_001119\" \/><\/figure><\/div><div class=\"swiper-slide\" role=\"group\" aria-roledescription=\"slide\" aria-label=\"2 sur 4\"><figure class=\"swiper-slide-inner\"><img decoding=\"async\" class=\"swiper-slide-image\" src=\"https:\/\/artefactjewelry.com\/wp-content\/uploads\/2024\/11\/20231207_091953-300x300.jpg\" alt=\"20231207_091953\" \/><\/figure><\/div><div class=\"swiper-slide\" role=\"group\" aria-roledescription=\"slide\" aria-label=\"3 sur 4\"><figure class=\"swiper-slide-inner\"><img decoding=\"async\" class=\"swiper-slide-image\" src=\"https:\/\/artefactjewelry.com\/wp-content\/uploads\/2024\/11\/DSC_1558-300x300.jpg\" alt=\"DSC_1558\" \/><\/figure><\/div><div class=\"swiper-slide\" role=\"group\" aria-roledescription=\"slide\" aria-label=\"4 sur 4\"><figure class=\"swiper-slide-inner\"><img decoding=\"async\" class=\"swiper-slide-image\" src=\"https:\/\/artefactjewelry.com\/wp-content\/uploads\/2024\/11\/DSC_1705-1-300x300.jpg\" alt=\"DSC_1705\" \/><\/figure><\/div>\t\t\t<\/div>\n\t\t\t\t\t\t\t\t\t\t\t\t<div class=\"elementor-swiper-button elementor-swiper-button-prev\" role=\"button\" tabindex=\"0\">\n\t\t\t\t\t\t<svg aria-hidden=\"true\" class=\"e-font-icon-svg e-eicon-chevron-left\" viewBox=\"0 0 1000 1000\" xmlns=\"http:\/\/www.w3.org\/2000\/svg\"><path d=\"M646 125C629 125 613 133 604 142L308 442C296 454 292 471 292 487 292 504 296 521 308 533L604 854C617 867 629 875 646 875 663 875 679 871 692 858 704 846 713 829 713 812 713 796 708 779 692 767L438 487 692 225C700 217 708 204 708 187 708 171 704 154 692 142 675 129 663 125 646 125Z\"><\/path><\/svg>\t\t\t\t\t<\/div>\n\t\t\t\t\t<div class=\"elementor-swiper-button elementor-swiper-button-next\" role=\"button\" tabindex=\"0\">\n\t\t\t\t\t\t<svg aria-hidden=\"true\" class=\"e-font-icon-svg e-eicon-chevron-right\" viewBox=\"0 0 1000 1000\" xmlns=\"http:\/\/www.w3.org\/2000\/svg\"><path d=\"M696 533C708 521 713 504 713 487 713 471 708 454 696 446L400 146C388 133 375 125 354 125 338 125 325 129 313 142 300 154 292 171 292 187 292 204 296 221 308 233L563 492 304 771C292 783 288 800 288 817 288 833 296 850 308 863 321 871 338 875 354 875 371 875 388 867 400 854L696 533Z\"><\/path><\/svg>\t\t\t\t\t<\/div>\n\t\t\t\t\n\t\t\t\t\t\t\t\t\t<div class=\"swiper-pagination\"><\/div>\n\t\t\t\t\t\t\t\t\t<\/div>\n\t\t\t\t\t\t<\/div>\n\t\t\t\t<\/div>\n\t\t\t\t\t<\/div>\n\t\t\t\t<\/div>\n\t\t\t\t<\/div>\n\t\t","protected":false},"excerpt":{"rendered":"<p>Personnalisez votre propre bijou Artefact \u00ab\u00a0Le projet a commenc\u00e9 en vendant des bijoux personnalis\u00e9s adapt\u00e9s au style, \u00e0 la couleur pr\u00e9f\u00e9r\u00e9e, \u00e0 la vibe ou \u00e0 la signification des pierres de chacun. Chaque personne a re\u00e7u sa propre pi\u00e8ce unique. C&rsquo;est pourquoi nous voulons offrir le m\u00eame service personnalis\u00e9 \u00e0 tout le monde, afin que [&hellip;]<\/p>\n","protected":false},"author":1,"featured_media":0,"parent":0,"menu_order":0,"comment_status":"closed","ping_status":"closed","template":"elementor_header_footer","meta":{"footnotes":""},"class_list":["post-1791","page","type-page","status-publish","hentry"],"blocksy_meta":[],"_links":{"self":[{"href":"https:\/\/artefactjewelry.com\/fr\/wp-json\/wp\/v2\/pages\/1791","targetHints":{"allow":["GET"]}}],"collection":[{"href":"https:\/\/artefactjewelry.com\/fr\/wp-json\/wp\/v2\/pages"}],"about":[{"href":"https:\/\/artefactjewelry.com\/fr\/wp-json\/wp\/v2\/types\/page"}],"author":[{"embeddable":true,"href":"https:\/\/artefactjewelry.com\/fr\/wp-json\/wp\/v2\/users\/1"}],"replies":[{"embeddable":true,"href":"https:\/\/artefactjewelry.com\/fr\/wp-json\/wp\/v2\/comments?post=1791"}],"version-history":[{"count":12,"href":"https:\/\/artefactjewelry.com\/fr\/wp-json\/wp\/v2\/pages\/1791\/revisions"}],"predecessor-version":[{"id":3341,"href":"https:\/\/artefactjewelry.com\/fr\/wp-json\/wp\/v2\/pages\/1791\/revisions\/3341"}],"wp:attachment":[{"href":"https:\/\/artefactjewelry.com\/fr\/wp-json\/wp\/v2\/media?parent=1791"}],"curies":[{"name":"wp","href":"https:\/\/api.w.org\/{rel}","templated":true}]}}