{"id":1798,"date":"2024-05-07T13:00:41","date_gmt":"2024-05-07T17:00:41","guid":{"rendered":"https:\/\/artefactjewelry.com\/nous\/"},"modified":"2024-12-25T15:29:58","modified_gmt":"2024-12-25T20:29:58","slug":"nous","status":"publish","type":"page","link":"https:\/\/artefactjewelry.com\/fr\/nous\/","title":{"rendered":"Artefact"},"content":{"rendered":"\t\t<div data-elementor-type=\"wp-page\" data-elementor-id=\"1798\" class=\"elementor elementor-1798 elementor-1093\" data-elementor-post-type=\"page\">\n\t\t\t\t<div class=\"elementor-element elementor-element-6bc0131 e-flex e-con-boxed e-con e-parent\" data-id=\"6bc0131\" data-element_type=\"container\">\n\t\t\t\t\t<div class=\"e-con-inner\">\n\t\t<div class=\"elementor-element elementor-element-60d05ce e-con-full e-flex e-con e-child\" data-id=\"60d05ce\" data-element_type=\"container\">\n\t\t\t\t<div class=\"elementor-element elementor-element-76e4daf elementor-widget elementor-widget-heading\" data-id=\"76e4daf\" data-element_type=\"widget\" data-widget_type=\"heading.default\">\n\t\t\t\t<div class=\"elementor-widget-container\">\n\t\t\t\t\t<h2 class=\"elementor-heading-title elementor-size-default\">Qui sommes-nous ?<\/h2>\t\t\t\t<\/div>\n\t\t\t\t<\/div>\n\t\t\t\t<div class=\"elementor-element elementor-element-47e6441 elementor-widget elementor-widget-text-editor\" data-id=\"47e6441\" data-element_type=\"widget\" data-widget_type=\"text-editor.default\">\n\t\t\t\t<div class=\"elementor-widget-container\">\n\t\t\t\t\t\t\t\t\t<p><strong>Artefact Jewelry<\/strong> est une nouvelle marque de bijoux tendance et innovante, enti\u00e8rement fabriqu\u00e9e \u00e0 la main au <strong>Qu\u00e9bec, Canada<\/strong>. Notre objectif est simple : cr\u00e9er des pi\u00e8ces de haute qualit\u00e9e si uniques et originales que vous ne voudrez plus jamais vous en s\u00e9parer.<\/p>\n<p><strong>Michael et \u00c9lyzabeth<\/strong>, alliant leurs talents artistiques, ont con\u00e7u des collections aussi distinctives qu\u2019embl\u00e9matiques. Ils n&rsquo;ont fait aucun compromis sur la durabilit\u00e9, le souci du d\u00e9tail et la qualit\u00e9 des pierres s\u00e9lectionn\u00e9es. Apr\u00e8s des ann\u00e9es de cr\u00e9ation et de tests autour des pierres et des mat\u00e9riaux, ils garantissent <strong>une qualit\u00e9 optimale<\/strong>.<\/p>\n<p>Nous aspirons \u00e0 ce que Bijoux Artefact devienne <strong>la r\u00e9f\u00e9rence<\/strong> au Qu\u00e9bec et au Canada pour les bijoux faits \u00e0 la main en pierres naturelles de qualit\u00e9es.<\/p>\n\t\t\t\t\t\t\t\t<\/div>\n\t\t\t\t<\/div>\n\t\t\t\t<\/div>\n\t\t<div class=\"elementor-element elementor-element-59695ca e-con-full e-flex e-con e-child\" data-id=\"59695ca\" data-element_type=\"container\">\n\t\t\t\t<div class=\"elementor-element elementor-element-1fffc0b elementor-widget elementor-widget-image\" data-id=\"1fffc0b\" data-element_type=\"widget\" data-widget_type=\"image.default\">\n\t\t\t\t<div class=\"elementor-widget-container\">\n\t\t\t\t\t\t\t\t\t\t\t\t\t\t\t<img fetchpriority=\"high\" decoding=\"async\" width=\"1500\" height=\"1500\" src=\"https:\/\/artefactjewelry.com\/wp-content\/uploads\/2024\/06\/nous.jpg\" class=\"attachment-large size-large wp-image-2966\" alt=\"\" srcset=\"https:\/\/artefactjewelry.com\/wp-content\/uploads\/2024\/06\/nous.jpg 1500w, https:\/\/artefactjewelry.com\/wp-content\/uploads\/2024\/06\/nous-300x300.jpg 300w, https:\/\/artefactjewelry.com\/wp-content\/uploads\/2024\/06\/nous-150x150.jpg 150w, https:\/\/artefactjewelry.com\/wp-content\/uploads\/2024\/06\/nous-768x768.jpg 768w, https:\/\/artefactjewelry.com\/wp-content\/uploads\/2024\/06\/nous-100x100.jpg 100w\" sizes=\"(max-width: 1500px) 100vw, 1500px\" \/>\t\t\t\t\t\t\t\t\t\t\t\t\t\t\t<\/div>\n\t\t\t\t<\/div>\n\t\t\t\t<\/div>\n\t\t\t\t\t<\/div>\n\t\t\t\t<\/div>\n\t\t<div class=\"elementor-element elementor-element-1e1115f e-flex e-con-boxed e-con e-parent\" data-id=\"1e1115f\" data-element_type=\"container\">\n\t\t\t\t\t<div class=\"e-con-inner\">\n\t\t<div class=\"elementor-element elementor-element-b643223 e-con-full e-flex e-con e-child\" data-id=\"b643223\" data-element_type=\"container\">\n\t\t\t\t<div class=\"elementor-element elementor-element-48662e6 elementor-align-center elementor-widget elementor-widget-button\" data-id=\"48662e6\" data-element_type=\"widget\" data-widget_type=\"button.default\">\n\t\t\t\t<div class=\"elementor-widget-container\">\n\t\t\t\t\t\t\t\t\t<div class=\"elementor-button-wrapper\">\n\t\t\t\t\t<a class=\"elementor-button elementor-button-link elementor-size-sm\" href=\"https:\/\/artefactjewelry.com\/fr\/nos-inspirations\/\">\n\t\t\t\t\t\t<span class=\"elementor-button-content-wrapper\">\n\t\t\t\t\t\t\t\t\t<span class=\"elementor-button-text\">NOS INSPIRATIONS<\/span>\n\t\t\t\t\t<\/span>\n\t\t\t\t\t<\/a>\n\t\t\t\t<\/div>\n\t\t\t\t\t\t\t\t<\/div>\n\t\t\t\t<\/div>\n\t\t\t\t<\/div>\n\t\t<div class=\"elementor-element elementor-element-ed71948 e-con-full e-flex e-con e-child\" data-id=\"ed71948\" data-element_type=\"container\" data-settings=\"{&quot;background_background&quot;:&quot;classic&quot;}\">\n\t\t\t\t<div class=\"elementor-element elementor-element-8fc092e elementor-align-center elementor-widget elementor-widget-button\" data-id=\"8fc092e\" data-element_type=\"widget\" data-widget_type=\"button.default\">\n\t\t\t\t<div class=\"elementor-widget-container\">\n\t\t\t\t\t\t\t\t\t<div class=\"elementor-button-wrapper\">\n\t\t\t\t\t<a class=\"elementor-button elementor-button-link elementor-size-sm\" href=\"https:\/\/artefactjewelry.com\/fr\/entretien-des-bijoux\/\">\n\t\t\t\t\t\t<span class=\"elementor-button-content-wrapper\">\n\t\t\t\t\t\t\t\t\t<span class=\"elementor-button-text\">ENTRETIEN DES BIJOUX<\/span>\n\t\t\t\t\t<\/span>\n\t\t\t\t\t<\/a>\n\t\t\t\t<\/div>\n\t\t\t\t\t\t\t\t<\/div>\n\t\t\t\t<\/div>\n\t\t\t\t<\/div>\n\t\t<div class=\"elementor-element elementor-element-e4e22f7 e-con-full e-flex e-con e-child\" data-id=\"e4e22f7\" data-element_type=\"container\" data-settings=\"{&quot;background_background&quot;:&quot;classic&quot;}\">\n\t\t\t\t<div class=\"elementor-element elementor-element-3244268 elementor-align-center elementor-widget elementor-widget-button\" data-id=\"3244268\" data-element_type=\"widget\" data-widget_type=\"button.default\">\n\t\t\t\t<div class=\"elementor-widget-container\">\n\t\t\t\t\t\t\t\t\t<div class=\"elementor-button-wrapper\">\n\t\t\t\t\t<a class=\"elementor-button elementor-button-link elementor-size-sm\" href=\"https:\/\/artefactjewelry.com\/fr\/tableau-des-tailles\/\">\n\t\t\t\t\t\t<span class=\"elementor-button-content-wrapper\">\n\t\t\t\t\t\t\t\t\t<span class=\"elementor-button-text\">TABLEAU DES TAILLES<\/span>\n\t\t\t\t\t<\/span>\n\t\t\t\t\t<\/a>\n\t\t\t\t<\/div>\n\t\t\t\t\t\t\t\t<\/div>\n\t\t\t\t<\/div>\n\t\t\t\t<\/div>\n\t\t<div class=\"elementor-element elementor-element-4e92b88 e-con-full e-flex e-con e-child\" data-id=\"4e92b88\" data-element_type=\"container\" data-settings=\"{&quot;background_background&quot;:&quot;classic&quot;}\">\n\t\t\t\t<div class=\"elementor-element elementor-element-05cf448 elementor-align-center elementor-widget elementor-widget-button\" data-id=\"05cf448\" data-element_type=\"widget\" data-widget_type=\"button.default\">\n\t\t\t\t<div class=\"elementor-widget-container\">\n\t\t\t\t\t\t\t\t\t<div class=\"elementor-button-wrapper\">\n\t\t\t\t\t<a class=\"elementor-button elementor-button-link elementor-size-sm\" href=\"https:\/\/artefactjewelry.com\/fr\/enregistrement-de-lutilisateur\/\">\n\t\t\t\t\t\t<span class=\"elementor-button-content-wrapper\">\n\t\t\t\t\t\t\t\t\t<span class=\"elementor-button-text\">S'INSCRIRE<\/span>\n\t\t\t\t\t<\/span>\n\t\t\t\t\t<\/a>\n\t\t\t\t<\/div>\n\t\t\t\t\t\t\t\t<\/div>\n\t\t\t\t<\/div>\n\t\t\t\t<\/div>\n\t\t\t\t\t<\/div>\n\t\t\t\t<\/div>\n\t\t<div class=\"elementor-element elementor-element-0ee77c3 e-flex e-con-boxed e-con e-parent\" data-id=\"0ee77c3\" data-element_type=\"container\">\n\t\t\t\t\t<div class=\"e-con-inner\">\n\t\t\t\t<div class=\"elementor-element elementor-element-5ef2655 elementor-widget elementor-widget-spacer\" data-id=\"5ef2655\" data-element_type=\"widget\" data-widget_type=\"spacer.default\">\n\t\t\t\t<div class=\"elementor-widget-container\">\n\t\t\t\t\t\t\t<div class=\"elementor-spacer\">\n\t\t\t<div class=\"elementor-spacer-inner\"><\/div>\n\t\t<\/div>\n\t\t\t\t\t\t<\/div>\n\t\t\t\t<\/div>\n\t\t\t\t\t<\/div>\n\t\t\t\t<\/div>\n\t\t\t\t<\/div>\n\t\t","protected":false},"excerpt":{"rendered":"<p>Qui sommes-nous ? Artefact Jewelry est une nouvelle marque de bijoux tendance et innovante, enti\u00e8rement fabriqu\u00e9e \u00e0 la main au Qu\u00e9bec, Canada. Notre objectif est simple : cr\u00e9er des pi\u00e8ces de haute qualit\u00e9e si uniques et originales que vous ne voudrez plus jamais vous en s\u00e9parer. Michael et \u00c9lyzabeth, alliant leurs talents artistiques, ont con\u00e7u [&hellip;]<\/p>\n","protected":false},"author":1,"featured_media":0,"parent":0,"menu_order":0,"comment_status":"closed","ping_status":"closed","template":"","meta":{"footnotes":""},"class_list":["post-1798","page","type-page","status-publish","hentry"],"blocksy_meta":[],"_links":{"self":[{"href":"https:\/\/artefactjewelry.com\/fr\/wp-json\/wp\/v2\/pages\/1798","targetHints":{"allow":["GET"]}}],"collection":[{"href":"https:\/\/artefactjewelry.com\/fr\/wp-json\/wp\/v2\/pages"}],"about":[{"href":"https:\/\/artefactjewelry.com\/fr\/wp-json\/wp\/v2\/types\/page"}],"author":[{"embeddable":true,"href":"https:\/\/artefactjewelry.com\/fr\/wp-json\/wp\/v2\/users\/1"}],"replies":[{"embeddable":true,"href":"https:\/\/artefactjewelry.com\/fr\/wp-json\/wp\/v2\/comments?post=1798"}],"version-history":[{"count":15,"href":"https:\/\/artefactjewelry.com\/fr\/wp-json\/wp\/v2\/pages\/1798\/revisions"}],"predecessor-version":[{"id":3240,"href":"https:\/\/artefactjewelry.com\/fr\/wp-json\/wp\/v2\/pages\/1798\/revisions\/3240"}],"wp:attachment":[{"href":"https:\/\/artefactjewelry.com\/fr\/wp-json\/wp\/v2\/media?parent=1798"}],"curies":[{"name":"wp","href":"https:\/\/api.w.org\/{rel}","templated":true}]}}