{"id":2455,"date":"2024-02-15T23:00:40","date_gmt":"2024-02-16T04:00:40","guid":{"rendered":"https:\/\/artefactjewelry.com\/politique-en-matiere-de-cookies\/"},"modified":"2024-06-14T15:36:55","modified_gmt":"2024-06-14T19:36:55","slug":"politique-en-matiere-de-cookies","status":"publish","type":"page","link":"https:\/\/artefactjewelry.com\/fr\/politique-en-matiere-de-cookies\/","title":{"rendered":"Politique en mati\u00e8re de cookies"},"content":{"rendered":"\t\t<div data-elementor-type=\"wp-page\" data-elementor-id=\"2455\" class=\"elementor elementor-2455 elementor-247\" data-elementor-post-type=\"page\">\n\t\t\t\t<div class=\"elementor-element elementor-element-4feec79 e-flex e-con-boxed e-con e-parent\" data-id=\"4feec79\" data-element_type=\"container\">\n\t\t\t\t\t<div class=\"e-con-inner\">\n\t\t\t\t<div class=\"elementor-element elementor-element-f510c2c elementor-widget elementor-widget-text-editor\" data-id=\"f510c2c\" data-element_type=\"widget\" data-widget_type=\"text-editor.default\">\n\t\t\t\t<div class=\"elementor-widget-container\">\n\t\t\t\t\t\t\t\t\t<h3>Politique en mati\u00e8re de cookies pour Artefact Jewelry<\/h3>\n<\/p>\n<p><strong>Qu&rsquo;est-ce qu&rsquo;un cookie ?<\/strong><br \/>Comme la plupart des sites professionnels, le site Artefact Jewelry utilise des cookies, qui sont de minuscules fichiers t\u00e9l\u00e9charg\u00e9s sur votre ordinateur, afin d&rsquo;am\u00e9liorer votre exp\u00e9rience. Cette page d\u00e9crit les informations qu&rsquo;ils recueillent, l&rsquo;usage que nous en faisons et la raison pour laquelle nous devons parfois stocker ces cookies. Nous vous indiquerons \u00e9galement comment vous pouvez emp\u00eacher ces cookies d&rsquo;\u00eatre stock\u00e9s ; toutefois, cela peut entra\u00eener une d\u00e9gradation ou une interruption de certains \u00e9l\u00e9ments de la fonctionnalit\u00e9 du site.<\/p>\n<p><strong>Comment nous utilisons les cookies<\/strong><br \/>Nous utilisons des cookies pour diverses raisons d\u00e9taill\u00e9es ci-dessous. Malheureusement, dans la plupart des cas, il n&rsquo;existe pas d&rsquo;options standard pour d\u00e9sactiver les cookies sans d\u00e9sactiver compl\u00e8tement les fonctionnalit\u00e9s et les caract\u00e9ristiques qu&rsquo;ils ajoutent \u00e0 ce site. Il est recommand\u00e9 de laisser tous les cookies activ\u00e9s si vous n&rsquo;\u00eates pas s\u00fbr d&rsquo;en avoir besoin ou non, au cas o\u00f9 ils seraient utilis\u00e9s pour fournir un service que vous utilisez.<\/p>\n<p><strong>D\u00e9sactivation des cookies<\/strong><br \/>Vous pouvez emp\u00eacher l&rsquo;installation de cookies en ajustant les param\u00e8tres de votre navigateur (voir l&rsquo;aide de votre navigateur pour savoir comment proc\u00e9der). Sachez que la d\u00e9sactivation des cookies affectera la fonctionnalit\u00e9 de ce site et de nombreux autres sites que vous visitez. La d\u00e9sactivation des cookies entra\u00eene g\u00e9n\u00e9ralement la d\u00e9sactivation de certaines fonctionnalit\u00e9s et caract\u00e9ristiques de ce site. Il est donc recommand\u00e9 de ne pas d\u00e9sactiver les cookies.<\/p>\n<p><strong>Les cookies que nous installons<\/strong><\/p>\n<ul>\n<li><strong>Cookies li\u00e9s au compte :<\/strong> Si vous cr\u00e9ez un compte chez nous, nous utiliserons des cookies pour g\u00e9rer le processus d&rsquo;inscription et l&rsquo;administration g\u00e9n\u00e9rale. Ces cookies sont g\u00e9n\u00e9ralement supprim\u00e9s lorsque vous vous d\u00e9connectez. Toutefois, dans certains cas, ils peuvent rester en place apr\u00e8s la d\u00e9connexion pour se souvenir de vos pr\u00e9f\u00e9rences sur le site.<\/li>\n<li><strong>Cookies de connexion :<\/strong> Nous utilisons des cookies lorsque vous \u00eates connect\u00e9 afin de nous en souvenir. Cela vous \u00e9vite de devoir vous connecter \u00e0 chaque fois que vous visitez une nouvelle page. Ces cookies sont g\u00e9n\u00e9ralement supprim\u00e9s ou effac\u00e9s lorsque vous vous d\u00e9connectez afin de garantir que vous ne puissiez acc\u00e9der \u00e0 des fonctions et zones restreintes que lorsque vous \u00eates connect\u00e9.<\/li>\n<li><strong>Cookies de traitement des commandes :<\/strong> Ce site propose des services de commerce \u00e9lectronique ou de paiement et certains cookies sont essentiels pour garantir que votre commande est m\u00e9moris\u00e9e d&rsquo;une page \u00e0 l&rsquo;autre afin que nous puissions la traiter correctement.<\/li>\n<li><strong>Cookies d&rsquo;enqu\u00eate :<\/strong> De temps \u00e0 autre, nous proposons des enqu\u00eates et des questionnaires aux utilisateurs afin de vous fournir des informations int\u00e9ressantes, des outils utiles ou de mieux comprendre notre base d&rsquo;utilisateurs. Ces enqu\u00eates peuvent utiliser des cookies pour se souvenir des personnes qui ont d\u00e9j\u00e0 particip\u00e9 \u00e0 une enqu\u00eate ou pour vous fournir des r\u00e9sultats exacts lorsque vous changez de page.<\/li>\n<li><strong>Cookies li\u00e9s aux formulaires :<\/strong> Lorsque vous soumettez des donn\u00e9es par le biais d&rsquo;un formulaire, comme ceux que l&rsquo;on trouve sur les pages de contact ou les formulaires de commentaires, des cookies peuvent \u00eatre install\u00e9s pour m\u00e9moriser vos donn\u00e9es d&rsquo;utilisateur en vue d&rsquo;une correspondance ult\u00e9rieure.<\/li>\n<\/ul>\n<p><strong>Cookies de tiers<\/strong> Dans certains cas particuliers, nous utilisons \u00e9galement des cookies fournis par des tiers de confiance. La section suivante d\u00e9taille les cookies de tiers que vous pouvez rencontrer sur ce site :<\/p>\n<ul>\n<li><strong>Cookies analytiques :<\/strong> Ces cookies suivent la fa\u00e7on dont les visiteurs interagissent avec notre site web, ce qui nous permet d&rsquo;analyser et d&rsquo;apporter des am\u00e9liorations. Nous utilisons des fournisseurs d&rsquo;analyses de confiance comme Google Analytics.<\/li>\n<li><strong>Cookies publicitaires :<\/strong> Ces cookies sont utilis\u00e9s pour vous proposer des publicit\u00e9s qui peuvent \u00eatre pertinentes pour vous et vos int\u00e9r\u00eats. Ils sont \u00e9galement utilis\u00e9s pour limiter le nombre de fois que vous voyez une publicit\u00e9 et pour mesurer l&rsquo;efficacit\u00e9 de la campagne publicitaire.<\/li>\n<\/ul>\n<p><strong>Plus d&rsquo;informations<\/strong><br \/>J&rsquo;esp\u00e8re que cela vous a permis de clarifier les choses. Si vous n&rsquo;\u00eates pas s\u00fbr d&rsquo;avoir besoin de quelque chose, il est g\u00e9n\u00e9ralement plus prudent de laisser les cookies activ\u00e9s au cas o\u00f9 ils interagiraient avec l&rsquo;une des fonctions que vous utilisez sur notre site.<\/p>\n<p>Pour plus d&rsquo;informations sur les cookies, et si vous \u00eates toujours \u00e0 la recherche de plus d&rsquo;informations, vous pouvez nous contacter par le biais de nos m\u00e9thodes de contact pr\u00e9f\u00e9r\u00e9es :<\/p>\n<ul>\n<li>Courriel : info@artefactjewelry.com<\/li>\n<\/ul>\n\t\t\t\t\t\t\t\t<\/div>\n\t\t\t\t<\/div>\n\t\t\t\t\t<\/div>\n\t\t\t\t<\/div>\n\t\t\t\t<\/div>\n\t\t","protected":false},"excerpt":{"rendered":"<p>Politique en mati\u00e8re de cookies pour Artefact Jewelry Qu&rsquo;est-ce qu&rsquo;un cookie ?Comme la plupart des sites professionnels, le site Artefact Jewelry utilise des cookies, qui sont de minuscules fichiers t\u00e9l\u00e9charg\u00e9s sur votre ordinateur, afin d&rsquo;am\u00e9liorer votre exp\u00e9rience. Cette page d\u00e9crit les informations qu&rsquo;ils recueillent, l&rsquo;usage que nous en faisons et la raison pour laquelle nous [&hellip;]<\/p>\n","protected":false},"author":1,"featured_media":0,"parent":0,"menu_order":0,"comment_status":"closed","ping_status":"closed","template":"","meta":{"footnotes":""},"class_list":["post-2455","page","type-page","status-publish","hentry"],"blocksy_meta":[],"_links":{"self":[{"href":"https:\/\/artefactjewelry.com\/fr\/wp-json\/wp\/v2\/pages\/2455","targetHints":{"allow":["GET"]}}],"collection":[{"href":"https:\/\/artefactjewelry.com\/fr\/wp-json\/wp\/v2\/pages"}],"about":[{"href":"https:\/\/artefactjewelry.com\/fr\/wp-json\/wp\/v2\/types\/page"}],"author":[{"embeddable":true,"href":"https:\/\/artefactjewelry.com\/fr\/wp-json\/wp\/v2\/users\/1"}],"replies":[{"embeddable":true,"href":"https:\/\/artefactjewelry.com\/fr\/wp-json\/wp\/v2\/comments?post=2455"}],"version-history":[{"count":1,"href":"https:\/\/artefactjewelry.com\/fr\/wp-json\/wp\/v2\/pages\/2455\/revisions"}],"predecessor-version":[{"id":2456,"href":"https:\/\/artefactjewelry.com\/fr\/wp-json\/wp\/v2\/pages\/2455\/revisions\/2456"}],"wp:attachment":[{"href":"https:\/\/artefactjewelry.com\/fr\/wp-json\/wp\/v2\/media?parent=2455"}],"curies":[{"name":"wp","href":"https:\/\/api.w.org\/{rel}","templated":true}]}}