{"id":2457,"date":"2024-02-15T23:00:40","date_gmt":"2024-02-16T04:00:40","guid":{"rendered":"https:\/\/artefactjewelry.com\/clause-de-non-responsabilite\/"},"modified":"2024-06-14T15:41:17","modified_gmt":"2024-06-14T19:41:17","slug":"clause-de-non-responsabilite","status":"publish","type":"page","link":"https:\/\/artefactjewelry.com\/fr\/clause-de-non-responsabilite\/","title":{"rendered":"Clause de non-responsabilit\u00e9"},"content":{"rendered":"\t\t<div data-elementor-type=\"wp-page\" data-elementor-id=\"2457\" class=\"elementor elementor-2457 elementor-249\" data-elementor-post-type=\"page\">\n\t\t\t\t<div class=\"elementor-element elementor-element-f17d858 e-flex e-con-boxed e-con e-parent\" data-id=\"f17d858\" data-element_type=\"container\">\n\t\t\t\t\t<div class=\"e-con-inner\">\n\t\t\t\t<div class=\"elementor-element elementor-element-365bedb elementor-widget elementor-widget-text-editor\" data-id=\"365bedb\" data-element_type=\"widget\" data-widget_type=\"text-editor.default\">\n\t\t\t\t<div class=\"elementor-widget-container\">\n\t\t\t\t\t\t\t\t\t<h3>Avis de non-responsabilit\u00e9 pour Artefact Jewelry<\/h3>\n<\/p>\n<p><strong>Informations g\u00e9n\u00e9rales<\/strong><br \/>L&rsquo;ensemble du contenu et des informations de ce site sont fournis \u00ab\u00a0comme tel\u00a0\u00bb, sans garantie d&rsquo;aucune sorte, expresse ou implicite, y compris, mais sans s&rsquo;y limiter, les garanties implicites de qualit\u00e9 marchande, d&rsquo;ad\u00e9quation \u00e0 un usage particulier ou d&rsquo;absence de contrefa\u00e7on. Les informations contenues dans le site web d&rsquo;Artefact Jewelry sont donn\u00e9es \u00e0 titre d&rsquo;information g\u00e9n\u00e9rale uniquement et ne constituent pas un conseil.<\/p>\n<p><strong>Informations sur le produit<\/strong><br \/>Artefact Jewelry s&rsquo;efforce de s&rsquo;assurer que les informations sur les produits pr\u00e9sent\u00e9es sur le site Web sont exactes et \u00e0 jour. Toutefois, nous ne garantissons pas que les descriptions de produits ou tout autre contenu de ce site soient exacts, complets, fiables, \u00e0 jour ou exempts d&rsquo;erreurs. L&rsquo;apparence r\u00e9elle des produits peut varier. Toutes les tailles et mesures sont approximatives, mais nous nous effor\u00e7ons de les rendre aussi pr\u00e9cises que possible.<\/p>\n<p><strong>Liens externes<\/strong><br \/>Artefact Jewelry peut fournir des liens vers des sites web externes qui ne sont pas g\u00e9r\u00e9s par nous. Ces liens sont fournis pour votre commodit\u00e9 et ne signifient pas que nous approuvons les informations ou les produits trouv\u00e9s sur ces sites. Artefact Jewelry n&rsquo;est pas responsable du contenu ou des pratiques des sites Web externes li\u00e9s et ne fait aucune d\u00e9claration concernant leur contenu ou leur exactitude.<\/p>\n<p><strong>Limitation de la responsabilit\u00e9<\/strong><br \/>Artefact Jewelry ne sera pas responsable des dommages cons\u00e9cutifs, accessoires, indirects, exemplaires, punitifs ou sp\u00e9ciaux li\u00e9s \u00e0 l&rsquo;utilisation, \u00e0 l&rsquo;incapacit\u00e9 d&rsquo;utiliser, ou aux erreurs ou omissions dans le contenu et les fonctions de ce site Web.<\/p>\n<p><strong>Sant\u00e9 et s\u00e9curit\u00e9<\/strong><br \/>Pour les produits n\u00e9cessitant des avertissements sp\u00e9cifiques en mati\u00e8re de sant\u00e9 ou de s\u00e9curit\u00e9, les informations correspondantes seront incluses dans les pages du produit. Les utilisateurs doivent suivre toutes les instructions de s\u00e9curit\u00e9 fournies avec le produit et faire preuve de prudence lorsqu&rsquo;ils l&rsquo;utilisent. Consultez un m\u00e9decin ou un sp\u00e9cialiste de la sant\u00e9 pour votre probl\u00e8me avant d&rsquo;envisager un traitement \u00e0 base de pierres.<\/p>\n<p><strong>Propri\u00e9t\u00e9 intellectuelle<\/strong><br \/>Le contenu de ce site, y compris, mais sans s&rsquo;y limiter, les textes, les graphiques, les logos, les images et les logiciels, est la propri\u00e9t\u00e9 d&rsquo;Artefact Jewelry ou de ses fournisseurs de contenu et est prot\u00e9g\u00e9 par les lois internationales sur les droits d&rsquo;auteur et la propri\u00e9t\u00e9 intellectuelle.<\/p>\n<p><strong>Comp\u00e9tence<\/strong><br \/>Ce site Web est exploit\u00e9 par Artefact Jewelry \u00e0 partir de ses bureaux au Qu\u00e9bec, Canada. Artefact Jewelry ne fait aucune d\u00e9claration quant \u00e0 l&rsquo;ad\u00e9quation ou \u00e0 la disponibilit\u00e9 des \u00e9l\u00e9ments du site Web pour une utilisation dans d&rsquo;autres lieux. Les personnes qui choisissent d&rsquo;acc\u00e9der au site web \u00e0 partir d&rsquo;autres lieux le font de leur propre initiative et sont responsables du respect des lois locales, si et dans la mesure o\u00f9 celles-ci sont applicables.<\/p>\n<p><strong>Modifications de l&rsquo;avis de non-responsabilit\u00e9<\/strong><br \/>Artefact Jewelry se r\u00e9serve le droit de modifier cette clause de non-responsabilit\u00e9 \u00e0 tout moment. Nous encourageons les visiteurs \u00e0 consulter r\u00e9guli\u00e8rement cette page pour prendre connaissance d&rsquo;\u00e9ventuels changements. En continuant \u00e0 utiliser ce site apr\u00e8s toute modification de la pr\u00e9sente clause de non-responsabilit\u00e9, vous acceptez cette modification.<\/p>\n<p><strong>Contactez nous<\/strong><br \/>Si vous avez des questions concernant cette clause de non-responsabilit\u00e9, veuillez nous contacter \u00e0 l&rsquo;adresse suivante : info@artefactjewelry.com<\/p>\n\t\t\t\t\t\t\t\t<\/div>\n\t\t\t\t<\/div>\n\t\t\t\t\t<\/div>\n\t\t\t\t<\/div>\n\t\t\t\t<\/div>\n\t\t","protected":false},"excerpt":{"rendered":"<p>Avis de non-responsabilit\u00e9 pour Artefact Jewelry Informations g\u00e9n\u00e9ralesL&rsquo;ensemble du contenu et des informations de ce site sont fournis \u00ab\u00a0comme tel\u00a0\u00bb, sans garantie d&rsquo;aucune sorte, expresse ou implicite, y compris, mais sans s&rsquo;y limiter, les garanties implicites de qualit\u00e9 marchande, d&rsquo;ad\u00e9quation \u00e0 un usage particulier ou d&rsquo;absence de contrefa\u00e7on. Les informations contenues dans le site web [&hellip;]<\/p>\n","protected":false},"author":1,"featured_media":0,"parent":0,"menu_order":0,"comment_status":"closed","ping_status":"closed","template":"","meta":{"footnotes":""},"class_list":["post-2457","page","type-page","status-publish","hentry"],"blocksy_meta":[],"_links":{"self":[{"href":"https:\/\/artefactjewelry.com\/fr\/wp-json\/wp\/v2\/pages\/2457","targetHints":{"allow":["GET"]}}],"collection":[{"href":"https:\/\/artefactjewelry.com\/fr\/wp-json\/wp\/v2\/pages"}],"about":[{"href":"https:\/\/artefactjewelry.com\/fr\/wp-json\/wp\/v2\/types\/page"}],"author":[{"embeddable":true,"href":"https:\/\/artefactjewelry.com\/fr\/wp-json\/wp\/v2\/users\/1"}],"replies":[{"embeddable":true,"href":"https:\/\/artefactjewelry.com\/fr\/wp-json\/wp\/v2\/comments?post=2457"}],"version-history":[{"count":1,"href":"https:\/\/artefactjewelry.com\/fr\/wp-json\/wp\/v2\/pages\/2457\/revisions"}],"predecessor-version":[{"id":2458,"href":"https:\/\/artefactjewelry.com\/fr\/wp-json\/wp\/v2\/pages\/2457\/revisions\/2458"}],"wp:attachment":[{"href":"https:\/\/artefactjewelry.com\/fr\/wp-json\/wp\/v2\/media?parent=2457"}],"curies":[{"name":"wp","href":"https:\/\/api.w.org\/{rel}","templated":true}]}}