{"id":2462,"date":"2024-02-15T23:00:40","date_gmt":"2024-02-16T04:00:40","guid":{"rendered":"https:\/\/artefactjewelry.com\/politique-de-confidentialite\/"},"modified":"2024-06-14T18:23:34","modified_gmt":"2024-06-14T22:23:34","slug":"politique-de-confidentialite","status":"publish","type":"page","link":"https:\/\/artefactjewelry.com\/fr\/politique-de-confidentialite\/","title":{"rendered":"Politique de confidentialit\u00e9"},"content":{"rendered":"\t\t<div data-elementor-type=\"wp-page\" data-elementor-id=\"2462\" class=\"elementor elementor-2462 elementor-246\" data-elementor-post-type=\"page\">\n\t\t\t\t<div class=\"elementor-element elementor-element-6b402fb e-flex e-con-boxed e-con e-parent\" data-id=\"6b402fb\" data-element_type=\"container\">\n\t\t\t\t\t<div class=\"e-con-inner\">\n\t\t\t\t<div class=\"elementor-element elementor-element-7ae936f elementor-widget elementor-widget-text-editor\" data-id=\"7ae936f\" data-element_type=\"widget\" data-widget_type=\"text-editor.default\">\n\t\t\t\t<div class=\"elementor-widget-container\">\n\t\t\t\t\t\t\t\t\t<h3>Politique de confidentialit\u00e9 d&rsquo;Artefact<\/h3>\n<p><strong>Derni\u00e8re mise \u00e0 jour : 15 juin 2024<\/strong><\/p>\n<p>Cette politique de confidentialit\u00e9 d\u00e9crit la mani\u00e8re dont Artefact (d\u00e9nomm\u00e9e \u00a0\u00bb l&rsquo;entreprise \u00ab\u00a0, \u00a0\u00bb nous \u00ab\u00a0, \u00a0\u00bb notre \u00a0\u00bb ou \u00a0\u00bb nos \u00a0\u00bb dans le pr\u00e9sent document) recueille, utilise et divulgue vos informations personnelles lorsque vous visitez ou effectuez un achat sur le site Artefact (le \u00a0\u00bb service \u00ab\u00a0), accessible depuis Artefactjewelry.com.<\/p>\n<h4>Informations personnelles que nous recueillons<\/h4>\n<p>Lorsque vous visitez le service, nous recueillons automatiquement certaines informations sur votre appareil, notamment sur votre navigateur web, votre adresse IP, votre fuseau horaire et certains des cookies install\u00e9s sur votre appareil. En outre, lorsque vous naviguez sur le service, nous recueillons des informations sur les pages web ou les produits que vous consultez, sur les sites web ou les termes de recherche qui vous ont renvoy\u00e9 au service, ainsi que des informations sur la mani\u00e8re dont vous interagissez avec le service.<\/p>\n<p>Lorsque vous effectuez ou tentez d&rsquo;effectuer un achat par l&rsquo;interm\u00e9diaire du service, nous recueillons certaines informations vous concernant, notamment votre nom, votre adresse de facturation, votre adresse de livraison, vos informations de paiement (y compris les num\u00e9ros de carte de cr\u00e9dit, votre adresse \u00e9lectronique et votre num\u00e9ro de t\u00e9l\u00e9phone). Nous appelons ces informations \u00ab\u00a0informations relatives \u00e0 la commande\u00a0\u00bb.<\/p>\n<h4>Comment nous utilisons vos informations personnelles<\/h4>\n<p>Nous utilisons les informations relatives aux commandes que nous recueillons g\u00e9n\u00e9ralement pour ex\u00e9cuter les commandes pass\u00e9es par l&rsquo;interm\u00e9diaire du service (y compris le traitement de vos informations de paiement, l&rsquo;organisation de l&rsquo;exp\u00e9dition et l&rsquo;envoi de factures et\/ou de confirmations de commande). En outre, nous utilisons ces informations pour :<\/p>\n<ul>\n<li>Communiquer avec vous ;<\/li>\n<li>Examiner nos commandes pour d\u00e9tecter les risques potentiels ou les fraudes ; et<\/li>\n<li>Conform\u00e9ment aux pr\u00e9f\u00e9rences que vous avez partag\u00e9es avec nous, vous fournir des informations ou de la publicit\u00e9 concernant nos produits ou services.<\/li>\n<\/ul>\n<p>Nous utilisons les informations relatives \u00e0 l&rsquo;appareil que nous recueillons pour nous aider \u00e0 d\u00e9tecter les risques et les fraudes potentiels (en particulier, votre adresse IP) et, plus g\u00e9n\u00e9ralement, pour am\u00e9liorer et optimiser notre service (par exemple, en g\u00e9n\u00e9rant des analyses sur la mani\u00e8re dont nos clients naviguent et interagissent avec le service, et pour \u00e9valuer le succ\u00e8s de nos campagnes de marketing et de publicit\u00e9).<\/p>\n<h4>Partage de vos informations personnelles<\/h4>\n<p>Nous partageons vos informations personnelles avec des tiers pour nous aider \u00e0 utiliser vos informations personnelles, comme d\u00e9crit ci-dessus. Par exemple, nous utilisons WordPress\/Woocommerce pour notre boutique en ligne. Nous utilisons \u00e9galement Google Analytics pour nous aider \u00e0 comprendre comment nos clients utilisent le service.<\/p>\n<p>Vous pouvez en savoir plus sur la mani\u00e8re dont Woocommerce utilise vos informations personnelles ici : https:\/\/woocommerce.com\/document\/marketplace-privacy\/.<\/p>\n<p>Enfin, nous pouvons \u00e9galement partager vos informations personnelles pour nous conformer aux lois et r\u00e9glementations applicables, pour r\u00e9pondre \u00e0 une citation \u00e0 compara\u00eetre, \u00e0 un mandat de perquisition ou \u00e0 toute autre demande l\u00e9gale d&rsquo;informations que nous recevons, ou pour prot\u00e9ger nos droits de toute autre mani\u00e8re.<\/p>\n<h4>Publicit\u00e9 comportementale<\/h4>\n<p>Comme d\u00e9crit ci-dessus, nous utilisons vos informations personnelles pour vous fournir des publicit\u00e9s cibl\u00e9es ou des communications marketing que nous pensons susceptibles de vous int\u00e9resser. Pour plus d&rsquo;informations sur le fonctionnement de la publicit\u00e9 cibl\u00e9e, vous pouvez consulter la page \u00e9ducative de la Network Advertising Initiative (\u00ab\u00a0NAI\u00a0\u00bb).<\/p>\n<p>Vous pouvez vous opposer \u00e0 la publicit\u00e9 cibl\u00e9e en proc\u00e9dant comme suit :<\/p>\n<ul>\n<li>[Include opt-out links from whichever services being used].<\/li>\n<li>Les liens les plus courants sont les suivants :\n<ul>\n<li>Facebook : [Facebook Ad Preferences]<\/li>\n<li>Google : [Google Ad Settings]<\/li>\n<li>Bing : [Bing Ad Settings]<\/li>\n<\/ul>\n<\/li>\n<\/ul>\n<p>En outre, vous pouvez vous d\u00e9sinscrire de certains de ces services en visitant le portail de d\u00e9sinscription de la Digital Advertising Alliance (Alliance pour la publicit\u00e9 num\u00e9rique) \u00e0 l&rsquo;adresse : [DAA Opt-Out Portal].<\/p>\n<h4>Vos droits<\/h4>\n<p>Si vous r\u00e9sidez au Qu\u00e9bec, vous avez le droit d&rsquo;acc\u00e9der aux informations personnelles que nous d\u00e9tenons \u00e0 votre sujet et de demander qu&rsquo;elles soient corrig\u00e9es, mises \u00e0 jour ou supprim\u00e9es. Si vous souhaitez exercer ce droit, veuillez nous contacter en utilisant les coordonn\u00e9es ci-dessous.<\/p>\n<p>En outre, si vous r\u00e9sidez au Qu\u00e9bec, nous notons que nous traitons vos informations afin d&rsquo;ex\u00e9cuter les contrats que nous pourrions avoir avec vous (par exemple si vous passez une commande par l&rsquo;interm\u00e9diaire du Service), ou autrement pour poursuivre nos int\u00e9r\u00eats commerciaux l\u00e9gitimes \u00e9num\u00e9r\u00e9s ci-dessus.<\/p>\n<h4>Conservation des donn\u00e9es<\/h4>\n<p>Lorsque vous passez une commande par l&rsquo;interm\u00e9diaire du service, nous conservons les informations relatives \u00e0 votre commande dans nos dossiers, \u00e0 moins que vous ne nous demandiez de supprimer ces informations.<\/p>\n<h4>Changements<\/h4>\n<p>Nous pouvons mettre \u00e0 jour cette politique de confidentialit\u00e9 de temps \u00e0 autre afin de refl\u00e9ter, par exemple, des modifications de nos pratiques ou pour d&rsquo;autres raisons op\u00e9rationnelles, juridiques ou r\u00e9glementaires.<\/p>\n<p>Au Qu\u00e9bec, le projet de loi 64 a consid\u00e9rablement mis \u00e0 jour les r\u00e9glementations en mati\u00e8re de protection de la vie priv\u00e9e, en les alignant plus \u00e9troitement sur le GDPR, la norme de protection des donn\u00e9es de l&rsquo;Union europ\u00e9enne. Cette nouvelle l\u00e9gislation met l&rsquo;accent sur la transparence et le consentement de l&rsquo;utilisateur pour l&rsquo;utilisation des donn\u00e9es personnelles. Elle oblige les entreprises \u00e0 informer les utilisateurs de la collecte et de l&rsquo;utilisation de leurs donn\u00e9es personnelles, \u00e0 garantir la s\u00e9curit\u00e9 de ces donn\u00e9es et \u00e0 signaler toute atteinte \u00e0 la vie priv\u00e9e aux autorit\u00e9s et aux personnes concern\u00e9es. Les entreprises doivent \u00e9galement conserver les enregistrements de ces incidents pendant cinq ans.<\/p>\n<p>Ces r\u00e8glements ont de multiples facettes :<\/p>\n<ul>\n<li><strong>Transparence et consentement<\/strong>: Lorsqu&rsquo;elles collectent des donn\u00e9es \u00e0 caract\u00e8re personnel, les entreprises doivent informer clairement les personnes concern\u00e9es de la collecte de donn\u00e9es et de son objectif, afin de leur permettre de donner leur consentement en toute connaissance de cause.<\/li>\n<li><strong>Protocoles relatifs aux atteintes \u00e0 la vie priv\u00e9e<\/strong>: Les entreprises sont tenues de signaler \u00e0 la Commission d&rsquo;acc\u00e8s \u00e0 l&rsquo;information du Qu\u00e9bec (CAI) les violations qui pr\u00e9sentent un risque important pour les personnes et d&rsquo;en informer les personnes concern\u00e9es.<\/li>\n<li><strong>Gestion des donn\u00e9es<\/strong>: Les entreprises ne doivent collecter que les informations n\u00e9cessaires, veiller \u00e0 ce qu&rsquo;elles soient stock\u00e9es en toute s\u00e9curit\u00e9 et les d\u00e9truire lorsqu&rsquo;elles ne sont plus n\u00e9cessaires \u00e0 des fins l\u00e9gales ou commerciales.<\/li>\n<\/ul>\n<p>Ces changements sont entr\u00e9s en vigueur progressivement de septembre 2021 \u00e0 septembre 2024, marquant un changement majeur vers des droits \u00e0 la vie priv\u00e9e renforc\u00e9s pour les individus et des responsabilit\u00e9s accrues pour les entreprises op\u00e9rant au Qu\u00e9bec<span class=\"\" data-state=\"closed\"><span class=\"text-token-text-secondary\"> (<\/span> <a class=\"text-green-600 !no-underline\" href=\"https:\/\/www.blg.com\/en\/insights\/2021\/11\/quebec-privacy-law-reform-a-compliance-guide-for-organizations\" target=\"_blank\" rel=\"noopener noreferrer\">BLG<\/a> <span class=\"text-token-text-secondary\">)<\/span><\/span><span class=\"\" data-state=\"closed\"><span class=\"text-token-text-secondary\"> (<\/span> <a class=\"text-green-600 !no-underline\" href=\"https:\/\/www.retailcouncil.org\/articles\/privacy-breaches-quebec-releases-final-regulations-for-confidentiality-incident-reporting\/\" target=\"_blank\" rel=\"noopener noreferrer\">Conseil canadien du commerce de d\u00e9tail<\/a> <span class=\"text-token-text-secondary\">)<\/span><\/span><span class=\"\" data-state=\"closed\"><span class=\"text-token-text-secondary\"> (<\/span> <a class=\"text-green-600 !no-underline\" href=\"https:\/\/www.blg.com\/en\/insights\/2021\/09\/quebec-adopts-bill-64-key-requirements-for-businesses\" target=\"_blank\" rel=\"noopener noreferrer\">BLG<\/a> <span class=\"text-token-text-secondary\">)<\/span><\/span>.<\/p>\n<h4>Contactez nous<\/h4>\n<p>Pour plus d&rsquo;informations sur nos pratiques en mati\u00e8re de protection de la vie priv\u00e9e, si vous avez des questions ou si vous souhaitez d\u00e9poser une plainte, veuillez nous contacter par courrier \u00e9lectronique \u00e0 l&rsquo;adresse suivante : info@artefactjewelry.com.<\/p>\n\t\t\t\t\t\t\t\t<\/div>\n\t\t\t\t<\/div>\n\t\t\t\t\t<\/div>\n\t\t\t\t<\/div>\n\t\t\t\t<\/div>\n\t\t","protected":false},"excerpt":{"rendered":"<p>Politique de confidentialit\u00e9 d&rsquo;Artefact Derni\u00e8re mise \u00e0 jour : 15 juin 2024 Cette politique de confidentialit\u00e9 d\u00e9crit la mani\u00e8re dont Artefact (d\u00e9nomm\u00e9e \u00a0\u00bb l&rsquo;entreprise \u00ab\u00a0, \u00a0\u00bb nous \u00ab\u00a0, \u00a0\u00bb notre \u00a0\u00bb ou \u00a0\u00bb nos \u00a0\u00bb dans le pr\u00e9sent document) recueille, utilise et divulgue vos informations personnelles lorsque vous visitez ou effectuez un achat sur le [&hellip;]<\/p>\n","protected":false},"author":1,"featured_media":0,"parent":0,"menu_order":0,"comment_status":"closed","ping_status":"closed","template":"","meta":{"footnotes":""},"class_list":["post-2462","page","type-page","status-publish","hentry"],"blocksy_meta":[],"_links":{"self":[{"href":"https:\/\/artefactjewelry.com\/fr\/wp-json\/wp\/v2\/pages\/2462","targetHints":{"allow":["GET"]}}],"collection":[{"href":"https:\/\/artefactjewelry.com\/fr\/wp-json\/wp\/v2\/pages"}],"about":[{"href":"https:\/\/artefactjewelry.com\/fr\/wp-json\/wp\/v2\/types\/page"}],"author":[{"embeddable":true,"href":"https:\/\/artefactjewelry.com\/fr\/wp-json\/wp\/v2\/users\/1"}],"replies":[{"embeddable":true,"href":"https:\/\/artefactjewelry.com\/fr\/wp-json\/wp\/v2\/comments?post=2462"}],"version-history":[{"count":1,"href":"https:\/\/artefactjewelry.com\/fr\/wp-json\/wp\/v2\/pages\/2462\/revisions"}],"predecessor-version":[{"id":2463,"href":"https:\/\/artefactjewelry.com\/fr\/wp-json\/wp\/v2\/pages\/2462\/revisions\/2463"}],"wp:attachment":[{"href":"https:\/\/artefactjewelry.com\/fr\/wp-json\/wp\/v2\/media?parent=2462"}],"curies":[{"name":"wp","href":"https:\/\/api.w.org\/{rel}","templated":true}]}}