{"id":2464,"date":"2024-02-11T12:57:16","date_gmt":"2024-02-11T17:57:16","guid":{"rendered":"https:\/\/artefactjewelry.com\/politique-de-remboursement-et-de-retour\/"},"modified":"2024-06-14T18:27:29","modified_gmt":"2024-06-14T22:27:29","slug":"politique-de-remboursement-et-de-retour","status":"publish","type":"page","link":"https:\/\/artefactjewelry.com\/fr\/politique-de-remboursement-et-de-retour\/","title":{"rendered":"Politique de remboursement et de retour"},"content":{"rendered":"\t\t<div data-elementor-type=\"wp-page\" data-elementor-id=\"2464\" class=\"elementor elementor-2464 elementor-18\" data-elementor-post-type=\"page\">\n\t\t\t\t<div class=\"elementor-element elementor-element-361ba1bd e-flex e-con-boxed e-con e-parent\" data-id=\"361ba1bd\" data-element_type=\"container\">\n\t\t\t\t\t<div class=\"e-con-inner\">\n\t\t\t\t<div class=\"elementor-element elementor-element-2b2d3988 elementor-widget elementor-widget-text-editor\" data-id=\"2b2d3988\" data-element_type=\"widget\" data-widget_type=\"text-editor.default\">\n\t\t\t\t<div class=\"elementor-widget-container\">\n\t\t\t\t\t\t\t\t\t<h3>Politique de retour et d&rsquo;\u00e9change<\/h3>\n<h4>Retours et \u00e9changes nationaux<\/h4>\n<p>Chez Artefact, votre satisfaction est primordiale. Si vous n&rsquo;\u00eates pas enti\u00e8rement satisfait de votre achat, vous pouvez retourner ou \u00e9changer vos articles dans les 30 jours suivant leur r\u00e9ception. Veuillez vous assurer que les articles retourn\u00e9s parviennent \u00e0 notre bureau dans ce d\u00e9lai pour qu&rsquo;ils puissent \u00eatre pris en compte.<\/p>\n<p><strong>\u00c9ligibilit\u00e9 aux retours\/\u00e9changes :<\/strong><\/p>\n<ul>\n<li>Les articles doivent \u00eatre dans leur \u00e9tat d&rsquo;origine, non port\u00e9s, y compris l&#8217;emballage d&rsquo;origine, les pochettes et les bo\u00eetes.<\/li>\n<li>Les articles en vente finale, y compris les articles en solde, les commandes sp\u00e9ciales et les bijoux personnalis\u00e9s, ne peuvent \u00eatre retourn\u00e9s ou \u00e9chang\u00e9s. Nous vous recommandons de nous contacter si vous avez des questions avant d&rsquo;acheter ces articles.<\/li>\n<\/ul>\n<p><strong>Processus :<\/strong><\/p>\n<ul>\n<li>Les retours et les \u00e9changes seront trait\u00e9s dans les 7 jours ouvrables suivant la r\u00e9ception de votre\/vos article(s).<\/li>\n<li>Vous recevrez un courriel de confirmation une fois que votre retour aura \u00e9t\u00e9 trait\u00e9 et que votre remboursement aura \u00e9t\u00e9 effectu\u00e9.<\/li>\n<\/ul>\n<p><strong>Responsabilit\u00e9 :<\/strong><\/p>\n<ul>\n<li>Artefact n&rsquo;est pas responsable des colis perdus ou endommag\u00e9s pendant le transport. Nous vous recommandons vivement d&rsquo;assurer votre envoi de retour pour sa valeur totale.<\/li>\n<\/ul>\n<h4>Retours et \u00e9changes internationaux<\/h4>\n<p>Les conditions de retour et d&rsquo;\u00e9change au niveau international sont identiques \u00e0 celles du niveau national :<\/p>\n<ul>\n<li>Les clients sont responsables de tous les frais de retour, sauf si le retour est d\u00fb \u00e0 un article endommag\u00e9 ou \u00e0 une erreur de notre part.<\/li>\n<li>Artefact ne propose pas d&rsquo;\u00e9tiquettes de retour pr\u00e9pay\u00e9es.<\/li>\n<\/ul>\n<p><strong>Douanes et droits :<\/strong><\/p>\n<ul>\n<li>Les droits et taxes ne sont pas inclus dans le prix du produit ni dans les frais d&rsquo;exp\u00e9dition et sont fix\u00e9s par le pays de destination. Le destinataire est responsable du paiement de tous les droits et taxes encourus.<\/li>\n<li>Remarque : si les frais de douane sont refus\u00e9s au moment de la livraison, les frais de retour seront factur\u00e9s et d\u00e9duits de votre remboursement.<\/li>\n<\/ul>\n<h4>Annulation d&rsquo;une commande<\/h4>\n<p>Si vous souhaitez annuler une commande, veuillez nous contacter par courrier \u00e9lectronique dans les 4 heures suivant votre commande.<\/p>\n<\/p>\n<h3>Pour retourner ou \u00e9changer<\/h3>\n<p><span style=\"box-sizing: inherit; color: rgba(0, 0, 0, 0.75); font-family: 'Open Sans', sans-serif; font-size: 16px; letter-spacing: 0.6px;\">Pour effectuer un retour, vous devez d&rsquo;abord nous contacter \u00e0 l&rsquo;adresse suivante : info@artefactjewelry.com<\/span><\/p>\n<p><span style=\"box-sizing: inherit; color: rgba(0, 0, 0, 0.75); font-family: 'Open Sans', sans-serif; font-size: 16px; letter-spacing: 0.6px;\"> Veuillez noter que les retours doivent \u00eatre envoy\u00e9s \u00e0 l&rsquo;adresse suivante : 543-9000 Boulevard Leduc #112, Brossard, QC, Canada, J4Y 0E6<\/span><\/p>\n\t\t\t\t\t\t\t\t<\/div>\n\t\t\t\t<\/div>\n\t\t\t\t\t<\/div>\n\t\t\t\t<\/div>\n\t\t\t\t<\/div>\n\t\t","protected":false},"excerpt":{"rendered":"<p>Politique de retour et d&rsquo;\u00e9change Retours et \u00e9changes nationaux Chez Artefact, votre satisfaction est primordiale. Si vous n&rsquo;\u00eates pas enti\u00e8rement satisfait de votre achat, vous pouvez retourner ou \u00e9changer vos articles dans les 30 jours suivant leur r\u00e9ception. Veuillez vous assurer que les articles retourn\u00e9s parviennent \u00e0 notre bureau dans ce d\u00e9lai pour qu&rsquo;ils puissent [&hellip;]<\/p>\n","protected":false},"author":1,"featured_media":0,"parent":0,"menu_order":0,"comment_status":"closed","ping_status":"closed","template":"","meta":{"footnotes":""},"class_list":["post-2464","page","type-page","status-publish","hentry"],"blocksy_meta":[],"_links":{"self":[{"href":"https:\/\/artefactjewelry.com\/fr\/wp-json\/wp\/v2\/pages\/2464","targetHints":{"allow":["GET"]}}],"collection":[{"href":"https:\/\/artefactjewelry.com\/fr\/wp-json\/wp\/v2\/pages"}],"about":[{"href":"https:\/\/artefactjewelry.com\/fr\/wp-json\/wp\/v2\/types\/page"}],"author":[{"embeddable":true,"href":"https:\/\/artefactjewelry.com\/fr\/wp-json\/wp\/v2\/users\/1"}],"replies":[{"embeddable":true,"href":"https:\/\/artefactjewelry.com\/fr\/wp-json\/wp\/v2\/comments?post=2464"}],"version-history":[{"count":1,"href":"https:\/\/artefactjewelry.com\/fr\/wp-json\/wp\/v2\/pages\/2464\/revisions"}],"predecessor-version":[{"id":2465,"href":"https:\/\/artefactjewelry.com\/fr\/wp-json\/wp\/v2\/pages\/2464\/revisions\/2465"}],"wp:attachment":[{"href":"https:\/\/artefactjewelry.com\/fr\/wp-json\/wp\/v2\/media?parent=2464"}],"curies":[{"name":"wp","href":"https:\/\/api.w.org\/{rel}","templated":true}]}}