{"id":2467,"date":"2024-06-14T13:36:49","date_gmt":"2024-06-14T17:36:49","guid":{"rendered":"https:\/\/artefactjewelry.com\/politique-dexpedition\/"},"modified":"2024-06-14T18:29:40","modified_gmt":"2024-06-14T22:29:40","slug":"politique-dexpedition","status":"publish","type":"page","link":"https:\/\/artefactjewelry.com\/fr\/politique-dexpedition\/","title":{"rendered":"Politique d&rsquo;exp\u00e9dition"},"content":{"rendered":"\t\t<div data-elementor-type=\"wp-page\" data-elementor-id=\"2467\" class=\"elementor elementor-2467 elementor-2402\" data-elementor-post-type=\"page\">\n\t\t\t\t<div class=\"elementor-element elementor-element-c9967a6 e-flex e-con-boxed e-con e-parent\" data-id=\"c9967a6\" data-element_type=\"container\">\n\t\t\t\t\t<div class=\"e-con-inner\">\n\t\t\t\t<div class=\"elementor-element elementor-element-14b8f30 elementor-widget elementor-widget-text-editor\" data-id=\"14b8f30\" data-element_type=\"widget\" data-widget_type=\"text-editor.default\">\n\t\t\t\t<div class=\"elementor-widget-container\">\n\t\t\t\t\t\t\t\t\t<p>POLITIQUE D&rsquo;EXP\u00c9DITION <\/p>\n<\/p>\n<p>Tous les produits sont exp\u00e9di\u00e9s depuis notre entrep\u00f4t au Canada. Les d\u00e9lais de livraison varient en fonction de votre pays de r\u00e9sidence.<\/p>\n<p>Qu\u00e9bec, Canada : 2-7 jours<\/p>\n<p>Canada : 3-10 jours<\/p>\n<p>\u00c9tats-Unis : 7-15 jours<\/p>\n<p>Europe et Asie : 7-15 jours<\/p>\n<p>Reste du monde : 7-20 jours<\/p>\n<\/p>\n<p>Certaines r\u00e9gions \u00e9loign\u00e9es peuvent prendre un peu plus de temps, mais nous vous les livrerons !<\/p>\n<\/p>\n<p>Les d\u00e9lais de livraison indiqu\u00e9s sont des estimations calcul\u00e9es \u00e0 partir de la date d&rsquo;exp\u00e9dition de la commande, sans tenir compte du temps de traitement.<\/p>\n<\/p>\n<p>Les livraisons peuvent prendre plus de temps que pr\u00e9vu en raison d&rsquo;adresses de livraison incorrectes, de mauvaises conditions m\u00e9t\u00e9orologiques, de proc\u00e9dures de d\u00e9douanement strictes ou de toute autre circonstance in\u00e9vitable.<\/p>\n<\/p>\n<p>Il est recommand\u00e9 de fournir un num\u00e9ro de t\u00e9l\u00e9phone lors du paiement afin d&rsquo;\u00e9viter tout retard si nos transporteurs rencontrent des probl\u00e8mes lors de la livraison.<\/p>\n<\/p>\n<p>Nous ne remboursons pas les articles envoy\u00e9s \u00e0 une adresse incorrecte fournie par le client. Assurez-vous que l&rsquo;adresse que vous fournissez est exacte.<\/p>\n<\/p>\n<p><b>CONFIRMATION DE COMMANDE<\/b><\/p>\n<\/p>\n<p>Apr\u00e8s le traitement du paiement, un courriel de confirmation de la commande sera envoy\u00e9 \u00e0 l&rsquo;adresse \u00e9lectronique fournie lors du paiement. Une fois que l&rsquo;e-mail de confirmation de la commande a \u00e9t\u00e9 envoy\u00e9, le traitement de votre commande commence. (v\u00e9rifiez votre courrier ind\u00e9sirable si vous ne le trouvez pas)<\/p>\n<\/p>\n<p>Si vous avez des questions, envoyez-nous un courriel \u00e0 <strong>info@artefactjewelry.com<\/strong> et un membre de notre \u00e9quipe se fera un plaisir de vous aider !<\/p>\n\t\t\t\t\t\t\t\t<\/div>\n\t\t\t\t<\/div>\n\t\t\t\t\t<\/div>\n\t\t\t\t<\/div>\n\t\t\t\t<\/div>\n\t\t","protected":false},"excerpt":{"rendered":"<p>POLITIQUE D&rsquo;EXP\u00c9DITION Tous les produits sont exp\u00e9di\u00e9s depuis notre entrep\u00f4t au Canada. Les d\u00e9lais de livraison varient en fonction de votre pays de r\u00e9sidence. Qu\u00e9bec, Canada : 2-7 jours Canada : 3-10 jours \u00c9tats-Unis : 7-15 jours Europe et Asie : 7-15 jours Reste du monde : 7-20 jours Certaines r\u00e9gions \u00e9loign\u00e9es peuvent prendre un [&hellip;]<\/p>\n","protected":false},"author":1,"featured_media":0,"parent":0,"menu_order":0,"comment_status":"closed","ping_status":"closed","template":"","meta":{"footnotes":""},"class_list":["post-2467","page","type-page","status-publish","hentry"],"blocksy_meta":[],"_links":{"self":[{"href":"https:\/\/artefactjewelry.com\/fr\/wp-json\/wp\/v2\/pages\/2467","targetHints":{"allow":["GET"]}}],"collection":[{"href":"https:\/\/artefactjewelry.com\/fr\/wp-json\/wp\/v2\/pages"}],"about":[{"href":"https:\/\/artefactjewelry.com\/fr\/wp-json\/wp\/v2\/types\/page"}],"author":[{"embeddable":true,"href":"https:\/\/artefactjewelry.com\/fr\/wp-json\/wp\/v2\/users\/1"}],"replies":[{"embeddable":true,"href":"https:\/\/artefactjewelry.com\/fr\/wp-json\/wp\/v2\/comments?post=2467"}],"version-history":[{"count":1,"href":"https:\/\/artefactjewelry.com\/fr\/wp-json\/wp\/v2\/pages\/2467\/revisions"}],"predecessor-version":[{"id":2468,"href":"https:\/\/artefactjewelry.com\/fr\/wp-json\/wp\/v2\/pages\/2467\/revisions\/2468"}],"wp:attachment":[{"href":"https:\/\/artefactjewelry.com\/fr\/wp-json\/wp\/v2\/media?parent=2467"}],"curies":[{"name":"wp","href":"https:\/\/api.w.org\/{rel}","templated":true}]}}