{"id":2469,"date":"2024-02-15T23:00:40","date_gmt":"2024-02-16T04:00:40","guid":{"rendered":"https:\/\/artefactjewelry.com\/conditions-generales-dutilisation\/"},"modified":"2024-06-14T18:55:16","modified_gmt":"2024-06-14T22:55:16","slug":"conditions-generales-dutilisation","status":"publish","type":"page","link":"https:\/\/artefactjewelry.com\/fr\/conditions-generales-dutilisation\/","title":{"rendered":"Conditions g\u00e9n\u00e9rales d&rsquo;utilisation"},"content":{"rendered":"\t\t<div data-elementor-type=\"wp-page\" data-elementor-id=\"2469\" class=\"elementor elementor-2469 elementor-250\" data-elementor-post-type=\"page\">\n\t\t\t\t<div class=\"elementor-element elementor-element-8edfc2d e-flex e-con-boxed e-con e-parent\" data-id=\"8edfc2d\" data-element_type=\"container\">\n\t\t\t\t\t<div class=\"e-con-inner\">\n\t\t\t\t<div class=\"elementor-element elementor-element-544916a elementor-widget elementor-widget-text-editor\" data-id=\"544916a\" data-element_type=\"widget\" data-widget_type=\"text-editor.default\">\n\t\t\t\t<div class=\"elementor-widget-container\">\n\t\t\t\t\t\t\t\t\t<h3>Conditions g\u00e9n\u00e9rales d&rsquo;utilisation<\/h3>\n<p><strong>Derni\u00e8re mise \u00e0 jour : 15 juin 2024<\/strong><\/p>\n<p>Veuillez lire attentivement ces conditions avant d&rsquo;utiliser notre service.<\/p>\n<h4>Interpr\u00e9tation et d\u00e9finitions<\/h4>\n<p><strong>Interpr\u00e9tation<\/strong><\/p>\n<p>Les mots dont la lettre initiale est en majuscule ont des significations d\u00e9finies dans les conditions suivantes. Les d\u00e9finitions suivantes ont la m\u00eame signification, qu&rsquo;elles apparaissent au singulier ou au pluriel.<\/p>\n<p><strong>D\u00e9finitions<\/strong><\/p>\n<p>Aux fins des pr\u00e9sentes conditions g\u00e9n\u00e9rales :<\/p>\n<ul>\n<li><strong>Affili\u00e9<\/strong>: une entit\u00e9 qui contr\u00f4le, est contr\u00f4l\u00e9e par ou est sous contr\u00f4le commun avec une partie, le terme \u00ab\u00a0contr\u00f4le\u00a0\u00bb d\u00e9signant la propri\u00e9t\u00e9 de 50 % ou plus des actions, participations ou autres titres donnant droit \u00e0 un vote pour l&rsquo;\u00e9lection des administrateurs ou de toute autre autorit\u00e9 de gestion.<\/li>\n<li><strong>Compte<\/strong> d\u00e9signe un compte unique cr\u00e9\u00e9 pour vous afin d&rsquo;acc\u00e9der \u00e0 notre service ou \u00e0 des parties de notre service.<\/li>\n<li>Le <strong>pays<\/strong> se r\u00e9f\u00e8re au : Qu\u00e9bec, Canada<\/li>\n<li>L&rsquo;<strong>entreprise<\/strong> (d\u00e9sign\u00e9e par \u00a0\u00bb l&rsquo;entreprise \u00ab\u00a0, \u00a0\u00bb nous \u00ab\u00a0, \u00a0\u00bb notre \u00a0\u00bb ou \u00a0\u00bb nos \u00a0\u00bb dans le pr\u00e9sent accord) fait r\u00e9f\u00e9rence \u00e0 Artefact Jewelry.<\/li>\n<li><strong>Appareil<\/strong>: tout appareil pouvant acc\u00e9der au Service, tel qu&rsquo;un ordinateur, un t\u00e9l\u00e9phone portable ou une tablette num\u00e9rique.<\/li>\n<li>Les <strong>marchandises<\/strong> d\u00e9signent les articles propos\u00e9s \u00e0 la vente sur le service.<\/li>\n<li>Par <strong>commande<\/strong>, on entend une demande d&rsquo;achat de marchandises que vous nous adressez.<\/li>\n<li>Les <strong>promotions<\/strong> d\u00e9signent les concours, les tirages au sort ou d&rsquo;autres promotions propos\u00e9s par le biais du service.<\/li>\n<li>Le <strong>service<\/strong> fait r\u00e9f\u00e9rence au site web.<\/li>\n<li><strong>Conditions<\/strong> g\u00e9n\u00e9rales (\u00e9galement appel\u00e9es \u00a0\u00bb conditions \u00ab\u00a0) : les pr\u00e9sentes conditions g\u00e9n\u00e9rales qui constituent l&rsquo;int\u00e9gralit\u00e9 de l&rsquo;accord entre vous et la soci\u00e9t\u00e9 concernant l&rsquo;utilisation du service.<\/li>\n<li><strong>Service de m\u00e9dias sociaux tiers<\/strong>: tout service ou contenu (y compris les donn\u00e9es, informations, produits ou services) fourni par un tiers qui peut \u00eatre affich\u00e9, inclus ou mis \u00e0 disposition par le Service.<\/li>\n<li>Le <strong>site web<\/strong> fait r\u00e9f\u00e9rence \u00e0 Artefact Jewelry, accessible \u00e0 partir de artefactjewelry.com.<\/li>\n<li><strong>Vous<\/strong> \u00eates la personne qui acc\u00e8de au service ou qui l&rsquo;utilise, ou la soci\u00e9t\u00e9 ou autre entit\u00e9 juridique au nom de laquelle cette personne acc\u00e8de au service ou l&rsquo;utilise, selon le cas.<\/li>\n<\/ul>\n<h4>Remerciements<\/h4>\n<p>Il s&rsquo;agit des conditions g\u00e9n\u00e9rales r\u00e9gissant l&rsquo;utilisation de ce service et de l&rsquo;accord conclu entre vous et la soci\u00e9t\u00e9. Les pr\u00e9sentes conditions g\u00e9n\u00e9rales d\u00e9finissent les droits et obligations de tous les utilisateurs en ce qui concerne l&rsquo;utilisation du service.<\/p>\n<p>Votre acc\u00e8s et votre utilisation du service sont conditionn\u00e9s par votre acceptation et votre respect des pr\u00e9sentes conditions g\u00e9n\u00e9rales. Les pr\u00e9sentes conditions g\u00e9n\u00e9rales s&rsquo;appliquent \u00e0 tous les visiteurs, utilisateurs et autres personnes qui acc\u00e8dent au service ou l&rsquo;utilisent.<\/p>\n<p>En acc\u00e9dant au service ou en l&rsquo;utilisant, vous acceptez d&rsquo;\u00eatre li\u00e9 par les pr\u00e9sentes conditions g\u00e9n\u00e9rales. Si vous n&rsquo;\u00eates pas d&rsquo;accord avec une partie de ces conditions g\u00e9n\u00e9rales, vous ne pouvez pas acc\u00e9der au service.<\/p>\n<p>Vous d\u00e9clarez \u00eatre \u00e2g\u00e9 de plus de 18 ans. La soci\u00e9t\u00e9 n&rsquo;autorise pas les personnes de moins de 18 ans \u00e0 utiliser le service.<\/p>\n<p>Votre acc\u00e8s et votre utilisation du service sont \u00e9galement conditionn\u00e9s par votre acceptation et votre respect de la politique de confidentialit\u00e9 de la soci\u00e9t\u00e9. Notre politique de confidentialit\u00e9 d\u00e9crit nos politiques et proc\u00e9dures en mati\u00e8re de collecte, d&rsquo;utilisation et de divulgation de vos informations personnelles lorsque vous utilisez l&rsquo;application ou le site web et vous informe de vos droits en mati\u00e8re de confidentialit\u00e9 et de la mani\u00e8re dont la loi vous prot\u00e8ge. Veuillez lire attentivement notre politique de confidentialit\u00e9 avant d&rsquo;utiliser notre service.<\/p>\n<h4>Passer des commandes de marchandises<\/h4>\n<p>En passant une commande de marchandises par l&rsquo;interm\u00e9diaire du service, vous garantissez que vous \u00eates juridiquement capable de conclure des contrats contraignants.<\/p>\n<p>Vos informations Si vous souhaitez passer une commande de produits disponibles sur le Service, il peut vous \u00eatre demand\u00e9 de fournir certaines informations relatives \u00e0 votre commande, y compris, sans limitation, votre nom, votre adresse \u00e9lectronique, votre num\u00e9ro de t\u00e9l\u00e9phone, votre num\u00e9ro de carte de cr\u00e9dit, la date d&rsquo;expiration de votre carte de cr\u00e9dit, votre adresse de facturation et vos informations d&rsquo;exp\u00e9dition.<\/p>\n<p>Vous d\u00e9clarez et garantissez que (i) vous avez l\u00e9galement le droit d&rsquo;utiliser toute(s) carte(s) de cr\u00e9dit ou de d\u00e9bit ou tout(s) autre(s) mode(s) de paiement en relation avec toute commande ; et que (ii) les informations que vous nous fournissez sont vraies, correctes et compl\u00e8tes.<\/p>\n<p>En soumettant ces informations, vous nous accordez le droit de les fournir \u00e0 des tiers charg\u00e9s du traitement des paiements afin de faciliter l&rsquo;ex\u00e9cution de votre commande.<\/p>\n<p><strong>Annulation de la commande<\/strong><\/p>\n<p>Nous nous r\u00e9servons le droit de refuser ou d&rsquo;annuler votre commande \u00e0 tout moment pour certaines raisons, y compris mais sans s&rsquo;y limiter :<\/p>\n<ul>\n<li>Disponibilit\u00e9 des marchandises<\/li>\n<li>Erreurs dans la description ou les prix des marchandises<\/li>\n<li>Erreurs dans votre commande<\/li>\n<\/ul>\n<p>Nous nous r\u00e9servons le droit de refuser ou d&rsquo;annuler votre commande si nous soup\u00e7onnons une fraude ou une transaction non autoris\u00e9e ou ill\u00e9gale.<\/p>\n<p><strong>Vos droits d&rsquo;annulation de la commande<\/strong><\/p>\n<p>Les marchandises que vous achetez ne peuvent \u00eatre retourn\u00e9es que conform\u00e9ment aux pr\u00e9sentes conditions g\u00e9n\u00e9rales et \u00e0 notre politique de retour.<\/p>\n<p>Notre politique de retour fait partie int\u00e9grante des pr\u00e9sentes conditions g\u00e9n\u00e9rales. Veuillez lire notre politique de retour pour en savoir plus sur votre droit d&rsquo;annuler votre commande.<\/p>\n<p>Votre droit d&rsquo;annuler une commande ne s&rsquo;applique qu&rsquo;aux marchandises renvoy\u00e9es dans le m\u00eame \u00e9tat que celui dans lequel vous les avez re\u00e7ues<\/p>\n<p>Votre droit d&rsquo;annuler une commande ne s&rsquo;applique qu&rsquo;aux marchandises retourn\u00e9es dans le m\u00eame \u00e9tat que celui dans lequel vous les avez re\u00e7ues. Vous devez \u00e9galement inclure toutes les instructions, tous les documents et tous les emballages des produits. Les marchandises endommag\u00e9es ou qui ne sont pas dans le m\u00eame \u00e9tat que celui dans lequel vous les avez re\u00e7ues ou qui ont \u00e9t\u00e9 port\u00e9es simplement au-del\u00e0 de l&rsquo;ouverture de l&#8217;emballage d&rsquo;origine ne seront pas rembours\u00e9es. Vous devez donc prendre raisonnablement soin des biens achet\u00e9s pendant qu&rsquo;ils sont en votre possession.<\/p>\n<p>Nous vous rembourserons au plus tard dans les 14 jours \u00e0 compter de la date de r\u00e9ception des marchandises retourn\u00e9es. Nous utiliserons le m\u00eame moyen de paiement que celui que vous avez utilis\u00e9 pour la commande, et vous n&rsquo;aurez pas \u00e0 payer de frais pour ce remboursement.<\/p>\n<p>Vous n&rsquo;aurez pas le droit d&rsquo;annuler une commande pour la fourniture de l&rsquo;un des produits suivants :<\/p>\n<ul>\n<li>La fourniture de biens fabriqu\u00e9s selon vos sp\u00e9cifications ou clairement personnalis\u00e9s.<\/li>\n<li>La fourniture de biens qui, de par leur nature, ne peuvent \u00eatre retourn\u00e9s, se d\u00e9t\u00e9riorent rapidement ou dont la date de p\u00e9remption est d\u00e9pass\u00e9e.<\/li>\n<li>La fourniture de biens qui ne peuvent \u00eatre retourn\u00e9s pour des raisons de protection de la sant\u00e9 ou d&rsquo;hygi\u00e8ne et qui ont \u00e9t\u00e9 descell\u00e9s apr\u00e8s la livraison.<\/li>\n<li>La fourniture de biens qui, apr\u00e8s la livraison, sont, de par leur nature, indissociablement m\u00e9lang\u00e9s \u00e0 d&rsquo;autres articles.<\/li>\n<li>La fourniture d&rsquo;un contenu num\u00e9rique qui n&rsquo;est pas fourni sur un support mat\u00e9riel si l&rsquo;ex\u00e9cution a commenc\u00e9 avec votre consentement expr\u00e8s pr\u00e9alable et que vous avez reconnu avoir perdu votre droit de r\u00e9tractation.<\/li>\n<\/ul>\n<h4>Disponibilit\u00e9, erreurs et inexactitudes<\/h4>\n<p>Nous mettons constamment \u00e0 jour nos offres de biens sur le service. Les biens disponibles sur notre service peuvent \u00eatre mal \u00e9valu\u00e9s, d\u00e9crits de mani\u00e8re inexacte ou indisponibles, et nous pouvons subir des retards dans la mise \u00e0 jour des informations concernant nos biens sur le service et dans notre publicit\u00e9 sur d&rsquo;autres sites web.<\/p>\n<p>Nous ne pouvons pas garantir l&rsquo;exactitude ou l&rsquo;exhaustivit\u00e9 des informations, y compris les prix, les images des produits, les sp\u00e9cifications, la disponibilit\u00e9 et les services. Nous nous r\u00e9servons le droit de modifier ou de mettre \u00e0 jour les informations et de corriger les erreurs, les inexactitudes ou les omissions \u00e0 tout moment et sans pr\u00e9avis.<\/p>\n<h4>Politique des prix<\/h4>\n<p>La soci\u00e9t\u00e9 se r\u00e9serve le droit de r\u00e9viser ses prix \u00e0 tout moment avant d&rsquo;accepter une commande.<\/p>\n<p>Les prix indiqu\u00e9s peuvent \u00eatre r\u00e9vis\u00e9s par la soci\u00e9t\u00e9 apr\u00e8s l&rsquo;acceptation d&rsquo;une commande en cas d&rsquo;\u00e9v\u00e9nement affectant la livraison caus\u00e9 par une action gouvernementale, une variation des droits de douane, une augmentation des frais d&rsquo;exp\u00e9dition, une hausse des co\u00fbts de change et toute autre question \u00e9chappant au contr\u00f4le de la soci\u00e9t\u00e9. Dans ce cas, vous aurez le droit d&rsquo;annuler votre commande.<\/p>\n<h4>Paiements<\/h4>\n<p>Tous les biens achet\u00e9s font l&rsquo;objet d&rsquo;un paiement unique. Le paiement peut \u00eatre effectu\u00e9 par les diff\u00e9rents moyens de paiement disponibles, tels que Visa, MasterCard, Affinity Card, American Express, ou par des m\u00e9thodes de paiement en ligne (PayPal, par exemple).<\/p>\n<p>Les cartes de paiement (cartes de cr\u00e9dit ou de d\u00e9bit) sont soumises \u00e0 des contr\u00f4les de validation et \u00e0 l&rsquo;autorisation de l&rsquo;\u00e9metteur de votre carte. Si nous ne recevons pas l&rsquo;autorisation requise, nous ne serons pas responsables du retard ou de la non-livraison de votre commande.<\/p>\n<h4>Promotions<\/h4>\n<p>Les promotions propos\u00e9es par le biais du service peuvent \u00eatre r\u00e9gies par des r\u00e8gles distinctes des pr\u00e9sentes conditions.<\/p>\n<p>Si vous participez \u00e0 des promotions, veuillez consulter les r\u00e8gles applicables ainsi que notre politique de confidentialit\u00e9. Si le r\u00e8glement d&rsquo;une promotion est en contradiction avec les pr\u00e9sentes conditions, c&rsquo;est le r\u00e8glement de la promotion qui s&rsquo;applique.<\/p>\n<h4>Comptes d&rsquo;utilisateurs<\/h4>\n<p>Lorsque vous cr\u00e9ez un compte chez nous, vous devez nous fournir des informations exactes, compl\u00e8tes et \u00e0 jour \u00e0 tout moment. Le non-respect de cette r\u00e8gle constitue une violation des conditions, qui peut entra\u00eener la r\u00e9siliation imm\u00e9diate de votre compte sur notre service.<\/p>\n<p>Vous \u00eates responsable de la protection du mot de passe que vous utilisez pour acc\u00e9der au service et de toutes les activit\u00e9s ou actions effectu\u00e9es avec votre mot de passe, que celui-ci soit li\u00e9 \u00e0 notre service ou \u00e0 un service de m\u00e9dias sociaux tiers.<\/p>\n<p>Vous acceptez de ne pas divulguer votre mot de passe \u00e0 un tiers. Vous devez nous avertir imm\u00e9diatement d\u00e8s que vous avez connaissance d&rsquo;une violation de la s\u00e9curit\u00e9 ou d&rsquo;une utilisation non autoris\u00e9e de votre compte.<\/p>\n<p>Vous ne pouvez pas utiliser comme nom d&rsquo;utilisateur le nom d&rsquo;une autre personne ou entit\u00e9 ou un nom qui n&rsquo;est pas l\u00e9galement disponible pour l&rsquo;utilisation, un nom ou une marque commerciale qui est soumis aux droits d&rsquo;une autre personne ou entit\u00e9 autre que vous sans autorisation appropri\u00e9e, ou un nom qui est autrement offensant, vulgaire ou obsc\u00e8ne.<\/p>\n<h4>Propri\u00e9t\u00e9 intellectuelle<\/h4>\n<p>Le Service et son contenu original (\u00e0 l&rsquo;exclusion du contenu fourni par vous ou par d&rsquo;autres utilisateurs), ses caract\u00e9ristiques et ses fonctionnalit\u00e9s sont et resteront la propri\u00e9t\u00e9 exclusive de la Soci\u00e9t\u00e9 et de ses conc\u00e9dants de licence.<\/p>\n<p>Le service est prot\u00e9g\u00e9 par le droit d&rsquo;auteur, le droit des marques et d&rsquo;autres lois du pays et de pays \u00e9trangers.<\/p>\n<p>Nos marques et notre linge de marque commercial ne peuvent \u00eatre utilis\u00e9s en relation avec un produit ou un service sans l&rsquo;accord \u00e9crit pr\u00e9alable de la Soci\u00e9t\u00e9.<\/p>\n<h4>Liens vers d&rsquo;autres sites web<\/h4>\n<p>Notre service peut contenir des liens vers des sites web ou des services de tiers qui ne sont pas d\u00e9tenus ou contr\u00f4l\u00e9s par la soci\u00e9t\u00e9.<\/p>\n<p>La Soci\u00e9t\u00e9 n&rsquo;a aucun contr\u00f4le sur le contenu, les politiques de confidentialit\u00e9 ou les pratiques des sites web ou des services de tiers et n&rsquo;assume aucune responsabilit\u00e9 \u00e0 cet \u00e9gard. Vous reconnaissez et acceptez en outre que l&rsquo;entreprise ne peut \u00eatre tenue responsable, directement ou indirectement, de tout dommage ou perte caus\u00e9 ou suppos\u00e9 caus\u00e9 par ou en rapport avec l&rsquo;utilisation ou la confiance accord\u00e9e \u00e0 l&rsquo;utilisation de l&rsquo;internet.<\/p>\n<p>sur le contenu, les biens ou les services disponibles sur ou par l&rsquo;interm\u00e9diaire de ces sites web ou services. Nous vous conseillons vivement de lire les conditions g\u00e9n\u00e9rales et les politiques de confidentialit\u00e9 de tout site web ou service tiers que vous visitez.<\/p>\n<h4>Cessation d&rsquo;activit\u00e9<\/h4>\n<p>Nous pouvons r\u00e9silier ou suspendre votre compte imm\u00e9diatement, sans pr\u00e9avis ni responsabilit\u00e9, pour quelque raison que ce soit, y compris, mais sans s&rsquo;y limiter, si vous enfreignez les pr\u00e9sentes conditions g\u00e9n\u00e9rales.<\/p>\n<p>En cas de r\u00e9siliation, votre droit d&rsquo;utiliser le service cessera imm\u00e9diatement. Si vous souhaitez r\u00e9silier votre compte, vous pouvez simplement cesser d&rsquo;utiliser le service.<\/p>\n<h4>Limitation de la responsabilit\u00e9<\/h4>\n<p>Nonobstant tout dommage que vous pourriez subir, l&rsquo;enti\u00e8re responsabilit\u00e9 de la Soci\u00e9t\u00e9 et de ses fournisseurs en vertu de toute disposition des pr\u00e9sentes conditions et votre recours exclusif pour tout ce qui pr\u00e9c\u00e8de seront limit\u00e9s au montant effectivement pay\u00e9 par vous par l&rsquo;interm\u00e9diaire du service ou \u00e0 100 CAD si vous n&rsquo;avez rien achet\u00e9 par l&rsquo;interm\u00e9diaire du service.<\/p>\n<p>Dans toute la mesure permise par la loi applicable, la Soci\u00e9t\u00e9 ou ses fournisseurs ne peuvent en aucun cas \u00eatre tenus responsables des dommages sp\u00e9ciaux, accessoires, indirects ou cons\u00e9cutifs quels qu&rsquo;ils soient (y compris, mais sans s&rsquo;y limiter, les dommages pour perte de b\u00e9n\u00e9fices, perte de donn\u00e9es ou d&rsquo;autres informations, pour interruption d&rsquo;activit\u00e9, pour pr\u00e9judice corporel, etc, la perte de vie priv\u00e9e r\u00e9sultant de l&rsquo;utilisation ou de l&rsquo;impossibilit\u00e9 d&rsquo;utiliser le service, les logiciels de tiers et\/ou le mat\u00e9riel de tiers utilis\u00e9s avec le service, ou en rapport avec toute disposition des pr\u00e9sentes conditions), m\u00eame si la soci\u00e9t\u00e9 ou un fournisseur a \u00e9t\u00e9 inform\u00e9 de la possibilit\u00e9 de tels dommages et m\u00eame si le rem\u00e8de n&rsquo;atteint pas son objectif essentiel.<\/p>\n<h4>Clause de non-responsabilit\u00e9 \u00ab\u00a0TELS QUELS\u00a0\u00bb et \u00ab\u00a0TELS QUE DISPONIBLES\u00a0\u00bb.<\/h4>\n<p>Le service vous est fourni \u00ab\u00a0TEL QUEL\u00a0\u00bb et \u00ab\u00a0TEL QUE DISPONIBLE\u00a0\u00bb, avec tous les d\u00e9fauts et toutes les d\u00e9faillances, sans garantie d&rsquo;aucune sorte. Dans toute la mesure permise par la l\u00e9gislation applicable, la Soci\u00e9t\u00e9, en son nom propre et au nom de ses soci\u00e9t\u00e9s affili\u00e9es et de ses conc\u00e9dants de licence et fournisseurs de services respectifs, d\u00e9cline express\u00e9ment toute garantie, expresse, implicite, l\u00e9gale ou autre, concernant le Service, y compris toute garantie implicite de qualit\u00e9 marchande, d&rsquo;ad\u00e9quation \u00e0 un usage particulier, de titre et d&rsquo;absence de contrefa\u00e7on, ainsi que les garanties pouvant d\u00e9couler de la conduite des affaires, des performances, de l&rsquo;usage ou des pratiques commerciales. Sans pr\u00e9judice de ce qui pr\u00e9c\u00e8de, la Soci\u00e9t\u00e9 ne fournit aucune garantie ou engagement, et ne fait aucune d\u00e9claration de quelque nature que ce soit quant au fait que le Service r\u00e9pondra \u00e0 vos exigences, atteindra les r\u00e9sultats escompt\u00e9s, sera compatible ou fonctionnera avec tout autre logiciel, application, syst\u00e8me ou service, fonctionnera sans interruption, r\u00e9pondra \u00e0 toute norme de performance ou de fiabilit\u00e9 ou sera exempt d&rsquo;erreur, ou que toute erreur ou tout d\u00e9faut peut \u00eatre ou sera corrig\u00e9.<\/p>\n<h4>Droit applicable<\/h4>\n<p>Les lois du pays, \u00e0 l&rsquo;exclusion des r\u00e8gles de conflit de lois, r\u00e9gissent les pr\u00e9sentes conditions et votre utilisation du service. Votre utilisation de l&rsquo;application peut \u00e9galement \u00eatre soumise \u00e0 d&rsquo;autres lois locales, r\u00e9gionales, nationales ou internationales. Les pr\u00e9sentes conditions de service et tout accord s\u00e9par\u00e9 par lequel nous vous fournissons des services sont r\u00e9gis et interpr\u00e9t\u00e9s conform\u00e9ment aux lois du Canada.<\/p>\n<h4>R\u00e9solution des litiges<\/h4>\n<p>En cas de probl\u00e8me ou de litige concernant le Service, vous acceptez de tenter d&rsquo;abord de r\u00e9soudre le litige de mani\u00e8re informelle en contactant la Soci\u00e9t\u00e9.<\/p>\n<h4>Pour les utilisateurs de l&rsquo;Union europ\u00e9enne (UE)<\/h4>\n<p>Si vous \u00eates un consommateur de l&rsquo;Union europ\u00e9enne, vous b\u00e9n\u00e9ficierez de toutes les dispositions obligatoires de la loi du pays dans lequel vous r\u00e9sidez.<\/p>\n<h4>\u00c9tats-Unis Conformit\u00e9 juridique<\/h4>\n<p>Vous d\u00e9clarez et garantissez que (i) Vous ne vous trouvez pas dans un pays soumis \u00e0 un embargo du gouvernement des \u00c9tats-Unis ou d\u00e9sign\u00e9 par le gouvernement des \u00c9tats-Unis comme un pays soutenant le terrorisme, et (ii) Vous ne figurez sur aucune liste de parties interdites ou soumises \u00e0 des restrictions \u00e9tablie par le gouvernement des \u00c9tats-Unis et du Canada.<\/p>\n<h4>Divisibilit\u00e9 et renonciation<\/h4>\n<p><strong>S\u00e9v\u00e9rit\u00e9<\/strong><\/p>\n<p>Si une disposition des pr\u00e9sentes conditions est jug\u00e9e inapplicable ou invalide, cette disposition sera modifi\u00e9e et interpr\u00e9t\u00e9e de mani\u00e8re \u00e0 atteindre les objectifs de cette disposition dans toute la mesure du possible en vertu de la l\u00e9gislation applicable, et les autres dispositions resteront pleinement en vigueur.<\/p>\n<p><strong>Renonciation<\/strong><\/p>\n<p>Sauf dans les cas pr\u00e9vus par les pr\u00e9sentes, le fait de ne pas exercer un droit ou de ne pas exiger l&rsquo;ex\u00e9cution d&rsquo;une obligation en vertu des pr\u00e9sentes conditions n&rsquo;affecte pas la capacit\u00e9 d&rsquo;une partie \u00e0 exercer ce droit ou \u00e0 exiger cette ex\u00e9cution \u00e0 tout moment ult\u00e9rieur, et la renonciation \u00e0 une violation ne constitue pas une renonciation \u00e0 toute violation ult\u00e9rieure.<\/p>\n<h4>Traduction Interpr\u00e9tation<\/h4>\n<p>Les pr\u00e9sentes conditions g\u00e9n\u00e9rales peuvent avoir \u00e9t\u00e9 traduites si nous les avons mises \u00e0 votre disposition sur notre service. Vous acceptez que le texte original francais pr\u00e9vale en cas de litige.<\/p>\n<h4>Modifications des pr\u00e9sentes conditions g\u00e9n\u00e9rales<\/h4>\n<p>Nous nous r\u00e9servons le droit, \u00e0 notre seule discr\u00e9tion, de modifier ou de remplacer les pr\u00e9sentes conditions \u00e0 tout moment. Si une r\u00e9vision est importante, nous ferons des efforts raisonnables pour fournir un pr\u00e9avis d&rsquo;au moins 30 jours avant l&rsquo;entr\u00e9e en vigueur des nouvelles conditions. Ce qui constitue un changement important sera d\u00e9termin\u00e9 \u00e0 notre seule discr\u00e9tion.<\/p>\n<p>En continuant \u00e0 acc\u00e9der \u00e0 notre service ou \u00e0 l&rsquo;utiliser apr\u00e8s l&rsquo;entr\u00e9e en vigueur de ces r\u00e9visions, vous acceptez d&rsquo;\u00eatre li\u00e9 par les conditions r\u00e9vis\u00e9es. Si vous n&rsquo;acceptez pas les nouvelles conditions, en tout ou en partie, veuillez cesser d&rsquo;utiliser le site web et le service.<\/p>\n<h4>Contactez nous<\/h4>\n<p>Si vous avez des questions concernant les pr\u00e9sentes conditions g\u00e9n\u00e9rales, vous pouvez nous contacter par courrier \u00e9lectronique : info@artefactjewelry.com<\/p>\n\t\t\t\t\t\t\t\t<\/div>\n\t\t\t\t<\/div>\n\t\t\t\t\t<\/div>\n\t\t\t\t<\/div>\n\t\t\t\t<\/div>\n\t\t","protected":false},"excerpt":{"rendered":"<p>Conditions g\u00e9n\u00e9rales d&rsquo;utilisation Derni\u00e8re mise \u00e0 jour : 15 juin 2024 Veuillez lire attentivement ces conditions avant d&rsquo;utiliser notre service. Interpr\u00e9tation et d\u00e9finitions Interpr\u00e9tation Les mots dont la lettre initiale est en majuscule ont des significations d\u00e9finies dans les conditions suivantes. Les d\u00e9finitions suivantes ont la m\u00eame signification, qu&rsquo;elles apparaissent au singulier ou au pluriel. [&hellip;]<\/p>\n","protected":false},"author":1,"featured_media":0,"parent":0,"menu_order":0,"comment_status":"closed","ping_status":"closed","template":"","meta":{"footnotes":""},"class_list":["post-2469","page","type-page","status-publish","hentry"],"blocksy_meta":[],"_links":{"self":[{"href":"https:\/\/artefactjewelry.com\/fr\/wp-json\/wp\/v2\/pages\/2469","targetHints":{"allow":["GET"]}}],"collection":[{"href":"https:\/\/artefactjewelry.com\/fr\/wp-json\/wp\/v2\/pages"}],"about":[{"href":"https:\/\/artefactjewelry.com\/fr\/wp-json\/wp\/v2\/types\/page"}],"author":[{"embeddable":true,"href":"https:\/\/artefactjewelry.com\/fr\/wp-json\/wp\/v2\/users\/1"}],"replies":[{"embeddable":true,"href":"https:\/\/artefactjewelry.com\/fr\/wp-json\/wp\/v2\/comments?post=2469"}],"version-history":[{"count":1,"href":"https:\/\/artefactjewelry.com\/fr\/wp-json\/wp\/v2\/pages\/2469\/revisions"}],"predecessor-version":[{"id":2470,"href":"https:\/\/artefactjewelry.com\/fr\/wp-json\/wp\/v2\/pages\/2469\/revisions\/2470"}],"wp:attachment":[{"href":"https:\/\/artefactjewelry.com\/fr\/wp-json\/wp\/v2\/media?parent=2469"}],"curies":[{"name":"wp","href":"https:\/\/api.w.org\/{rel}","templated":true}]}}