{"id":2910,"date":"2024-06-19T14:30:44","date_gmt":"2024-06-19T18:30:44","guid":{"rendered":"https:\/\/artefactjewelry.com\/?page_id=2910"},"modified":"2024-06-20T15:21:36","modified_gmt":"2024-06-20T19:21:36","slug":"garantie","status":"publish","type":"page","link":"https:\/\/artefactjewelry.com\/fr\/garantie\/","title":{"rendered":"Garantie"},"content":{"rendered":"\t\t<div data-elementor-type=\"wp-page\" data-elementor-id=\"2910\" class=\"elementor elementor-2910 elementor-2818\" data-elementor-post-type=\"page\">\n\t\t\t\t<div class=\"elementor-element elementor-element-6369555 e-flex e-con-boxed e-con e-parent\" data-id=\"6369555\" data-element_type=\"container\">\n\t\t\t\t\t<div class=\"e-con-inner\">\n\t\t\t\t<div class=\"elementor-element elementor-element-f666b5e elementor-widget elementor-widget-heading\" data-id=\"f666b5e\" data-element_type=\"widget\" data-widget_type=\"heading.default\">\n\t\t\t\t<div class=\"elementor-widget-container\">\n\t\t\t\t\t<h2 class=\"elementor-heading-title elementor-size-default\">1 an de garantie avec Artefact<\/h2>\t\t\t\t<\/div>\n\t\t\t\t<\/div>\n\t\t\t\t\t<\/div>\n\t\t\t\t<\/div>\n\t\t<div class=\"elementor-element elementor-element-741553b e-flex e-con-boxed e-con e-parent\" data-id=\"741553b\" data-element_type=\"container\">\n\t\t\t\t\t<div class=\"e-con-inner\">\n\t\t<div class=\"elementor-element elementor-element-38feb3c e-con-full e-flex e-con e-child\" data-id=\"38feb3c\" data-element_type=\"container\">\n\t\t\t\t<div class=\"elementor-element elementor-element-18a11c5 elementor-widget elementor-widget-image\" data-id=\"18a11c5\" data-element_type=\"widget\" data-widget_type=\"image.default\">\n\t\t\t\t<div class=\"elementor-widget-container\">\n\t\t\t\t\t\t\t\t\t\t\t\t\t\t\t<img fetchpriority=\"high\" decoding=\"async\" width=\"300\" height=\"300\" src=\"https:\/\/artefactjewelry.com\/wp-content\/uploads\/2024\/06\/DSC_1409.jpg\" class=\"attachment-medium size-medium wp-image-2867\" alt=\"\" srcset=\"https:\/\/artefactjewelry.com\/wp-content\/uploads\/2024\/06\/DSC_1409.jpg 300w, https:\/\/artefactjewelry.com\/wp-content\/uploads\/2024\/06\/DSC_1409-150x150.jpg 150w, https:\/\/artefactjewelry.com\/wp-content\/uploads\/2024\/06\/DSC_1409-100x100.jpg 100w\" sizes=\"(max-width: 300px) 100vw, 300px\" \/>\t\t\t\t\t\t\t\t\t\t\t\t\t\t\t<\/div>\n\t\t\t\t<\/div>\n\t\t\t\t<\/div>\n\t\t<div class=\"elementor-element elementor-element-277054d e-con-full e-flex e-con e-child\" data-id=\"277054d\" data-element_type=\"container\">\n\t\t\t\t<div class=\"elementor-element elementor-element-6cc0623 elementor-widget elementor-widget-text-editor\" data-id=\"6cc0623\" data-element_type=\"widget\" data-widget_type=\"text-editor.default\">\n\t\t\t\t<div class=\"elementor-widget-container\">\n\t\t\t\t\t\t\t\t\t<h4>Garantie sur toutes les pierres.<\/h4>\n<p>Si une pierre se brise,<\/p>\n<p>vous pouvez le renvoyer pour une r\u00e9paration GRATUITE.<\/p>\t\t\t\t\t\t\t\t<\/div>\n\t\t\t\t<\/div>\n\t\t\t\t<\/div>\n\t\t\t\t\t<\/div>\n\t\t\t\t<\/div>\n\t\t<div class=\"elementor-element elementor-element-70f8c2c e-flex e-con-boxed e-con e-parent\" data-id=\"70f8c2c\" data-element_type=\"container\">\n\t\t\t\t\t<div class=\"e-con-inner\">\n\t\t<div class=\"elementor-element elementor-element-3ffd404 e-con-full e-flex e-con e-child\" data-id=\"3ffd404\" data-element_type=\"container\">\n\t\t\t\t<div class=\"elementor-element elementor-element-750aa33 elementor-widget elementor-widget-image\" data-id=\"750aa33\" data-element_type=\"widget\" data-widget_type=\"image.default\">\n\t\t\t\t<div class=\"elementor-widget-container\">\n\t\t\t\t\t\t\t\t\t\t\t\t\t\t\t<img decoding=\"async\" width=\"300\" height=\"300\" src=\"https:\/\/artefactjewelry.com\/wp-content\/uploads\/2024\/06\/DSC_1407.jpg\" class=\"attachment-medium size-medium wp-image-2865\" alt=\"\" srcset=\"https:\/\/artefactjewelry.com\/wp-content\/uploads\/2024\/06\/DSC_1407.jpg 300w, https:\/\/artefactjewelry.com\/wp-content\/uploads\/2024\/06\/DSC_1407-150x150.jpg 150w, https:\/\/artefactjewelry.com\/wp-content\/uploads\/2024\/06\/DSC_1407-100x100.jpg 100w\" sizes=\"(max-width: 300px) 100vw, 300px\" \/>\t\t\t\t\t\t\t\t\t\t\t\t\t\t\t<\/div>\n\t\t\t\t<\/div>\n\t\t\t\t<\/div>\n\t\t<div class=\"elementor-element elementor-element-da8fb92 e-con-full e-flex e-con e-child\" data-id=\"da8fb92\" data-element_type=\"container\">\n\t\t\t\t<div class=\"elementor-element elementor-element-3916ec6 elementor-widget__width-initial elementor-widget elementor-widget-text-editor\" data-id=\"3916ec6\" data-element_type=\"widget\" data-widget_type=\"text-editor.default\">\n\t\t\t\t<div class=\"elementor-widget-container\">\n\t\t\t\t\t\t\t\t\t<h4>Garantie sur l&rsquo;attache du collier. <\/h4>\n<p>Si votre collier se brise soudainement, la premi\u00e8re chose cens\u00e9e se briser est l&rsquo;anneau de saut. Le remplacement d&rsquo;un anneau de saut est tr\u00e8s facile. <\/p>\n<p>Vous pouvez le renvoyer pour une r\u00e9paration GRATUITE.<\/p>\n\t\t\t\t\t\t\t\t<\/div>\n\t\t\t\t<\/div>\n\t\t\t\t<\/div>\n\t\t\t\t\t<\/div>\n\t\t\t\t<\/div>\n\t\t<div class=\"elementor-element elementor-element-c2d7c5b e-flex e-con-boxed e-con e-parent\" data-id=\"c2d7c5b\" data-element_type=\"container\">\n\t\t\t\t\t<div class=\"e-con-inner\">\n\t\t<div class=\"elementor-element elementor-element-672ddcc e-con-full e-flex e-con e-child\" data-id=\"672ddcc\" data-element_type=\"container\">\n\t\t\t\t<div class=\"elementor-element elementor-element-9ccf545 elementor-widget elementor-widget-image\" data-id=\"9ccf545\" data-element_type=\"widget\" data-widget_type=\"image.default\">\n\t\t\t\t<div class=\"elementor-widget-container\">\n\t\t\t\t\t\t\t\t\t\t\t\t\t\t\t<img decoding=\"async\" width=\"300\" height=\"300\" src=\"https:\/\/artefactjewelry.com\/wp-content\/uploads\/2024\/06\/DSC_1417-1.jpg\" class=\"attachment-medium size-medium wp-image-2861\" alt=\"\" srcset=\"https:\/\/artefactjewelry.com\/wp-content\/uploads\/2024\/06\/DSC_1417-1.jpg 300w, https:\/\/artefactjewelry.com\/wp-content\/uploads\/2024\/06\/DSC_1417-1-150x150.jpg 150w, https:\/\/artefactjewelry.com\/wp-content\/uploads\/2024\/06\/DSC_1417-1-100x100.jpg 100w\" sizes=\"(max-width: 300px) 100vw, 300px\" \/>\t\t\t\t\t\t\t\t\t\t\t\t\t\t\t<\/div>\n\t\t\t\t<\/div>\n\t\t\t\t<\/div>\n\t\t<div class=\"elementor-element elementor-element-580433f e-con-full e-flex e-con e-child\" data-id=\"580433f\" data-element_type=\"container\">\n\t\t\t\t<div class=\"elementor-element elementor-element-fd57e88 elementor-widget elementor-widget-text-editor\" data-id=\"fd57e88\" data-element_type=\"widget\" data-widget_type=\"text-editor.default\">\n\t\t\t\t<div class=\"elementor-widget-container\">\n\t\t\t\t\t\t\t\t\t<h4>Garantie sur le bracelet ajustable<\/h4>\n<p>Si votre attache se brise ou si le macanisme ne fonctionne plus,<\/p>\n<p>vous pouvez le renvoyer pour une r\u00e9paration GRATUITE.<\/p>\n\t\t\t\t\t\t\t\t<\/div>\n\t\t\t\t<\/div>\n\t\t\t\t<\/div>\n\t\t\t\t\t<\/div>\n\t\t\t\t<\/div>\n\t\t<div class=\"elementor-element elementor-element-bd1d896 e-flex e-con-boxed e-con e-parent\" data-id=\"bd1d896\" data-element_type=\"container\">\n\t\t\t\t\t<div class=\"e-con-inner\">\n\t\t<div class=\"elementor-element elementor-element-c001cc5 e-con-full e-flex e-con e-child\" data-id=\"c001cc5\" data-element_type=\"container\">\n\t\t\t\t<div class=\"elementor-element elementor-element-81092a5 elementor-widget elementor-widget-image\" data-id=\"81092a5\" data-element_type=\"widget\" data-widget_type=\"image.default\">\n\t\t\t\t<div class=\"elementor-widget-container\">\n\t\t\t\t\t\t\t\t\t\t\t\t\t\t\t<img loading=\"lazy\" decoding=\"async\" width=\"300\" height=\"300\" src=\"https:\/\/artefactjewelry.com\/wp-content\/uploads\/2024\/06\/DSC_1414.jpg\" class=\"attachment-medium size-medium wp-image-2863\" alt=\"\" srcset=\"https:\/\/artefactjewelry.com\/wp-content\/uploads\/2024\/06\/DSC_1414.jpg 300w, https:\/\/artefactjewelry.com\/wp-content\/uploads\/2024\/06\/DSC_1414-150x150.jpg 150w, https:\/\/artefactjewelry.com\/wp-content\/uploads\/2024\/06\/DSC_1414-100x100.jpg 100w\" sizes=\"(max-width: 300px) 100vw, 300px\" \/>\t\t\t\t\t\t\t\t\t\t\t\t\t\t\t<\/div>\n\t\t\t\t<\/div>\n\t\t\t\t<\/div>\n\t\t<div class=\"elementor-element elementor-element-047ebcf e-con-full e-flex e-con e-child\" data-id=\"047ebcf\" data-element_type=\"container\">\n\t\t\t\t<div class=\"elementor-element elementor-element-7b2a69d elementor-widget elementor-widget-text-editor\" data-id=\"7b2a69d\" data-element_type=\"widget\" data-widget_type=\"text-editor.default\">\n\t\t\t\t<div class=\"elementor-widget-container\">\n\t\t\t\t\t\t\t\t\t<h4>Garantie sur le bracelet \u00e9lastique<\/h4>\n<p>Si vous avez re\u00e7u un bracelet trop serr\u00e9 pour votre poignet, il peut y avoir un \u00e9cart sur la corde et le bracelet peut sembler lousse. Veuillez nous contacter dans les 30 jours suivant l&rsquo;achat afin de proc\u00e9der au remplacement par la bonne taille.<\/p>\n<p>Si votre bracelet \u00e9lastique s&rsquo;est trop \u00e9tir\u00e9 avec le temps, <\/p>\n<p>vous pouvez le renvoyer pour une r\u00e9paration GRATUITE.<\/p>\n<p>*Les bracelets \u00e9lastiques sont tr\u00e8s d\u00e9licats, vous devez donc en prendre soin. Si vous le cassez compl\u00e8tement et perdez des perles ou si vous oubliez le bracelet dans la machine \u00e0 laver, la garantie ne couvrira pas ce probl\u00e8me. Les perles de remplacement sont \u00e0 votre charge.<\/p>\n\t\t\t\t\t\t\t\t<\/div>\n\t\t\t\t<\/div>\n\t\t\t\t<\/div>\n\t\t\t\t\t<\/div>\n\t\t\t\t<\/div>\n\t\t<div class=\"elementor-element elementor-element-003f7aa e-flex e-con-boxed e-con e-parent\" data-id=\"003f7aa\" data-element_type=\"container\">\n\t\t\t\t\t<div class=\"e-con-inner\">\n\t\t\t\t<div class=\"elementor-element elementor-element-e8a9920 elementor-widget elementor-widget-spacer\" data-id=\"e8a9920\" data-element_type=\"widget\" data-widget_type=\"spacer.default\">\n\t\t\t\t<div class=\"elementor-widget-container\">\n\t\t\t\t\t\t\t<div class=\"elementor-spacer\">\n\t\t\t<div class=\"elementor-spacer-inner\"><\/div>\n\t\t<\/div>\n\t\t\t\t\t\t<\/div>\n\t\t\t\t<\/div>\n\t\t\t\t<div class=\"elementor-element elementor-element-c051b7b elementor-widget elementor-widget-text-editor\" data-id=\"c051b7b\" data-element_type=\"widget\" data-widget_type=\"text-editor.default\">\n\t\t\t\t<div class=\"elementor-widget-container\">\n\t\t\t\t\t\t\t\t\t<p><strong>Les frais d&rsquo;exp\u00e9dition restent \u00e0 la charge du client.<\/strong><\/p>\n<p>Votre garantie n&rsquo;est applicable qu&rsquo;une seule fois pour une r\u00e9paration gratuite, apr\u00e8s quoi il vous en co\u00fbtera 20$ pour une r\u00e9paration de bracelet et 30$ pour une r\u00e9paration de collier.<\/p>\n<p>Les m\u00e9taux plaqu\u00e9s ne sont pas couvert par la garantie.<\/p>\n\t\t\t\t\t\t\t\t<\/div>\n\t\t\t\t<\/div>\n\t\t\t\t\t<\/div>\n\t\t\t\t<\/div>\n\t\t<div class=\"elementor-element elementor-element-f435b36 e-flex e-con-boxed e-con e-parent\" data-id=\"f435b36\" data-element_type=\"container\">\n\t\t\t\t\t<div class=\"e-con-inner\">\n\t\t\t\t<div class=\"elementor-element elementor-element-9b04ea6 elementor-widget elementor-widget-text-editor\" data-id=\"9b04ea6\" data-element_type=\"widget\" data-widget_type=\"text-editor.default\">\n\t\t\t\t<div class=\"elementor-widget-container\">\n\t\t\t\t\t\t\t\t\t<p>*Veuillez noter que vous \u00eates responsable de l&rsquo;entretien de vos bijoux afin de maximiser leur long\u00e9vit\u00e9.<\/p>\n<\/p>\n<h5><a href=\"https:\/\/artefactjewelry.com\/fr\/entretien-des-bijoux\/\">Visitez notre page sur <strong>l&rsquo;entretien des bijoux<\/strong> <\/a><\/h5>\n\t\t\t\t\t\t\t\t<\/div>\n\t\t\t\t<\/div>\n\t\t\t\t<div class=\"elementor-element elementor-element-997b699 elementor-widget elementor-widget-spacer\" data-id=\"997b699\" data-element_type=\"widget\" data-widget_type=\"spacer.default\">\n\t\t\t\t<div class=\"elementor-widget-container\">\n\t\t\t\t\t\t\t<div class=\"elementor-spacer\">\n\t\t\t<div class=\"elementor-spacer-inner\"><\/div>\n\t\t<\/div>\n\t\t\t\t\t\t<\/div>\n\t\t\t\t<\/div>\n\t\t\t\t\t<\/div>\n\t\t\t\t<\/div>\n\t\t\t\t<\/div>\n\t\t","protected":false},"excerpt":{"rendered":"<p>1 an de garantie avec Artefact Garantie sur toutes les pierres. Si une pierre se brise, vous pouvez le renvoyer pour une r\u00e9paration GRATUITE. Garantie sur l&rsquo;attache du collier. Si votre collier se brise soudainement, la premi\u00e8re chose cens\u00e9e se briser est l&rsquo;anneau de saut. Le remplacement d&rsquo;un anneau de saut est tr\u00e8s facile. Vous [&hellip;]<\/p>\n","protected":false},"author":1,"featured_media":0,"parent":0,"menu_order":0,"comment_status":"closed","ping_status":"closed","template":"","meta":{"footnotes":""},"class_list":["post-2910","page","type-page","status-publish","hentry"],"blocksy_meta":[],"_links":{"self":[{"href":"https:\/\/artefactjewelry.com\/fr\/wp-json\/wp\/v2\/pages\/2910","targetHints":{"allow":["GET"]}}],"collection":[{"href":"https:\/\/artefactjewelry.com\/fr\/wp-json\/wp\/v2\/pages"}],"about":[{"href":"https:\/\/artefactjewelry.com\/fr\/wp-json\/wp\/v2\/types\/page"}],"author":[{"embeddable":true,"href":"https:\/\/artefactjewelry.com\/fr\/wp-json\/wp\/v2\/users\/1"}],"replies":[{"embeddable":true,"href":"https:\/\/artefactjewelry.com\/fr\/wp-json\/wp\/v2\/comments?post=2910"}],"version-history":[{"count":4,"href":"https:\/\/artefactjewelry.com\/fr\/wp-json\/wp\/v2\/pages\/2910\/revisions"}],"predecessor-version":[{"id":2932,"href":"https:\/\/artefactjewelry.com\/fr\/wp-json\/wp\/v2\/pages\/2910\/revisions\/2932"}],"wp:attachment":[{"href":"https:\/\/artefactjewelry.com\/fr\/wp-json\/wp\/v2\/media?parent=2910"}],"curies":[{"name":"wp","href":"https:\/\/api.w.org\/{rel}","templated":true}]}}