{"id":1779,"date":"2024-05-18T21:07:11","date_gmt":"2024-05-19T01:07:11","guid":{"rendered":"https:\/\/artefactjewelry.com\/product\/collier-de-perles-naturelles-gris-argent-et-fonce-avec-spacer-en-hematite\/"},"modified":"2025-09-09T15:28:10","modified_gmt":"2025-09-09T19:28:10","slug":"collier-de-perles-naturelles-gris-argent-et-fonce-avec-spacer-en-hematite","status":"publish","type":"product","link":"https:\/\/artefactjewelry.com\/fr\/produit\/collier-de-perles-naturelles-gris-argent-et-fonce-avec-spacer-en-hematite\/","title":{"rendered":"Collier de perles naturelles gris argent et fonc\u00e9 avec spacer en h\u00e9matite"},"content":{"rendered":"<ul>\n<li>Perles naturelles d&rsquo;eau douce gris argent\u00e9 4.5mm<\/li>\n<li>Perles naturelles d&rsquo;eau douce Peacock gris fonc\u00e9 4.5mm<\/li>\n<li>Spacer en h\u00e9matite 2mm<\/li>\n<li>Extension de cha\u00eene de 2 pouces<\/li>\n<\/ul>\n<p>&nbsp;<\/p>\n<p><strong>Selon la grece antique,<\/strong><\/p>\n<p>Le contraste entre les perles argent\u00e9es lumineuses et les tons gris plus profonds peut symboliser l&rsquo;\u00e9quilibre entre l&rsquo;ombre et la lumi\u00e8re, tout comme la double nature de nombreux personnages de la mythologie grecque.<\/p>\n","protected":false},"excerpt":{"rendered":"<p>Perles naturelles d&rsquo;eau douce gris argent\u00e9 4.5mm Perles naturelles d&rsquo;eau douce Peacock gris fonc\u00e9 4.5mm Spacer en h\u00e9matite 2mm Extension de cha\u00eene de 2 pouces &nbsp; Selon la grece antique, Le contraste entre les perles argent\u00e9es lumineuses et les tons gris plus profonds peut symboliser l&rsquo;\u00e9quilibre entre l&rsquo;ombre et la lumi\u00e8re, tout comme la double [&hellip;]<\/p>\n","protected":false},"featured_media":1775,"template":"","meta":[],"product_brand":[],"product_cat":[125,127,124,126],"product_tag":[],"class_list":{"0":"post-1779","1":"product","2":"type-product","3":"status-publish","4":"has-post-thumbnail","6":"product_cat-colliers","7":"product_cat-grecque","8":"product_cat-non-classe","9":"product_cat-tous-les-bijoux-pour-hommes","10":"pa_mens-necklaces-size-20-to-22-inch","11":"pa_mens-necklaces-size-24-to-26-inch","13":"first","14":"instock","15":"sale","16":"taxable","17":"shipping-taxable","18":"purchasable","19":"product-type-variable"},"_links":{"self":[{"href":"https:\/\/artefactjewelry.com\/fr\/wp-json\/wp\/v2\/product\/1779","targetHints":{"allow":["GET"]}}],"collection":[{"href":"https:\/\/artefactjewelry.com\/fr\/wp-json\/wp\/v2\/product"}],"about":[{"href":"https:\/\/artefactjewelry.com\/fr\/wp-json\/wp\/v2\/types\/product"}],"wp:featuredmedia":[{"embeddable":true,"href":"https:\/\/artefactjewelry.com\/fr\/wp-json\/wp\/v2\/media\/1775"}],"wp:attachment":[{"href":"https:\/\/artefactjewelry.com\/fr\/wp-json\/wp\/v2\/media?parent=1779"}],"wp:term":[{"taxonomy":"product_brand","embeddable":true,"href":"https:\/\/artefactjewelry.com\/fr\/wp-json\/wp\/v2\/product_brand?post=1779"},{"taxonomy":"product_cat","embeddable":true,"href":"https:\/\/artefactjewelry.com\/fr\/wp-json\/wp\/v2\/product_cat?post=1779"},{"taxonomy":"product_tag","embeddable":true,"href":"https:\/\/artefactjewelry.com\/fr\/wp-json\/wp\/v2\/product_tag?post=1779"}],"curies":[{"name":"wp","href":"https:\/\/api.w.org\/{rel}","templated":true}]}}