{"id":1780,"date":"2024-04-27T14:40:33","date_gmt":"2024-04-27T18:40:33","guid":{"rendered":"https:\/\/artefactjewelry.com\/product\/collier-de-jade-blanche-et-de-perles-naturelles-avec-spacer-en-or\/"},"modified":"2025-09-09T15:28:11","modified_gmt":"2025-09-09T19:28:11","slug":"collier-de-jade-blanche-et-de-perles-naturelles-avec-spacer-en-or","status":"publish","type":"product","link":"https:\/\/artefactjewelry.com\/fr\/produit\/collier-de-jade-blanche-et-de-perles-naturelles-avec-spacer-en-or\/","title":{"rendered":"Collier de Jade blanc et de Perles naturelles avec spacer en or"},"content":{"rendered":"<ul>\n<li>Jade blanc facett\u00e9 4x2mm<\/li>\n<li>Perles naturelles d&rsquo;eau douce blanches 6mm<\/li>\n<li>Spacer plaqu\u00e9 or 18k<\/li>\n<li>Breloque en or Artefact<\/li>\n<li>Taille : 16 \u00e0 18 pouces avec cha\u00eene en acier inoxydable plaqu\u00e9 or 18k<\/li>\n<\/ul>\n<p>&nbsp;<\/p>\n<p><strong>Selon la Gr\u00e8ce Antique,<\/strong><\/p>\n<div class=\"w-full text-token-text-primary\" dir=\"auto\" data-testid=\"conversation-turn-79\" data-scroll-anchor=\"false\">\n<div class=\"py-2 px-3 text-base md:px-4 m-auto md:px-5 lg:px-1 xl:px-5\">\n<div class=\"mx-auto flex flex-1 gap-3 text-base juice:gap-4 juice:md:gap-6 md:max-w-3xl lg:max-w-[40rem] xl:max-w-[48rem]\">\n<div class=\"relative flex w-full min-w-0 flex-col agent-turn\">\n<div class=\"flex-col gap-1 md:gap-3\">\n<div class=\"flex flex-grow flex-col max-w-full\">\n<div class=\"min-h-[20px] text-message flex flex-col items-start whitespace-pre-wrap break-words [.text-message+&amp;]:mt-5 overflow-x-auto gap-3\" dir=\"auto\" data-message-author-role=\"assistant\" data-message-id=\"c0e3cc38-ab32-4360-bc9c-dc0877400e36\">\n<div class=\"markdown prose w-full break-words dark:prose-invert light\">\n<p>Ce collier de jade blanc parsem\u00e9 d&rsquo;une perle blanche classique et de touches d&rsquo;or incarne une \u00e9l\u00e9gance sereine propre aux femmes grecques. Les perles symbolisent la puret\u00e9 et l&rsquo;amour, tandis que le jade blanc ajoute une dimension de tranquillit\u00e9 et d&rsquo;\u00e9quilibre, invoquant les \u00e9nergies curatives du dieu Ascl\u00e9pios.<\/p>\n<\/div>\n<\/div>\n<\/div>\n<\/div>\n<\/div>\n<\/div>\n<\/div>\n<\/div>\n","protected":false},"excerpt":{"rendered":"<p>Jade blanc facett\u00e9 4x2mm Perles naturelles d&rsquo;eau douce blanches 6mm Spacer plaqu\u00e9 or 18k Breloque en or Artefact Taille : 16 \u00e0 18 pouces avec cha\u00eene en acier inoxydable plaqu\u00e9 or 18k &nbsp; Selon la Gr\u00e8ce Antique, Ce collier de jade blanc parsem\u00e9 d&rsquo;une perle blanche classique et de touches d&rsquo;or incarne une \u00e9l\u00e9gance sereine [&hellip;]<\/p>\n","protected":false},"featured_media":1774,"template":"","meta":[],"product_brand":[],"product_cat":[129,128,131,130],"product_tag":[133,134,135,132,136,137],"class_list":{"0":"post-1780","1":"product","2":"type-product","3":"status-publish","4":"has-post-thumbnail","6":"product_cat-colliers-fr","7":"product_cat-femmes","8":"product_cat-grecque-fr","9":"product_cat-tous-les-bijoux-pour-femmes","10":"product_tag-blanc-fr","11":"product_tag-blanc-fr-2","12":"product_tag-jade-fr","13":"product_tag-lor","14":"product_tag-or-fr","15":"product_tag-perle","17":"first","18":"instock","19":"sale","20":"taxable","21":"shipping-taxable","22":"purchasable","23":"product-type-simple"},"_links":{"self":[{"href":"https:\/\/artefactjewelry.com\/fr\/wp-json\/wp\/v2\/product\/1780","targetHints":{"allow":["GET"]}}],"collection":[{"href":"https:\/\/artefactjewelry.com\/fr\/wp-json\/wp\/v2\/product"}],"about":[{"href":"https:\/\/artefactjewelry.com\/fr\/wp-json\/wp\/v2\/types\/product"}],"wp:featuredmedia":[{"embeddable":true,"href":"https:\/\/artefactjewelry.com\/fr\/wp-json\/wp\/v2\/media\/1774"}],"wp:attachment":[{"href":"https:\/\/artefactjewelry.com\/fr\/wp-json\/wp\/v2\/media?parent=1780"}],"wp:term":[{"taxonomy":"product_brand","embeddable":true,"href":"https:\/\/artefactjewelry.com\/fr\/wp-json\/wp\/v2\/product_brand?post=1780"},{"taxonomy":"product_cat","embeddable":true,"href":"https:\/\/artefactjewelry.com\/fr\/wp-json\/wp\/v2\/product_cat?post=1780"},{"taxonomy":"product_tag","embeddable":true,"href":"https:\/\/artefactjewelry.com\/fr\/wp-json\/wp\/v2\/product_tag?post=1780"}],"curies":[{"name":"wp","href":"https:\/\/api.w.org\/{rel}","templated":true}]}}