{"id":1781,"date":"2024-04-27T14:30:00","date_gmt":"2024-04-27T18:30:00","guid":{"rendered":"https:\/\/artefactjewelry.com\/product\/collier-de-perles-naturelles-et-daventurine-rose-avec-spacer-en-or\/"},"modified":"2025-09-09T15:28:12","modified_gmt":"2025-09-09T19:28:12","slug":"collier-de-perles-naturelles-et-daventurine-rose-avec-spacer-en-or","status":"publish","type":"product","link":"https:\/\/artefactjewelry.com\/fr\/produit\/collier-de-perles-naturelles-et-daventurine-rose-avec-spacer-en-or\/","title":{"rendered":"Collier de Perles naturelles et d&rsquo;Aventurine rose avec spacer en or"},"content":{"rendered":"<ul>\n<li>Perles d&rsquo;eau douce naturelles blanches 6mm<\/li>\n<li>Aventurine rose ronde 6mm<\/li>\n<li>Spacer plaqu\u00e9 or 18k<\/li>\n<li>Perle Artefact en or<\/li>\n<li>Taille : 16 \u00e0 18 pouces avec une cha\u00eene d&rsquo;extension en acier inoxydable plaqu\u00e9 or 18k<\/li>\n<\/ul>\n<p>&nbsp;<\/p>\n<p><strong>Selon la Gr\u00e8ce antique ,<\/strong><\/p>\n<p>Ce collier d\u00e9licat, avec son doux m\u00e9lange de perles blanches et d&rsquo;aventurine rose, aurait \u00e9t\u00e9 une charmante parure pour une femme grecque. La puret\u00e9 des perles, un tr\u00e9sor de la mer, compl\u00e9t\u00e9e par la subtilit\u00e9 de l&rsquo;aventurine rose, symbolise la f\u00e9minit\u00e9 et l&rsquo;amour. Une telle pi\u00e8ce aurait pu \u00eatre associ\u00e9e \u00e0 Aphrodite, la d\u00e9esse de l&rsquo;amour et de la beaut\u00e9. C&rsquo;est un collier qui \u00e9voque la gr\u00e2ce et la force douce de l&rsquo;esprit f\u00e9minin.<\/p>\n","protected":false},"excerpt":{"rendered":"<p>Perles d&rsquo;eau douce naturelles blanches 6mm Aventurine rose ronde 6mm Spacer plaqu\u00e9 or 18k Perle Artefact en or Taille : 16 \u00e0 18 pouces avec une cha\u00eene d&rsquo;extension en acier inoxydable plaqu\u00e9 or 18k &nbsp; Selon la Gr\u00e8ce antique , Ce collier d\u00e9licat, avec son doux m\u00e9lange de perles blanches et d&rsquo;aventurine rose, aurait \u00e9t\u00e9 [&hellip;]<\/p>\n","protected":false},"featured_media":1730,"template":"","meta":[],"product_brand":[],"product_cat":[129,128,131,130],"product_tag":[138,133,141,137,139,140],"class_list":{"0":"post-1781","1":"product","2":"type-product","3":"status-publish","4":"has-post-thumbnail","6":"product_cat-colliers-fr","7":"product_cat-femmes","8":"product_cat-grecque-fr","9":"product_cat-tous-les-bijoux-pour-femmes","10":"product_tag-aventurine-fr","11":"product_tag-blanc-fr","12":"product_tag-orange-fr","13":"product_tag-perle","14":"product_tag-rose-fr","15":"product_tag-rose-fr-2","17":"first","18":"instock","19":"sale","20":"taxable","21":"shipping-taxable","22":"purchasable","23":"product-type-simple"},"_links":{"self":[{"href":"https:\/\/artefactjewelry.com\/fr\/wp-json\/wp\/v2\/product\/1781","targetHints":{"allow":["GET"]}}],"collection":[{"href":"https:\/\/artefactjewelry.com\/fr\/wp-json\/wp\/v2\/product"}],"about":[{"href":"https:\/\/artefactjewelry.com\/fr\/wp-json\/wp\/v2\/types\/product"}],"wp:featuredmedia":[{"embeddable":true,"href":"https:\/\/artefactjewelry.com\/fr\/wp-json\/wp\/v2\/media\/1730"}],"wp:attachment":[{"href":"https:\/\/artefactjewelry.com\/fr\/wp-json\/wp\/v2\/media?parent=1781"}],"wp:term":[{"taxonomy":"product_brand","embeddable":true,"href":"https:\/\/artefactjewelry.com\/fr\/wp-json\/wp\/v2\/product_brand?post=1781"},{"taxonomy":"product_cat","embeddable":true,"href":"https:\/\/artefactjewelry.com\/fr\/wp-json\/wp\/v2\/product_cat?post=1781"},{"taxonomy":"product_tag","embeddable":true,"href":"https:\/\/artefactjewelry.com\/fr\/wp-json\/wp\/v2\/product_tag?post=1781"}],"curies":[{"name":"wp","href":"https:\/\/api.w.org\/{rel}","templated":true}]}}