{"id":2022,"date":"2024-04-27T14:22:27","date_gmt":"2024-04-27T18:22:27","guid":{"rendered":"https:\/\/artefactjewelry.com\/product\/collier-pour-homme-en-perles-blanches-naturelles-avec-jaspe-imperial-et-evil-eye\/"},"modified":"2025-09-09T15:28:13","modified_gmt":"2025-09-09T19:28:13","slug":"collier-pour-homme-en-perles-blanches-naturelles-avec-jaspe-imperial-et-evil-eye","status":"publish","type":"product","link":"https:\/\/artefactjewelry.com\/fr\/produit\/collier-pour-homme-en-perles-blanches-naturelles-avec-jaspe-imperial-et-evil-eye\/","title":{"rendered":"Collier pour homme en perles blanches naturelles avec Jaspe Imp\u00e9rial et Evil eye"},"content":{"rendered":"<ul>\n<li>Perles blanches d&rsquo;eau douce naturelles 6.5mm<\/li>\n<li>Jaspe imp\u00e9rial multicolore rond 6mm<\/li>\n<li>Evil eye lampwork rond 6mm (3 \u00e0 4)<\/li>\n<li>Perle avec le logo Artefact<\/li>\n<li>Extension de cha\u00eene de 2 pouces<\/li>\n<\/ul>\n<p>&nbsp;<\/p>\n<p><strong>Selon la Gr\u00e8ce Antique,<\/strong><\/p>\n<p>Les perles blanches symbolisent la puret\u00e9 et la sagesse. le jaspe imp\u00e9rial, avec sa riche vari\u00e9t\u00e9 de couleurs, repr\u00e9sente la force et le lien avec la terre. Les perles du mauvais \u0153il sont particuli\u00e8rement importantes dans la culture grecque, car elles sont cens\u00e9es \u00e9loigner les mal\u00e9fices et apporter une protection \u00e0 celui qui les porte. Cette pi\u00e8ce allie magnifiquement esth\u00e9tique et \u00e9l\u00e9ments protecteurs, faisant d&rsquo;elle non seulement une d\u00e9claration de beaut\u00e9, mais aussi un talisman protecteur dans les croyances traditionnelles grecques.<\/p>\n","protected":false},"excerpt":{"rendered":"<p>Perles blanches d&rsquo;eau douce naturelles 6.5mm Jaspe imp\u00e9rial multicolore rond 6mm Evil eye lampwork rond 6mm (3 \u00e0 4) Perle avec le logo Artefact Extension de cha\u00eene de 2 pouces &nbsp; Selon la Gr\u00e8ce Antique, Les perles blanches symbolisent la puret\u00e9 et la sagesse. le jaspe imp\u00e9rial, avec sa riche vari\u00e9t\u00e9 de couleurs, repr\u00e9sente la [&hellip;]<\/p>\n","protected":false},"featured_media":1729,"template":"","meta":[],"product_brand":[],"product_cat":[125,127,126,142],"product_tag":[133,134,149,150,137],"class_list":{"0":"post-2022","1":"product","2":"type-product","3":"status-publish","4":"has-post-thumbnail","6":"product_cat-colliers","7":"product_cat-grecque","8":"product_cat-tous-les-bijoux-pour-hommes","9":"product_cat-homme","10":"product_tag-blanc-fr","11":"product_tag-blanc-fr-2","12":"product_tag-jaspe","13":"product_tag-multicolore","14":"product_tag-perle","15":"pa_mens-necklaces-size-20-to-22-inch","16":"pa_mens-necklaces-size-24-to-26-inch","18":"first","19":"instock","20":"sale","21":"taxable","22":"shipping-taxable","23":"purchasable","24":"product-type-variable"},"_links":{"self":[{"href":"https:\/\/artefactjewelry.com\/fr\/wp-json\/wp\/v2\/product\/2022","targetHints":{"allow":["GET"]}}],"collection":[{"href":"https:\/\/artefactjewelry.com\/fr\/wp-json\/wp\/v2\/product"}],"about":[{"href":"https:\/\/artefactjewelry.com\/fr\/wp-json\/wp\/v2\/types\/product"}],"wp:featuredmedia":[{"embeddable":true,"href":"https:\/\/artefactjewelry.com\/fr\/wp-json\/wp\/v2\/media\/1729"}],"wp:attachment":[{"href":"https:\/\/artefactjewelry.com\/fr\/wp-json\/wp\/v2\/media?parent=2022"}],"wp:term":[{"taxonomy":"product_brand","embeddable":true,"href":"https:\/\/artefactjewelry.com\/fr\/wp-json\/wp\/v2\/product_brand?post=2022"},{"taxonomy":"product_cat","embeddable":true,"href":"https:\/\/artefactjewelry.com\/fr\/wp-json\/wp\/v2\/product_cat?post=2022"},{"taxonomy":"product_tag","embeddable":true,"href":"https:\/\/artefactjewelry.com\/fr\/wp-json\/wp\/v2\/product_tag?post=2022"}],"curies":[{"name":"wp","href":"https:\/\/api.w.org\/{rel}","templated":true}]}}