{"id":2025,"date":"2024-04-27T14:14:45","date_gmt":"2024-04-27T18:14:45","guid":{"rendered":"https:\/\/artefactjewelry.com\/product\/collier-de-perles-roses-anciennes-naturelles-et-grenat-a-facettes-avec-spacer-en-or\/"},"modified":"2025-09-09T15:28:15","modified_gmt":"2025-09-09T19:28:15","slug":"collier-de-perles-roses-anciennes-naturelles-et-grenat-a-facettes-avec-spacer-en-or","status":"publish","type":"product","link":"https:\/\/artefactjewelry.com\/fr\/produit\/collier-de-perles-roses-anciennes-naturelles-et-grenat-a-facettes-avec-spacer-en-or\/","title":{"rendered":"Collier de perles roses anciennes naturelles et grenat \u00e0 facettes avec spacer en or"},"content":{"rendered":"<ul>\n<li>Perles naturelles d&rsquo;eau douce rose ancienne rondes 3.5mm<\/li>\n<li>Grenat \u00e0 facettes 4mm<\/li>\n<li>Spacer plaqu\u00e9 or 18k<\/li>\n<li>Breloque Artefact en or<\/li>\n<li>grandeur : 16 \u00e0 18 pouces avec extension de cha\u00eene en acier inoxydable plaqu\u00e9 or 18k<\/li>\n<\/ul>\n<p>&nbsp;<\/p>\n<p><strong>Selon la Gr\u00e8ce Antique,<\/strong><\/p>\n<p>Le grenat, une pierre appr\u00e9ci\u00e9e depuis l&rsquo;Antiquit\u00e9 pour sa couleur rouge profond, symbolisant la passion et la protection. Les perles roses anciennes, avec leurs teintes douces et chaudes, \u00e9voquent la f\u00e9minit\u00e9, la gr\u00e2ce et la douce beaut\u00e9 de l&rsquo;aube qu&rsquo;Aphrodite elle-m\u00eame aurait pu adorer. Ensemble, ces pierres repr\u00e9sentent un \u00e9quilibre harmonieux entre force et douceur, des qualit\u00e9s tr\u00e8s appr\u00e9ci\u00e9es dans la culture et la mythologie grecques. Faisant de ce collier non seulement un accessoire mais aussi une d\u00e9claration de la vie int\u00e9rieure et des valeurs de la personne qui le porte.<\/p>\n","protected":false},"excerpt":{"rendered":"<p>Perles naturelles d&rsquo;eau douce rose ancienne rondes 3.5mm Grenat \u00e0 facettes 4mm Spacer plaqu\u00e9 or 18k Breloque Artefact en or grandeur : 16 \u00e0 18 pouces avec extension de cha\u00eene en acier inoxydable plaqu\u00e9 or 18k &nbsp; Selon la Gr\u00e8ce Antique, Le grenat, une pierre appr\u00e9ci\u00e9e depuis l&rsquo;Antiquit\u00e9 pour sa couleur rouge profond, symbolisant la [&hellip;]<\/p>\n","protected":false},"featured_media":1728,"template":"","meta":[],"product_brand":[],"product_cat":[129,128,131,130],"product_tag":[152,132,154,139,140,153,151],"class_list":{"0":"post-2025","1":"product","2":"type-product","3":"status-publish","4":"has-post-thumbnail","6":"product_cat-colliers-fr","7":"product_cat-femmes","8":"product_cat-grecque-fr","9":"product_cat-tous-les-bijoux-pour-femmes","10":"product_tag-grenat","11":"product_tag-lor","12":"product_tag-perles","13":"product_tag-rose-fr","14":"product_tag-rose-fr-2","15":"product_tag-rouge-fr-2","16":"product_tag-rouge-fr","18":"first","19":"instock","20":"sale","21":"taxable","22":"shipping-taxable","23":"purchasable","24":"product-type-simple"},"_links":{"self":[{"href":"https:\/\/artefactjewelry.com\/fr\/wp-json\/wp\/v2\/product\/2025","targetHints":{"allow":["GET"]}}],"collection":[{"href":"https:\/\/artefactjewelry.com\/fr\/wp-json\/wp\/v2\/product"}],"about":[{"href":"https:\/\/artefactjewelry.com\/fr\/wp-json\/wp\/v2\/types\/product"}],"wp:featuredmedia":[{"embeddable":true,"href":"https:\/\/artefactjewelry.com\/fr\/wp-json\/wp\/v2\/media\/1728"}],"wp:attachment":[{"href":"https:\/\/artefactjewelry.com\/fr\/wp-json\/wp\/v2\/media?parent=2025"}],"wp:term":[{"taxonomy":"product_brand","embeddable":true,"href":"https:\/\/artefactjewelry.com\/fr\/wp-json\/wp\/v2\/product_brand?post=2025"},{"taxonomy":"product_cat","embeddable":true,"href":"https:\/\/artefactjewelry.com\/fr\/wp-json\/wp\/v2\/product_cat?post=2025"},{"taxonomy":"product_tag","embeddable":true,"href":"https:\/\/artefactjewelry.com\/fr\/wp-json\/wp\/v2\/product_tag?post=2025"}],"curies":[{"name":"wp","href":"https:\/\/api.w.org\/{rel}","templated":true}]}}