{"id":2026,"date":"2024-04-27T14:06:52","date_gmt":"2024-04-27T18:06:52","guid":{"rendered":"https:\/\/artefactjewelry.com\/product\/collier-de-perles-blanches-naturelles-et-de-jaspes-imperial-avec-fleurs-du-mauvais-oeil-et-spacer-en-or\/"},"modified":"2025-09-09T15:28:16","modified_gmt":"2025-09-09T19:28:16","slug":"collier-de-perles-blanches-naturelles-et-de-jaspes-imperial-avec-fleurs-du-mauvais-oeil-et-spacer-en-or","status":"publish","type":"product","link":"https:\/\/artefactjewelry.com\/fr\/produit\/collier-de-perles-blanches-naturelles-et-de-jaspes-imperial-avec-fleurs-du-mauvais-oeil-et-spacer-en-or\/","title":{"rendered":"Collier de perles blanches naturelles et de jaspes imp\u00e9rial avec fleurs du mauvais oeil et spacer en or"},"content":{"rendered":"<ul>\n<li>Perles blanches d&rsquo;eau douce naturelles 6mm<\/li>\n<li>Jaspe imp\u00e9rial rond 6mm<\/li>\n<li>Fleur du mauvais oeuil lampwork 7mm<\/li>\n<li>Spacer plaqu\u00e9e or 18k<\/li>\n<li>grandeur : 16 \u00e0 18 pouces avec extension de cha\u00eene en acier inoxydable plaqu\u00e9 or 18k<\/li>\n<li>Perle Artefact en or<\/li>\n<li>(Les couleurs peuvent varier)<\/li>\n<\/ul>\n<p>&nbsp;<\/p>\n<p><strong>Selon la Gr\u00e8ce Antique,<\/strong><\/p>\n<p>Les perles blanches, synonymes de puret\u00e9 et de gr\u00e2ce, \u00e9taient estim\u00e9es dans la culture grecque antique et souvent associ\u00e9es \u00e0 la d\u00e9esse Aphrodite. Le jaspe imp\u00e9rial, avec son \u00e9ventail de couleurs, ajoute une vibration terreuse, repr\u00e9sentant la riche tapisserie de la vie. Une telle pi\u00e8ce \u00e9voquerait le lien d&rsquo;une femme avec la beaut\u00e9 du monde naturel, un jardin portable refl\u00e9tant la vari\u00e9t\u00e9 de la flore grecque, une d\u00e9claration de la f\u00e9minit\u00e9, de la fertilit\u00e9 et de la vie artistique cultiv\u00e9e par les femmes grecques.<\/p>\n<p>&nbsp;<\/p>\n","protected":false},"excerpt":{"rendered":"<p>Perles blanches d&rsquo;eau douce naturelles 6mm Jaspe imp\u00e9rial rond 6mm Fleur du mauvais oeuil lampwork 7mm Spacer plaqu\u00e9e or 18k grandeur : 16 \u00e0 18 pouces avec extension de cha\u00eene en acier inoxydable plaqu\u00e9 or 18k Perle Artefact en or (Les couleurs peuvent varier) &nbsp; Selon la Gr\u00e8ce Antique, Les perles blanches, synonymes de puret\u00e9 [&hellip;]<\/p>\n","protected":false},"featured_media":1727,"template":"","meta":[],"product_brand":[],"product_cat":[129,128,131,130],"product_tag":[133,149,132,155,150,136,137],"class_list":{"0":"post-2026","1":"product","2":"type-product","3":"status-publish","4":"has-post-thumbnail","6":"product_cat-colliers-fr","7":"product_cat-femmes","8":"product_cat-grecque-fr","9":"product_cat-tous-les-bijoux-pour-femmes","10":"product_tag-blanc-fr","11":"product_tag-jaspe","12":"product_tag-lor","13":"product_tag-mauvais-oeil","14":"product_tag-multicolore","15":"product_tag-or-fr","16":"product_tag-perle","18":"first","19":"instock","20":"sale","21":"taxable","22":"shipping-taxable","23":"purchasable","24":"product-type-simple"},"_links":{"self":[{"href":"https:\/\/artefactjewelry.com\/fr\/wp-json\/wp\/v2\/product\/2026","targetHints":{"allow":["GET"]}}],"collection":[{"href":"https:\/\/artefactjewelry.com\/fr\/wp-json\/wp\/v2\/product"}],"about":[{"href":"https:\/\/artefactjewelry.com\/fr\/wp-json\/wp\/v2\/types\/product"}],"wp:featuredmedia":[{"embeddable":true,"href":"https:\/\/artefactjewelry.com\/fr\/wp-json\/wp\/v2\/media\/1727"}],"wp:attachment":[{"href":"https:\/\/artefactjewelry.com\/fr\/wp-json\/wp\/v2\/media?parent=2026"}],"wp:term":[{"taxonomy":"product_brand","embeddable":true,"href":"https:\/\/artefactjewelry.com\/fr\/wp-json\/wp\/v2\/product_brand?post=2026"},{"taxonomy":"product_cat","embeddable":true,"href":"https:\/\/artefactjewelry.com\/fr\/wp-json\/wp\/v2\/product_cat?post=2026"},{"taxonomy":"product_tag","embeddable":true,"href":"https:\/\/artefactjewelry.com\/fr\/wp-json\/wp\/v2\/product_tag?post=2026"}],"curies":[{"name":"wp","href":"https:\/\/api.w.org\/{rel}","templated":true}]}}