{"id":2027,"date":"2024-04-24T22:55:34","date_gmt":"2024-04-25T02:55:34","guid":{"rendered":"https:\/\/artefactjewelry.com\/product\/collier-de-perles-naturelles-roses-et-de-paons-gris-fonce-avec-spacer-en-hematite\/"},"modified":"2025-09-09T15:28:18","modified_gmt":"2025-09-09T19:28:18","slug":"collier-de-perles-naturelles-roses-et-de-paons-gris-fonce-avec-spacer-en-hematite","status":"publish","type":"product","link":"https:\/\/artefactjewelry.com\/fr\/produit\/collier-de-perles-naturelles-roses-et-de-paons-gris-fonce-avec-spacer-en-hematite\/","title":{"rendered":"Collier de perles naturelles roses et de paons gris fonc\u00e9 avec spacer en h\u00e9matite"},"content":{"rendered":"<ul>\n<li>Perles naturelles d&rsquo;eau douce roses 4mm<\/li>\n<li>Perles naturelles d&rsquo;eau douce de paon 4.5mm<\/li>\n<li>Spacer en h\u00e9matite 4mm<\/li>\n<li>Rallonge de cha\u00eene 2 pouces<\/li>\n<\/ul>\n<p>&nbsp;<\/p>\n<p><strong>Selon la Gr\u00e8ce antique,<\/strong><\/p>\n<p>Les perles \u00e9taient appr\u00e9ci\u00e9es pour leur beaut\u00e9 et comme symboles de sagesse et de prosp\u00e9rit\u00e9. Les perles roses, avec leur teinte douce, repr\u00e9sentent l&rsquo;\u00e9clat de l&rsquo;aube, capturant la lumi\u00e8re matinale de la M\u00e9diterran\u00e9e.<\/p>\n","protected":false},"excerpt":{"rendered":"<p>Perles naturelles d&rsquo;eau douce roses 4mm Perles naturelles d&rsquo;eau douce de paon 4.5mm Spacer en h\u00e9matite 4mm Rallonge de cha\u00eene 2 pouces &nbsp; Selon la Gr\u00e8ce antique, Les perles \u00e9taient appr\u00e9ci\u00e9es pour leur beaut\u00e9 et comme symboles de sagesse et de prosp\u00e9rit\u00e9. Les perles roses, avec leur teinte douce, repr\u00e9sentent l&rsquo;\u00e9clat de l&rsquo;aube, capturant la [&hellip;]<\/p>\n","protected":false},"featured_media":1740,"template":"","meta":[],"product_brand":[],"product_cat":[125,127,126,142],"product_tag":[157,158,156,137,139,140],"class_list":{"0":"post-2027","1":"product","2":"type-product","3":"status-publish","4":"has-post-thumbnail","6":"product_cat-colliers","7":"product_cat-grecque","8":"product_cat-tous-les-bijoux-pour-hommes","9":"product_cat-homme","10":"product_tag-hematite-fr","11":"product_tag-noir-fr-2","12":"product_tag-noir-fr","13":"product_tag-perle","14":"product_tag-rose-fr","15":"product_tag-rose-fr-2","16":"pa_mens-necklaces-size-20-to-22-inch","17":"pa_mens-necklaces-size-24-to-26-inch","19":"first","20":"instock","21":"sale","22":"taxable","23":"shipping-taxable","24":"purchasable","25":"product-type-variable"},"_links":{"self":[{"href":"https:\/\/artefactjewelry.com\/fr\/wp-json\/wp\/v2\/product\/2027","targetHints":{"allow":["GET"]}}],"collection":[{"href":"https:\/\/artefactjewelry.com\/fr\/wp-json\/wp\/v2\/product"}],"about":[{"href":"https:\/\/artefactjewelry.com\/fr\/wp-json\/wp\/v2\/types\/product"}],"wp:featuredmedia":[{"embeddable":true,"href":"https:\/\/artefactjewelry.com\/fr\/wp-json\/wp\/v2\/media\/1740"}],"wp:attachment":[{"href":"https:\/\/artefactjewelry.com\/fr\/wp-json\/wp\/v2\/media?parent=2027"}],"wp:term":[{"taxonomy":"product_brand","embeddable":true,"href":"https:\/\/artefactjewelry.com\/fr\/wp-json\/wp\/v2\/product_brand?post=2027"},{"taxonomy":"product_cat","embeddable":true,"href":"https:\/\/artefactjewelry.com\/fr\/wp-json\/wp\/v2\/product_cat?post=2027"},{"taxonomy":"product_tag","embeddable":true,"href":"https:\/\/artefactjewelry.com\/fr\/wp-json\/wp\/v2\/product_tag?post=2027"}],"curies":[{"name":"wp","href":"https:\/\/api.w.org\/{rel}","templated":true}]}}