{"id":2030,"date":"2024-04-24T23:29:02","date_gmt":"2024-04-25T03:29:02","guid":{"rendered":"https:\/\/artefactjewelry.com\/product\/bracelet-damethyste-et-donyx-avec-spacer-grecques-noires\/"},"modified":"2025-09-14T11:09:45","modified_gmt":"2025-09-14T15:09:45","slug":"bracelet-damethyste-et-donyx-avec-spacer-grecques-noires","status":"publish","type":"product","link":"https:\/\/artefactjewelry.com\/fr\/produit\/bracelet-damethyste-et-donyx-avec-spacer-grecques-noires\/","title":{"rendered":"Bracelet d&rsquo;am\u00e9thyste et d&rsquo;onyx avec spacer grecques noires"},"content":{"rendered":"<ul>\n<li>Am\u00e9thyste ronde 8mm<\/li>\n<li>Onyx rond 8mm<\/li>\n<li>Spacer grecque noire<\/li>\n<li>Perle Artefact Gunmetal<\/li>\n<li>Cordon \u00e9lastique et extensible<\/li>\n<\/ul>\n<p>&nbsp;<\/p>\n<p><strong>Selon la Gr\u00e8ce Antique,<\/strong><\/p>\n<p>L&rsquo;am\u00e9thyste, qui tire son nom du mot grec \u00ab\u00a0amethystos\u00a0\u00bb signifiant \u00ab\u00a0sans ivresse\u00a0\u00bb, est li\u00e9e \u00e0 une l\u00e9gende impliquant Dionysos qui, apr\u00e8s avoir jur\u00e9 de se venger d&rsquo;un mortel, transforma par inadvertance une jeune fille nomm\u00e9e Amethystos en quartz, et ses larmes de vin pleines de remords teint\u00e8rent la pierre de violet, symbolisant la sobri\u00e9t\u00e9. Ce lien entre la pierre et le dieu sugg\u00e8re que le port de l&rsquo;am\u00e9thyste pr\u00e9viendrait l&rsquo;ivresse et favoriserait la clart\u00e9 d&rsquo;esprit.<\/p>\n","protected":false},"excerpt":{"rendered":"<p>Am\u00e9thyste ronde 8mm Onyx rond 8mm Spacer grecque noire Perle Artefact Gunmetal Cordon \u00e9lastique et extensible &nbsp; Selon la Gr\u00e8ce Antique, L&rsquo;am\u00e9thyste, qui tire son nom du mot grec \u00ab\u00a0amethystos\u00a0\u00bb signifiant \u00ab\u00a0sans ivresse\u00a0\u00bb, est li\u00e9e \u00e0 une l\u00e9gende impliquant Dionysos qui, apr\u00e8s avoir jur\u00e9 de se venger d&rsquo;un mortel, transforma par inadvertance une jeune fille [&hellip;]<\/p>\n","protected":false},"featured_media":1745,"template":"","meta":[],"product_brand":[],"product_cat":[159,127,126,142],"product_tag":[161,163,156,158,160,162],"class_list":{"0":"post-2030","1":"product","2":"type-product","3":"status-publish","4":"has-post-thumbnail","6":"product_cat-bracelets-fr","7":"product_cat-grecque","8":"product_cat-tous-les-bijoux-pour-hommes","9":"product_cat-homme","10":"product_tag-amethyste","11":"product_tag-mauve-fr","12":"product_tag-noir-fr","13":"product_tag-noir-fr-2","14":"product_tag-onyx-fr","15":"product_tag-violet","16":"pa_mens-bracelets-size-small-7-inch","17":"pa_mens-bracelets-size-medium-7-1-2-inch","18":"pa_mens-bracelets-size-large-7-3-4-inch","19":"pa_mens-bracelets-size-x-large-8-inch","20":"pa_mens-bracelets-size-xx-large-8-1-2","22":"first","23":"instock","24":"sale","25":"taxable","26":"shipping-taxable","27":"purchasable","28":"product-type-variable"},"_links":{"self":[{"href":"https:\/\/artefactjewelry.com\/fr\/wp-json\/wp\/v2\/product\/2030","targetHints":{"allow":["GET"]}}],"collection":[{"href":"https:\/\/artefactjewelry.com\/fr\/wp-json\/wp\/v2\/product"}],"about":[{"href":"https:\/\/artefactjewelry.com\/fr\/wp-json\/wp\/v2\/types\/product"}],"wp:featuredmedia":[{"embeddable":true,"href":"https:\/\/artefactjewelry.com\/fr\/wp-json\/wp\/v2\/media\/1745"}],"wp:attachment":[{"href":"https:\/\/artefactjewelry.com\/fr\/wp-json\/wp\/v2\/media?parent=2030"}],"wp:term":[{"taxonomy":"product_brand","embeddable":true,"href":"https:\/\/artefactjewelry.com\/fr\/wp-json\/wp\/v2\/product_brand?post=2030"},{"taxonomy":"product_cat","embeddable":true,"href":"https:\/\/artefactjewelry.com\/fr\/wp-json\/wp\/v2\/product_cat?post=2030"},{"taxonomy":"product_tag","embeddable":true,"href":"https:\/\/artefactjewelry.com\/fr\/wp-json\/wp\/v2\/product_tag?post=2030"}],"curies":[{"name":"wp","href":"https:\/\/api.w.org\/{rel}","templated":true}]}}