{"id":2036,"date":"2024-04-24T20:31:43","date_gmt":"2024-04-25T00:31:43","guid":{"rendered":"https:\/\/artefactjewelry.com\/product\/collier-de-perles-naturelles-et-spacer-gunmetal\/"},"modified":"2025-09-09T15:28:19","modified_gmt":"2025-09-09T19:28:19","slug":"collier-de-perles-naturelles-et-spacer-gunmetal","status":"publish","type":"product","link":"https:\/\/artefactjewelry.com\/fr\/produit\/collier-de-perles-naturelles-et-spacer-gunmetal\/","title":{"rendered":"Collier de perles naturelles et spacer Gunmetal"},"content":{"rendered":"<ul>\n<li>Perles naturelles d&rsquo;eau douce blanches 8mm<\/li>\n<li>Spacer Gunmetal<\/li>\n<li>Perle Artefact Gunmetal<\/li>\n<li>Rallonge de cha\u00eene 2 pouces<\/li>\n<\/ul>\n<p>&nbsp;<\/p>\n<p><strong>Selon la Gr\u00e8ce antique,<\/strong><\/p>\n<p>Les perles blanches ont longtemps \u00e9t\u00e9 des symboles de puret\u00e9 et de sagesse, et pour les hommes grecs, un tel collier aurait pu signifier une connexion avec le divin. Les perles \u00e9taient des tr\u00e9sors de la mer et pour les marins grecs, elles repr\u00e9sentaient la g\u00e9n\u00e9rosit\u00e9 de l&rsquo;oc\u00e9an et les myst\u00e8res qu&rsquo;il renfermait.<\/p>\n<p>&nbsp;<\/p>\n","protected":false},"excerpt":{"rendered":"<p>Perles naturelles d&rsquo;eau douce blanches 8mm Spacer Gunmetal Perle Artefact Gunmetal Rallonge de cha\u00eene 2 pouces &nbsp; Selon la Gr\u00e8ce antique, Les perles blanches ont longtemps \u00e9t\u00e9 des symboles de puret\u00e9 et de sagesse, et pour les hommes grecs, un tel collier aurait pu signifier une connexion avec le divin. Les perles \u00e9taient des tr\u00e9sors [&hellip;]<\/p>\n","protected":false},"featured_media":1741,"template":"","meta":[],"product_brand":[],"product_cat":[125,127,126,142],"product_tag":[164,137],"class_list":{"0":"post-2036","1":"product","2":"type-product","3":"status-publish","4":"has-post-thumbnail","6":"product_cat-colliers","7":"product_cat-grecque","8":"product_cat-tous-les-bijoux-pour-hommes","9":"product_cat-homme","10":"product_tag-gunmetal-fr","11":"product_tag-perle","12":"pa_mens-necklaces-size-20-to-22-inch","13":"pa_mens-necklaces-size-24-to-26-inch","15":"first","16":"instock","17":"sale","18":"taxable","19":"shipping-taxable","20":"purchasable","21":"product-type-variable"},"_links":{"self":[{"href":"https:\/\/artefactjewelry.com\/fr\/wp-json\/wp\/v2\/product\/2036","targetHints":{"allow":["GET"]}}],"collection":[{"href":"https:\/\/artefactjewelry.com\/fr\/wp-json\/wp\/v2\/product"}],"about":[{"href":"https:\/\/artefactjewelry.com\/fr\/wp-json\/wp\/v2\/types\/product"}],"wp:featuredmedia":[{"embeddable":true,"href":"https:\/\/artefactjewelry.com\/fr\/wp-json\/wp\/v2\/media\/1741"}],"wp:attachment":[{"href":"https:\/\/artefactjewelry.com\/fr\/wp-json\/wp\/v2\/media?parent=2036"}],"wp:term":[{"taxonomy":"product_brand","embeddable":true,"href":"https:\/\/artefactjewelry.com\/fr\/wp-json\/wp\/v2\/product_brand?post=2036"},{"taxonomy":"product_cat","embeddable":true,"href":"https:\/\/artefactjewelry.com\/fr\/wp-json\/wp\/v2\/product_cat?post=2036"},{"taxonomy":"product_tag","embeddable":true,"href":"https:\/\/artefactjewelry.com\/fr\/wp-json\/wp\/v2\/product_tag?post=2036"}],"curies":[{"name":"wp","href":"https:\/\/api.w.org\/{rel}","templated":true}]}}