{"id":2045,"date":"2024-04-22T23:35:22","date_gmt":"2024-04-23T03:35:22","guid":{"rendered":"https:\/\/artefactjewelry.com\/product\/bracelet-de-malachite-et-de-bois-de-wenge-avec-spacer-en-metal-ancien\/"},"modified":"2025-09-09T15:28:22","modified_gmt":"2025-09-09T19:28:22","slug":"bracelet-de-malachite-et-de-bois-de-wenge-avec-spacer-en-metal-ancien","status":"publish","type":"product","link":"https:\/\/artefactjewelry.com\/fr\/produit\/bracelet-de-malachite-et-de-bois-de-wenge-avec-spacer-en-metal-ancien\/","title":{"rendered":"Bracelet de Malachite et de Bois de Weng\u00e9 avec spacer en m\u00e9tal Ancien"},"content":{"rendered":"<ul>\n<li>Malachite AA+ ronde 6mm<\/li>\n<li>Bois de weng\u00e9 rond 6mm<\/li>\n<li>Spacer en m\u00e9tal ancien<\/li>\n<li>Artefact Gunmetal Nameplate<\/li>\n<li>Cordon en nylon ajustable<\/li>\n<\/ul>\n<p>&nbsp;<\/p>\n<p><strong>Selon les anciens Mayas,<\/strong><\/p>\n<p>La malachite \u00e9tait appr\u00e9ci\u00e9e par les Mayas pour ses couleurs vertes, rappelant les for\u00eats tropicales et les paysages vallonn\u00e9s de leur environnement. Les bandes form\u00e9es dans la malachite pouvaient \u00eatre associ\u00e9es aux motifs de boucliers, lui conf\u00e9rant une valeur de talisman protecteur contre les dangers. <\/p>\n","protected":false},"excerpt":{"rendered":"<p>Malachite AA+ ronde 6mm Bois de weng\u00e9 rond 6mm Spacer en m\u00e9tal ancien Artefact Gunmetal Nameplate Cordon en nylon ajustable &nbsp; Selon les anciens Mayas, La malachite \u00e9tait appr\u00e9ci\u00e9e par les Mayas pour ses couleurs vertes, rappelant les for\u00eats tropicales et les paysages vallonn\u00e9s de leur environnement. Les bandes form\u00e9es dans la malachite pouvaient \u00eatre [&hellip;]<\/p>\n","protected":false},"featured_media":1877,"template":"","meta":[],"product_brand":[],"product_cat":[159,126,142,143],"product_tag":[175,169,167,173,171,174,172],"class_list":{"0":"post-2045","1":"product","2":"type-product","3":"status-publish","4":"has-post-thumbnail","6":"product_cat-bracelets-fr","7":"product_cat-tous-les-bijoux-pour-hommes","8":"product_cat-homme","9":"product_cat-maya-fr","10":"product_tag-ancien","11":"product_tag-bois","12":"product_tag-brun-fr","13":"product_tag-brun-fr-2","14":"product_tag-malachite-fr","15":"product_tag-vert-fr-2","16":"product_tag-vert-fr","17":"pa_mens-bracelets-size-small-7-inch","18":"pa_mens-bracelets-size-medium-7-1-2-inch","19":"pa_mens-bracelets-size-large-7-3-4-inch","20":"pa_mens-bracelets-size-x-large-8-inch","21":"pa_mens-bracelets-size-xx-large-8-1-2","23":"first","24":"instock","25":"sale","26":"taxable","27":"shipping-taxable","28":"purchasable","29":"product-type-variable"},"_links":{"self":[{"href":"https:\/\/artefactjewelry.com\/fr\/wp-json\/wp\/v2\/product\/2045","targetHints":{"allow":["GET"]}}],"collection":[{"href":"https:\/\/artefactjewelry.com\/fr\/wp-json\/wp\/v2\/product"}],"about":[{"href":"https:\/\/artefactjewelry.com\/fr\/wp-json\/wp\/v2\/types\/product"}],"wp:featuredmedia":[{"embeddable":true,"href":"https:\/\/artefactjewelry.com\/fr\/wp-json\/wp\/v2\/media\/1877"}],"wp:attachment":[{"href":"https:\/\/artefactjewelry.com\/fr\/wp-json\/wp\/v2\/media?parent=2045"}],"wp:term":[{"taxonomy":"product_brand","embeddable":true,"href":"https:\/\/artefactjewelry.com\/fr\/wp-json\/wp\/v2\/product_brand?post=2045"},{"taxonomy":"product_cat","embeddable":true,"href":"https:\/\/artefactjewelry.com\/fr\/wp-json\/wp\/v2\/product_cat?post=2045"},{"taxonomy":"product_tag","embeddable":true,"href":"https:\/\/artefactjewelry.com\/fr\/wp-json\/wp\/v2\/product_tag?post=2045"}],"curies":[{"name":"wp","href":"https:\/\/api.w.org\/{rel}","templated":true}]}}