{"id":2051,"date":"2024-04-22T23:28:29","date_gmt":"2024-04-23T03:28:29","guid":{"rendered":"https:\/\/artefactjewelry.com\/product\/bracelet-de-malachite-et-de-jade-citronne\/"},"modified":"2025-09-09T15:28:23","modified_gmt":"2025-09-09T19:28:23","slug":"bracelet-de-malachite-et-de-jade-citronne","status":"publish","type":"product","link":"https:\/\/artefactjewelry.com\/fr\/produit\/bracelet-de-malachite-et-de-jade-citronne\/","title":{"rendered":"Bracelet de malachite et de jade citronn\u00e9"},"content":{"rendered":"<ul>\n<li>Malachite ronde 6mm<\/li>\n<li>Jade citron \u00e0 facettes 6mm<\/li>\n<li>Nameplate Artefact en or<\/li>\n<li>Cordon en nylon ajustable<\/li>\n<\/ul>\n<p>&nbsp;<\/p>\n<p><strong>Selon les anciens Mayas,<\/strong><\/p>\n<p>Une personne orn\u00e9e de malachite et de jade jaune porte les battements de c\u0153ur de la terre et du soleil, incarnant la symbiose de la terre et du ciel.<\/p>\n","protected":false},"excerpt":{"rendered":"<p>Malachite ronde 6mm Jade citron \u00e0 facettes 6mm Nameplate Artefact en or Cordon en nylon ajustable &nbsp; Selon les anciens Mayas, Une personne orn\u00e9e de malachite et de jade jaune porte les battements de c\u0153ur de la terre et du soleil, incarnant la symbiose de la terre et du ciel.<\/p>\n","protected":false},"featured_media":2550,"template":"","meta":[],"product_brand":[],"product_cat":[159,126,142,143],"product_tag":[135,176,177,132,171,172,174],"class_list":{"0":"post-2051","1":"product","2":"type-product","3":"status-publish","4":"has-post-thumbnail","6":"product_cat-bracelets-fr","7":"product_cat-tous-les-bijoux-pour-hommes","8":"product_cat-homme","9":"product_cat-maya-fr","10":"product_tag-jade-fr","11":"product_tag-jaune-fr","12":"product_tag-jaune-fr-2","13":"product_tag-lor","14":"product_tag-malachite-fr","15":"product_tag-vert-fr","16":"product_tag-vert-fr-2","17":"pa_mens-bracelets-size-small-7-inch","18":"pa_mens-bracelets-size-medium-7-1-2-inch","19":"pa_mens-bracelets-size-large-7-3-4-inch","20":"pa_mens-bracelets-size-x-large-8-inch","21":"pa_mens-bracelets-size-xx-large-8-1-2","23":"first","24":"instock","25":"sale","26":"taxable","27":"shipping-taxable","28":"purchasable","29":"product-type-variable"},"_links":{"self":[{"href":"https:\/\/artefactjewelry.com\/fr\/wp-json\/wp\/v2\/product\/2051","targetHints":{"allow":["GET"]}}],"collection":[{"href":"https:\/\/artefactjewelry.com\/fr\/wp-json\/wp\/v2\/product"}],"about":[{"href":"https:\/\/artefactjewelry.com\/fr\/wp-json\/wp\/v2\/types\/product"}],"wp:featuredmedia":[{"embeddable":true,"href":"https:\/\/artefactjewelry.com\/fr\/wp-json\/wp\/v2\/media\/2550"}],"wp:attachment":[{"href":"https:\/\/artefactjewelry.com\/fr\/wp-json\/wp\/v2\/media?parent=2051"}],"wp:term":[{"taxonomy":"product_brand","embeddable":true,"href":"https:\/\/artefactjewelry.com\/fr\/wp-json\/wp\/v2\/product_brand?post=2051"},{"taxonomy":"product_cat","embeddable":true,"href":"https:\/\/artefactjewelry.com\/fr\/wp-json\/wp\/v2\/product_cat?post=2051"},{"taxonomy":"product_tag","embeddable":true,"href":"https:\/\/artefactjewelry.com\/fr\/wp-json\/wp\/v2\/product_tag?post=2051"}],"curies":[{"name":"wp","href":"https:\/\/api.w.org\/{rel}","templated":true}]}}