{"id":2057,"date":"2024-04-22T23:21:23","date_gmt":"2024-04-23T03:21:23","guid":{"rendered":"https:\/\/artefactjewelry.com\/product\/bracelet-de-serpentine-dancienne-agate-portant-le-mauvais-oeil\/"},"modified":"2025-09-09T15:28:25","modified_gmt":"2025-09-09T19:28:25","slug":"bracelet-de-serpentine-dancienne-agate-portant-le-mauvais-oeil","status":"publish","type":"product","link":"https:\/\/artefactjewelry.com\/fr\/produit\/bracelet-de-serpentine-dancienne-agate-portant-le-mauvais-oeil\/","title":{"rendered":"Bracelet de Serpentine &amp; d&rsquo;ancienne Agate portant le mauvais Oeil"},"content":{"rendered":"<ul>\n<li>Serpentine ronde 8mm<\/li>\n<li>Ancienne Agate (chauff\u00e9e &amp; teint\u00e9e) ronde 8mm \/ ovale 8x10mm<\/li>\n<li>Nameplate Artefact Gunmetal<\/li>\n<li>Cordon en nylon ajustable<\/li>\n<\/ul>\n<p>&nbsp;<\/p>\n<p><strong>Selon les anciens Mayas,<\/strong><\/p>\n<p>La serpentine \u00e9tait v\u00e9n\u00e9r\u00e9e pour sa ressemblance avec les \u00e9cailles d&rsquo;un serpent, cr\u00e9ature symbolique pour les Mayas. Cette association est \u00e9troitement li\u00e9e \u00e0 Kukulkan, la divinit\u00e9 du serpent \u00e0 plumes repr\u00e9sentant la cr\u00e9ation et le lien entre le ciel et la terre. En outre, les teintes vertes de la serpentine font \u00e9cho \u00e0 la vitalit\u00e9 de la jungle, source de vie, de m\u00e9decine et de myst\u00e8re.<\/p>\n<p>&nbsp;<\/p>\n","protected":false},"excerpt":{"rendered":"<p>Serpentine ronde 8mm Ancienne Agate (chauff\u00e9e &amp; teint\u00e9e) ronde 8mm \/ ovale 8x10mm Nameplate Artefact Gunmetal Cordon en nylon ajustable &nbsp; Selon les anciens Mayas, La serpentine \u00e9tait v\u00e9n\u00e9r\u00e9e pour sa ressemblance avec les \u00e9cailles d&rsquo;un serpent, cr\u00e9ature symbolique pour les Mayas. Cette association est \u00e9troitement li\u00e9e \u00e0 Kukulkan, la divinit\u00e9 du serpent \u00e0 plumes [&hellip;]<\/p>\n","protected":false},"featured_media":2548,"template":"","meta":[],"product_brand":[],"product_cat":[159,126,142,143],"product_tag":[178,175,155,179,172,174],"class_list":{"0":"post-2057","1":"product","2":"type-product","3":"status-publish","4":"has-post-thumbnail","6":"product_cat-bracelets-fr","7":"product_cat-tous-les-bijoux-pour-hommes","8":"product_cat-homme","9":"product_cat-maya-fr","10":"product_tag-agate-fr","11":"product_tag-ancien","12":"product_tag-mauvais-oeil","13":"product_tag-serpentine-fr","14":"product_tag-vert-fr","15":"product_tag-vert-fr-2","16":"pa_mens-bracelets-size-small-7-inch","17":"pa_mens-bracelets-size-medium-7-1-2-inch","18":"pa_mens-bracelets-size-large-7-3-4-inch","19":"pa_mens-bracelets-size-x-large-8-inch","20":"pa_mens-bracelets-size-xx-large-8-1-2","22":"first","23":"instock","24":"sale","25":"taxable","26":"shipping-taxable","27":"purchasable","28":"product-type-variable"},"_links":{"self":[{"href":"https:\/\/artefactjewelry.com\/fr\/wp-json\/wp\/v2\/product\/2057","targetHints":{"allow":["GET"]}}],"collection":[{"href":"https:\/\/artefactjewelry.com\/fr\/wp-json\/wp\/v2\/product"}],"about":[{"href":"https:\/\/artefactjewelry.com\/fr\/wp-json\/wp\/v2\/types\/product"}],"wp:featuredmedia":[{"embeddable":true,"href":"https:\/\/artefactjewelry.com\/fr\/wp-json\/wp\/v2\/media\/2548"}],"wp:attachment":[{"href":"https:\/\/artefactjewelry.com\/fr\/wp-json\/wp\/v2\/media?parent=2057"}],"wp:term":[{"taxonomy":"product_brand","embeddable":true,"href":"https:\/\/artefactjewelry.com\/fr\/wp-json\/wp\/v2\/product_brand?post=2057"},{"taxonomy":"product_cat","embeddable":true,"href":"https:\/\/artefactjewelry.com\/fr\/wp-json\/wp\/v2\/product_cat?post=2057"},{"taxonomy":"product_tag","embeddable":true,"href":"https:\/\/artefactjewelry.com\/fr\/wp-json\/wp\/v2\/product_tag?post=2057"}],"curies":[{"name":"wp","href":"https:\/\/api.w.org\/{rel}","templated":true}]}}