{"id":2063,"date":"2024-04-22T23:06:36","date_gmt":"2024-04-23T03:06:36","guid":{"rendered":"https:\/\/artefactjewelry.com\/product\/bracelet-de-jaspe-rondes-et-en-colonne-couleur-cafe-avec-des-separateurs-anciens\/"},"modified":"2025-09-09T15:28:26","modified_gmt":"2025-09-09T19:28:26","slug":"bracelet-de-jaspe-rondes-et-en-colonne-couleur-cafe-avec-des-separateurs-anciens","status":"publish","type":"product","link":"https:\/\/artefactjewelry.com\/fr\/produit\/bracelet-de-jaspe-rondes-et-en-colonne-couleur-cafe-avec-des-separateurs-anciens\/","title":{"rendered":"Bracelet de jaspe rondes et en colonne couleur caf\u00e9 avec des s\u00e9parateurs anciens."},"content":{"rendered":"<ul>\n<li>Jaspe couleur caf\u00e9 en colonne 4x12mm<\/li>\n<li>Jaspe Picasso 6mm<\/li>\n<li>Jaspe picture 6mm<\/li>\n<li>Jaspe jaune 6mm<\/li>\n<li>Spacer m\u00e9tallique 4x2mm<\/li>\n<li>Perle Artefact Gunmetal<\/li>\n<li>Cordon \u00e9lastique et extensible<\/li>\n<\/ul>\n<p>&nbsp;<\/p>\n<p><strong>Selon les anciens Mayas,<\/strong><\/p>\n<p>Ce jaspe, avec son spectre chaud allant du jaune moutarde aux bruns profonds, symbolise les dons vari\u00e9s de la terre. Ce bracelet est destin\u00e9 \u00e0 porter les battements de c\u0153ur des Mayas, \u00e0 suivre le rythme des saisons et \u00e0 honorer l&rsquo;\u00e9quilibre complexe de la nature. C&rsquo;est un talisman de prosp\u00e9rit\u00e9, de r\u00e9silience et de connexion avec l&rsquo;esprit durable de la terre.<\/p>\n<p>&nbsp;<\/p>\n","protected":false},"excerpt":{"rendered":"<p>Jaspe couleur caf\u00e9 en colonne 4x12mm Jaspe Picasso 6mm Jaspe picture 6mm Jaspe jaune 6mm Spacer m\u00e9tallique 4x2mm Perle Artefact Gunmetal Cordon \u00e9lastique et extensible &nbsp; Selon les anciens Mayas, Ce jaspe, avec son spectre chaud allant du jaune moutarde aux bruns profonds, symbolise les dons vari\u00e9s de la terre. Ce bracelet est destin\u00e9 \u00e0 [&hellip;]<\/p>\n","protected":false},"featured_media":1885,"template":"","meta":[],"product_brand":[],"product_cat":[159,126,142,143],"product_tag":[167,173,149,176,177,151,153],"class_list":{"0":"post-2063","1":"product","2":"type-product","3":"status-publish","4":"has-post-thumbnail","6":"product_cat-bracelets-fr","7":"product_cat-tous-les-bijoux-pour-hommes","8":"product_cat-homme","9":"product_cat-maya-fr","10":"product_tag-brun-fr","11":"product_tag-brun-fr-2","12":"product_tag-jaspe","13":"product_tag-jaune-fr","14":"product_tag-jaune-fr-2","15":"product_tag-rouge-fr","16":"product_tag-rouge-fr-2","17":"pa_mens-bracelets-size-small-7-inch","18":"pa_mens-bracelets-size-medium-7-1-2-inch","19":"pa_mens-bracelets-size-large-7-3-4-inch","20":"pa_mens-bracelets-size-x-large-8-inch","21":"pa_mens-bracelets-size-xx-large-8-1-2","23":"first","24":"instock","25":"sale","26":"taxable","27":"shipping-taxable","28":"purchasable","29":"product-type-variable"},"_links":{"self":[{"href":"https:\/\/artefactjewelry.com\/fr\/wp-json\/wp\/v2\/product\/2063","targetHints":{"allow":["GET"]}}],"collection":[{"href":"https:\/\/artefactjewelry.com\/fr\/wp-json\/wp\/v2\/product"}],"about":[{"href":"https:\/\/artefactjewelry.com\/fr\/wp-json\/wp\/v2\/types\/product"}],"wp:featuredmedia":[{"embeddable":true,"href":"https:\/\/artefactjewelry.com\/fr\/wp-json\/wp\/v2\/media\/1885"}],"wp:attachment":[{"href":"https:\/\/artefactjewelry.com\/fr\/wp-json\/wp\/v2\/media?parent=2063"}],"wp:term":[{"taxonomy":"product_brand","embeddable":true,"href":"https:\/\/artefactjewelry.com\/fr\/wp-json\/wp\/v2\/product_brand?post=2063"},{"taxonomy":"product_cat","embeddable":true,"href":"https:\/\/artefactjewelry.com\/fr\/wp-json\/wp\/v2\/product_cat?post=2063"},{"taxonomy":"product_tag","embeddable":true,"href":"https:\/\/artefactjewelry.com\/fr\/wp-json\/wp\/v2\/product_tag?post=2063"}],"curies":[{"name":"wp","href":"https:\/\/api.w.org\/{rel}","templated":true}]}}