{"id":2069,"date":"2024-04-22T23:02:32","date_gmt":"2024-04-23T03:02:32","guid":{"rendered":"https:\/\/artefactjewelry.com\/product\/bracelet-de-peridot-et-de-jaspe-avec-spacer-bronze\/"},"modified":"2025-09-09T15:28:27","modified_gmt":"2025-09-09T19:28:27","slug":"bracelet-de-peridot-et-de-jaspe-avec-spacer-bronze","status":"publish","type":"product","link":"https:\/\/artefactjewelry.com\/fr\/produit\/bracelet-de-peridot-et-de-jaspe-avec-spacer-bronze\/","title":{"rendered":"Bracelet de P\u00e9ridot et de Jaspe avec spacer bronze"},"content":{"rendered":"<ul>\n<li>P\u00e9ridot rond 6mm<\/li>\n<li>Jaspe jaune rond 6mm<\/li>\n<li>Jaspe picture rond 6mm<\/li>\n<li>Spacer bronze plaqu\u00e9<\/li>\n<li>Perle Artefact Gunmetal<\/li>\n<li>Cordon \u00e9lastique et extensible<\/li>\n<\/ul>\n<p>&nbsp;<\/p>\n<p><strong>Selon les anciens Mayas,<\/strong><\/p>\n<p>Ce bracelet porterait l&rsquo;essence des jungles vibrantes. Un rappel quotidien de l&rsquo;\u00e9quilibre d\u00e9licat entre l&rsquo;homme et la nature et du respect que les Mayas avaient pour les dons de la terre. C&rsquo;est un symbole de la subsistance fournie par la terre et de la protection offerte par les esprits qui y r\u00e9sident.<\/p>\n<p>&nbsp;<\/p>\n","protected":false},"excerpt":{"rendered":"<p>P\u00e9ridot rond 6mm Jaspe jaune rond 6mm Jaspe picture rond 6mm Spacer bronze plaqu\u00e9 Perle Artefact Gunmetal Cordon \u00e9lastique et extensible &nbsp; Selon les anciens Mayas, Ce bracelet porterait l&rsquo;essence des jungles vibrantes. Un rappel quotidien de l&rsquo;\u00e9quilibre d\u00e9licat entre l&rsquo;homme et la nature et du respect que les Mayas avaient pour les dons de [&hellip;]<\/p>\n","protected":false},"featured_media":3205,"template":"","meta":[],"product_brand":[],"product_cat":[159,126,142,143],"product_tag":[167,173,149,176,177,180,172,174],"class_list":{"0":"post-2069","1":"product","2":"type-product","3":"status-publish","4":"has-post-thumbnail","6":"product_cat-bracelets-fr","7":"product_cat-tous-les-bijoux-pour-hommes","8":"product_cat-homme","9":"product_cat-maya-fr","10":"product_tag-brun-fr","11":"product_tag-brun-fr-2","12":"product_tag-jaspe","13":"product_tag-jaune-fr","14":"product_tag-jaune-fr-2","15":"product_tag-peridot-fr","16":"product_tag-vert-fr","17":"product_tag-vert-fr-2","18":"pa_mens-bracelets-size-small-7-inch","19":"pa_mens-bracelets-size-medium-7-1-2-inch","20":"pa_mens-bracelets-size-large-7-3-4-inch","21":"pa_mens-bracelets-size-x-large-8-inch","22":"pa_mens-bracelets-size-xx-large-8-1-2","24":"first","25":"instock","26":"sale","27":"taxable","28":"shipping-taxable","29":"purchasable","30":"product-type-variable"},"_links":{"self":[{"href":"https:\/\/artefactjewelry.com\/fr\/wp-json\/wp\/v2\/product\/2069","targetHints":{"allow":["GET"]}}],"collection":[{"href":"https:\/\/artefactjewelry.com\/fr\/wp-json\/wp\/v2\/product"}],"about":[{"href":"https:\/\/artefactjewelry.com\/fr\/wp-json\/wp\/v2\/types\/product"}],"wp:featuredmedia":[{"embeddable":true,"href":"https:\/\/artefactjewelry.com\/fr\/wp-json\/wp\/v2\/media\/3205"}],"wp:attachment":[{"href":"https:\/\/artefactjewelry.com\/fr\/wp-json\/wp\/v2\/media?parent=2069"}],"wp:term":[{"taxonomy":"product_brand","embeddable":true,"href":"https:\/\/artefactjewelry.com\/fr\/wp-json\/wp\/v2\/product_brand?post=2069"},{"taxonomy":"product_cat","embeddable":true,"href":"https:\/\/artefactjewelry.com\/fr\/wp-json\/wp\/v2\/product_cat?post=2069"},{"taxonomy":"product_tag","embeddable":true,"href":"https:\/\/artefactjewelry.com\/fr\/wp-json\/wp\/v2\/product_tag?post=2069"}],"curies":[{"name":"wp","href":"https:\/\/api.w.org\/{rel}","templated":true}]}}