{"id":2075,"date":"2024-04-22T22:57:08","date_gmt":"2024-04-23T02:57:08","guid":{"rendered":"https:\/\/artefactjewelry.com\/product\/bracelet-dagate-ancienne\/"},"modified":"2025-09-09T15:28:28","modified_gmt":"2025-09-09T19:28:28","slug":"bracelet-dagate-ancienne","status":"publish","type":"product","link":"https:\/\/artefactjewelry.com\/fr\/produit\/bracelet-dagate-ancienne\/","title":{"rendered":"Bracelet d&rsquo;Agate Ancienne"},"content":{"rendered":"<ul>\n<li>Agate Ancienne (chauff\u00e9e et teint\u00e9e) ronde 6mm<\/li>\n<li>Spacer en m\u00e9tal ancien<\/li>\n<li>Perle Artefact Gunmetal<\/li>\n<li>Cordon \u00e9lastique et extensible<\/li>\n<\/ul>\n<p>&nbsp;<\/p>\n<p><strong>Selon les anciens Mayas,<\/strong><\/p>\n<p>Ce bracelet repr\u00e9sente l&rsquo;\u00e9quilibre entre la croissance (vert) et la fondation (marron). Il repr\u00e9sente l&rsquo;harmonie que les Mayas ont atteinte avec leur environnement. Il nous rappelle que les v\u00e9rit\u00e9s les plus profondes de la vie sont \u00e9crites dans le langage de la terre.<\/p>\n<p>&nbsp;<\/p>\n","protected":false},"excerpt":{"rendered":"<p>Agate Ancienne (chauff\u00e9e et teint\u00e9e) ronde 6mm Spacer en m\u00e9tal ancien Perle Artefact Gunmetal Cordon \u00e9lastique et extensible &nbsp; Selon les anciens Mayas, Ce bracelet repr\u00e9sente l&rsquo;\u00e9quilibre entre la croissance (vert) et la fondation (marron). Il repr\u00e9sente l&rsquo;harmonie que les Mayas ont atteinte avec leur environnement. Il nous rappelle que les v\u00e9rit\u00e9s les plus profondes [&hellip;]<\/p>\n","protected":false},"featured_media":1771,"template":"","meta":[],"product_brand":[],"product_cat":[159,126,142,143],"product_tag":[178,167,173],"class_list":{"0":"post-2075","1":"product","2":"type-product","3":"status-publish","4":"has-post-thumbnail","6":"product_cat-bracelets-fr","7":"product_cat-tous-les-bijoux-pour-hommes","8":"product_cat-homme","9":"product_cat-maya-fr","10":"product_tag-agate-fr","11":"product_tag-brun-fr","12":"product_tag-brun-fr-2","13":"pa_mens-bracelets-size-small-7-inch","14":"pa_mens-bracelets-size-medium-7-1-2-inch","15":"pa_mens-bracelets-size-large-7-3-4-inch","16":"pa_mens-bracelets-size-x-large-8-inch","17":"pa_mens-bracelets-size-xx-large-8-1-2","19":"first","20":"instock","21":"sale","22":"taxable","23":"shipping-taxable","24":"purchasable","25":"product-type-variable"},"_links":{"self":[{"href":"https:\/\/artefactjewelry.com\/fr\/wp-json\/wp\/v2\/product\/2075","targetHints":{"allow":["GET"]}}],"collection":[{"href":"https:\/\/artefactjewelry.com\/fr\/wp-json\/wp\/v2\/product"}],"about":[{"href":"https:\/\/artefactjewelry.com\/fr\/wp-json\/wp\/v2\/types\/product"}],"wp:featuredmedia":[{"embeddable":true,"href":"https:\/\/artefactjewelry.com\/fr\/wp-json\/wp\/v2\/media\/1771"}],"wp:attachment":[{"href":"https:\/\/artefactjewelry.com\/fr\/wp-json\/wp\/v2\/media?parent=2075"}],"wp:term":[{"taxonomy":"product_brand","embeddable":true,"href":"https:\/\/artefactjewelry.com\/fr\/wp-json\/wp\/v2\/product_brand?post=2075"},{"taxonomy":"product_cat","embeddable":true,"href":"https:\/\/artefactjewelry.com\/fr\/wp-json\/wp\/v2\/product_cat?post=2075"},{"taxonomy":"product_tag","embeddable":true,"href":"https:\/\/artefactjewelry.com\/fr\/wp-json\/wp\/v2\/product_tag?post=2075"}],"curies":[{"name":"wp","href":"https:\/\/api.w.org\/{rel}","templated":true}]}}