{"id":2081,"date":"2024-04-22T22:49:06","date_gmt":"2024-04-23T02:49:06","guid":{"rendered":"https:\/\/artefactjewelry.com\/product\/multi-fire-agate-bracelet\/"},"modified":"2025-09-09T15:28:30","modified_gmt":"2025-09-09T19:28:30","slug":"multi-fire-agate-bracelet","status":"publish","type":"product","link":"https:\/\/artefactjewelry.com\/fr\/produit\/multi-fire-agate-bracelet\/","title":{"rendered":"Bracelet Multi-Agate de feu"},"content":{"rendered":"<ul>\n<li>Agate lac\u00e9e rouge ronde 6mm<\/li>\n<li>Agate givr\u00e9e orange ronde 6mm<\/li>\n<li>Agate ancienne (chauff\u00e9e et teint\u00e9e) ronde 6mm<\/li>\n<li>Perle Artefact en Or<\/li>\n<li>Cordon \u00e9lastique et extensible<\/li>\n<\/ul>\n<p>&nbsp;<\/p>\n<p><strong>Selon les anciens Mayas,<\/strong><\/p>\n<p>Celui portant ce bracelet, se souviendra de son propre feu int\u00e9rieur. La volont\u00e9 d&rsquo;innover, de cr\u00e9er et d&rsquo;influencer le monde qui l&rsquo;entoure. C&rsquo;est un symbole de l&rsquo;\u00e9nergie int\u00e9rieure, la m\u00eame qui alimentait les grandes cit\u00e9s Mayas.<\/p>\n<p>&nbsp;<\/p>\n","protected":false},"excerpt":{"rendered":"<p>Agate lac\u00e9e rouge ronde 6mm Agate givr\u00e9e orange ronde 6mm Agate ancienne (chauff\u00e9e et teint\u00e9e) ronde 6mm Perle Artefact en Or Cordon \u00e9lastique et extensible &nbsp; Selon les anciens Mayas, Celui portant ce bracelet, se souviendra de son propre feu int\u00e9rieur. La volont\u00e9 d&rsquo;innover, de cr\u00e9er et d&rsquo;influencer le monde qui l&rsquo;entoure. C&rsquo;est un symbole [&hellip;]<\/p>\n","protected":false},"featured_media":1770,"template":"","meta":[],"product_brand":[],"product_cat":[159,126,142,143],"product_tag":[178,164,141,151,153],"class_list":{"0":"post-2081","1":"product","2":"type-product","3":"status-publish","4":"has-post-thumbnail","6":"product_cat-bracelets-fr","7":"product_cat-tous-les-bijoux-pour-hommes","8":"product_cat-homme","9":"product_cat-maya-fr","10":"product_tag-agate-fr","11":"product_tag-gunmetal-fr","12":"product_tag-orange-fr","13":"product_tag-rouge-fr","14":"product_tag-rouge-fr-2","15":"pa_mens-bracelets-size-small-7-inch","16":"pa_mens-bracelets-size-medium-7-1-2-inch","17":"pa_mens-bracelets-size-large-7-3-4-inch","18":"pa_mens-bracelets-size-x-large-8-inch","19":"pa_mens-bracelets-size-xx-large-8-1-2","21":"first","22":"instock","23":"sale","24":"taxable","25":"shipping-taxable","26":"purchasable","27":"product-type-variable"},"_links":{"self":[{"href":"https:\/\/artefactjewelry.com\/fr\/wp-json\/wp\/v2\/product\/2081","targetHints":{"allow":["GET"]}}],"collection":[{"href":"https:\/\/artefactjewelry.com\/fr\/wp-json\/wp\/v2\/product"}],"about":[{"href":"https:\/\/artefactjewelry.com\/fr\/wp-json\/wp\/v2\/types\/product"}],"wp:featuredmedia":[{"embeddable":true,"href":"https:\/\/artefactjewelry.com\/fr\/wp-json\/wp\/v2\/media\/1770"}],"wp:attachment":[{"href":"https:\/\/artefactjewelry.com\/fr\/wp-json\/wp\/v2\/media?parent=2081"}],"wp:term":[{"taxonomy":"product_brand","embeddable":true,"href":"https:\/\/artefactjewelry.com\/fr\/wp-json\/wp\/v2\/product_brand?post=2081"},{"taxonomy":"product_cat","embeddable":true,"href":"https:\/\/artefactjewelry.com\/fr\/wp-json\/wp\/v2\/product_cat?post=2081"},{"taxonomy":"product_tag","embeddable":true,"href":"https:\/\/artefactjewelry.com\/fr\/wp-json\/wp\/v2\/product_tag?post=2081"}],"curies":[{"name":"wp","href":"https:\/\/api.w.org\/{rel}","templated":true}]}}