{"id":2087,"date":"2024-04-22T22:41:27","date_gmt":"2024-04-23T02:41:27","guid":{"rendered":"https:\/\/artefactjewelry.com\/product\/bracelet-de-multiples-agates-foncees\/"},"modified":"2025-09-09T15:28:31","modified_gmt":"2025-09-09T19:28:31","slug":"bracelet-de-multiples-agates-foncees","status":"publish","type":"product","link":"https:\/\/artefactjewelry.com\/fr\/produit\/bracelet-de-multiples-agates-foncees\/","title":{"rendered":"Bracelet Multi-Agates fonc\u00e9es"},"content":{"rendered":"<ul>\n<li>Agate noire craquel\u00e9e ronde 6mm<\/li>\n<li>Dragon Vein Agate blanche round 6mm<\/li>\n<li>Laced Agate noire ronde 6mm<\/li>\n<li>Agate ancienne (teint\u00e9e et chauff\u00e9e) ronde 6mm<\/li>\n<li>Perle Artefact Gunmetal<\/li>\n<li>Cordon \u00e9lastique et extensible<\/li>\n<\/ul>\n<p>&nbsp;<\/p>\n<p>&nbsp;<\/p>\n<p><strong>Selon les anciens Mayas,<\/strong><\/p>\n<p>Ces agates sombres m\u00e9lang\u00e9es avec diff\u00e9rents motifs symbolisent la nuit et le monde souterrain maya, Xibalba. Ce lieu de myst\u00e8re et de d\u00e9fi \u00e9tait aussi important pour les Mayas que les cieux c\u00e9lestes <\/p>\n<p>&nbsp;<\/p>\n","protected":false},"excerpt":{"rendered":"<p>Agate noire craquel\u00e9e ronde 6mm Dragon Vein Agate blanche round 6mm Laced Agate noire ronde 6mm Agate ancienne (teint\u00e9e et chauff\u00e9e) ronde 6mm Perle Artefact Gunmetal Cordon \u00e9lastique et extensible &nbsp; &nbsp; Selon les anciens Mayas, Ces agates sombres m\u00e9lang\u00e9es avec diff\u00e9rents motifs symbolisent la nuit et le monde souterrain maya, Xibalba. Ce lieu de [&hellip;]<\/p>\n","protected":false},"featured_media":1765,"template":"","meta":[],"product_brand":[],"product_cat":[159,126,142,143],"product_tag":[178,133,134,173,167,156,158],"class_list":{"0":"post-2087","1":"product","2":"type-product","3":"status-publish","4":"has-post-thumbnail","6":"product_cat-bracelets-fr","7":"product_cat-tous-les-bijoux-pour-hommes","8":"product_cat-homme","9":"product_cat-maya-fr","10":"product_tag-agate-fr","11":"product_tag-blanc-fr","12":"product_tag-blanc-fr-2","13":"product_tag-brun-fr-2","14":"product_tag-brun-fr","15":"product_tag-noir-fr","16":"product_tag-noir-fr-2","17":"pa_mens-bracelets-size-small-7-inch","18":"pa_mens-bracelets-size-medium-7-1-2-inch","19":"pa_mens-bracelets-size-large-7-3-4-inch","20":"pa_mens-bracelets-size-x-large-8-inch","21":"pa_mens-bracelets-size-xx-large-8-1-2","23":"first","24":"instock","25":"sale","26":"taxable","27":"shipping-taxable","28":"purchasable","29":"product-type-variable"},"_links":{"self":[{"href":"https:\/\/artefactjewelry.com\/fr\/wp-json\/wp\/v2\/product\/2087","targetHints":{"allow":["GET"]}}],"collection":[{"href":"https:\/\/artefactjewelry.com\/fr\/wp-json\/wp\/v2\/product"}],"about":[{"href":"https:\/\/artefactjewelry.com\/fr\/wp-json\/wp\/v2\/types\/product"}],"wp:featuredmedia":[{"embeddable":true,"href":"https:\/\/artefactjewelry.com\/fr\/wp-json\/wp\/v2\/media\/1765"}],"wp:attachment":[{"href":"https:\/\/artefactjewelry.com\/fr\/wp-json\/wp\/v2\/media?parent=2087"}],"wp:term":[{"taxonomy":"product_brand","embeddable":true,"href":"https:\/\/artefactjewelry.com\/fr\/wp-json\/wp\/v2\/product_brand?post=2087"},{"taxonomy":"product_cat","embeddable":true,"href":"https:\/\/artefactjewelry.com\/fr\/wp-json\/wp\/v2\/product_cat?post=2087"},{"taxonomy":"product_tag","embeddable":true,"href":"https:\/\/artefactjewelry.com\/fr\/wp-json\/wp\/v2\/product_tag?post=2087"}],"curies":[{"name":"wp","href":"https:\/\/api.w.org\/{rel}","templated":true}]}}