{"id":2099,"date":"2024-04-22T22:27:59","date_gmt":"2024-04-23T02:27:59","guid":{"rendered":"https:\/\/artefactjewelry.com\/product\/bracelet-de-turquoise-et-dobsidienne\/"},"modified":"2025-09-09T15:28:33","modified_gmt":"2025-09-09T19:28:33","slug":"bracelet-de-turquoise-et-dobsidienne","status":"publish","type":"product","link":"https:\/\/artefactjewelry.com\/fr\/produit\/bracelet-de-turquoise-et-dobsidienne\/","title":{"rendered":"Bracelet de turquoise et d&rsquo;obsidienne"},"content":{"rendered":"<ul>\n<li>Turquoise naturelle ronde 6mm<\/li>\n<li>Obsidienne ronde 6mm<\/li>\n<li>Obsidienne \u00e9toi\u00e9e 6mm<\/li>\n<li>Perle Artefact Gunmetal<\/li>\n<li>Cordon \u00e9lastique et extensible<\/li>\n<\/ul>\n<p>&nbsp;<\/p>\n<p><strong>Selon les anciens Mayas,<\/strong><\/p>\n<p>La turquoise, avec sa teinte d&rsquo;un bleu de ciel vibrant, \u00e9tait v\u00e9n\u00e9r\u00e9e comme une pierre sacr\u00e9e, un morceau du ciel tomb\u00e9 sur terre. Pour les Mayas, il repr\u00e9sentait le souffle des dieux, un canal de communication divin entre les cieux et le monde des mortels. Il \u00e9tait souvent utilis\u00e9 lors des c\u00e9r\u00e9monies et port\u00e9 par les grands pr\u00eatres pendant les rituels, ce qui signifiait un lien direct avec les divinit\u00e9s qu&rsquo;ils v\u00e9n\u00e9raient, en particulier le dieu de la pluie, Chaac, qui nourrissait leurs terres.<\/p>\n<p>&nbsp;<\/p>\n","protected":false},"excerpt":{"rendered":"<p>Turquoise naturelle ronde 6mm Obsidienne ronde 6mm Obsidienne \u00e9toi\u00e9e 6mm Perle Artefact Gunmetal Cordon \u00e9lastique et extensible &nbsp; Selon les anciens Mayas, La turquoise, avec sa teinte d&rsquo;un bleu de ciel vibrant, \u00e9tait v\u00e9n\u00e9r\u00e9e comme une pierre sacr\u00e9e, un morceau du ciel tomb\u00e9 sur terre. Pour les Mayas, il repr\u00e9sentait le souffle des dieux, un [&hellip;]<\/p>\n","protected":false},"featured_media":1767,"template":"","meta":[],"product_brand":[],"product_cat":[159,126,142,143],"product_tag":[166,168,173,167,156,158,182,181],"class_list":{"0":"post-2099","1":"product","2":"type-product","3":"status-publish","4":"has-post-thumbnail","6":"product_cat-bracelets-fr","7":"product_cat-tous-les-bijoux-pour-hommes","8":"product_cat-homme","9":"product_cat-maya-fr","10":"product_tag-bleu-fr","11":"product_tag-bleu-fr-2","12":"product_tag-brun-fr-2","13":"product_tag-brun-fr","14":"product_tag-noir-fr","15":"product_tag-noir-fr-2","16":"product_tag-obsidienne","17":"product_tag-turquoise-fr","18":"pa_mens-bracelets-size-small-7-inch","19":"pa_mens-bracelets-size-medium-7-1-2-inch","20":"pa_mens-bracelets-size-large-7-3-4-inch","21":"pa_mens-bracelets-size-x-large-8-inch","22":"pa_mens-bracelets-size-xx-large-8-1-2","24":"first","25":"instock","26":"sale","27":"taxable","28":"shipping-taxable","29":"purchasable","30":"product-type-variable"},"_links":{"self":[{"href":"https:\/\/artefactjewelry.com\/fr\/wp-json\/wp\/v2\/product\/2099","targetHints":{"allow":["GET"]}}],"collection":[{"href":"https:\/\/artefactjewelry.com\/fr\/wp-json\/wp\/v2\/product"}],"about":[{"href":"https:\/\/artefactjewelry.com\/fr\/wp-json\/wp\/v2\/types\/product"}],"wp:featuredmedia":[{"embeddable":true,"href":"https:\/\/artefactjewelry.com\/fr\/wp-json\/wp\/v2\/media\/1767"}],"wp:attachment":[{"href":"https:\/\/artefactjewelry.com\/fr\/wp-json\/wp\/v2\/media?parent=2099"}],"wp:term":[{"taxonomy":"product_brand","embeddable":true,"href":"https:\/\/artefactjewelry.com\/fr\/wp-json\/wp\/v2\/product_brand?post=2099"},{"taxonomy":"product_cat","embeddable":true,"href":"https:\/\/artefactjewelry.com\/fr\/wp-json\/wp\/v2\/product_cat?post=2099"},{"taxonomy":"product_tag","embeddable":true,"href":"https:\/\/artefactjewelry.com\/fr\/wp-json\/wp\/v2\/product_tag?post=2099"}],"curies":[{"name":"wp","href":"https:\/\/api.w.org\/{rel}","templated":true}]}}