{"id":2105,"date":"2024-04-22T22:14:57","date_gmt":"2024-04-23T02:14:57","guid":{"rendered":"https:\/\/artefactjewelry.com\/product\/bracelet-de-jaspe-en-colonne-et-dobsidienne\/"},"modified":"2025-09-09T15:28:34","modified_gmt":"2025-09-09T19:28:34","slug":"bracelet-de-jaspe-en-colonne-et-dobsidienne","status":"publish","type":"product","link":"https:\/\/artefactjewelry.com\/fr\/produit\/bracelet-de-jaspe-en-colonne-et-dobsidienne\/","title":{"rendered":"Bracelet de Jaspe en colonne et d&rsquo;Obsidienne"},"content":{"rendered":"<ul>\n<li>Colonne de Jaspe pitcure 5x12mm<\/li>\n<li>Jaspe picture en rondelle 4x2mm<\/li>\n<li>Obsidienne ronde et \u00e9toil\u00e9e 6mm<\/li>\n<li>Cordon \u00e9lastique extensible<\/li>\n<li>Perle Artefact Gunmetal<\/li>\n<\/ul>\n<p>&nbsp;<\/p>\n<p><strong>Selon les anciens Mayas,<\/strong><\/p>\n<p>L&rsquo;alternance de jaspe et d&rsquo;obsidienne dans ce bracelet symbolise l&rsquo;\u00e9quilibre entre la force stabilisatrice de la terre et le pouvoir transformateur du feu volcanique. Il repr\u00e9sente la dualit\u00e9 inh\u00e9rente \u00e0 la croyance maya\u2014le terrestre et le divin, le tangible et le mystique.<\/p>\n<p>&nbsp;<\/p>\n","protected":false},"excerpt":{"rendered":"<p>Colonne de Jaspe pitcure 5x12mm Jaspe picture en rondelle 4x2mm Obsidienne ronde et \u00e9toil\u00e9e 6mm Cordon \u00e9lastique extensible Perle Artefact Gunmetal &nbsp; Selon les anciens Mayas, L&rsquo;alternance de jaspe et d&rsquo;obsidienne dans ce bracelet symbolise l&rsquo;\u00e9quilibre entre la force stabilisatrice de la terre et le pouvoir transformateur du feu volcanique. Il repr\u00e9sente la dualit\u00e9 inh\u00e9rente [&hellip;]<\/p>\n","protected":false},"featured_media":1879,"template":"","meta":[],"product_brand":[],"product_cat":[159,126,142,143],"product_tag":[167,173,149,156,158,182],"class_list":{"0":"post-2105","1":"product","2":"type-product","3":"status-publish","4":"has-post-thumbnail","6":"product_cat-bracelets-fr","7":"product_cat-tous-les-bijoux-pour-hommes","8":"product_cat-homme","9":"product_cat-maya-fr","10":"product_tag-brun-fr","11":"product_tag-brun-fr-2","12":"product_tag-jaspe","13":"product_tag-noir-fr","14":"product_tag-noir-fr-2","15":"product_tag-obsidienne","16":"pa_mens-bracelets-size-small-7-inch","17":"pa_mens-bracelets-size-medium-7-1-2-inch","18":"pa_mens-bracelets-size-large-7-3-4-inch","19":"pa_mens-bracelets-size-x-large-8-inch","20":"pa_mens-bracelets-size-xx-large-8-1-2","22":"first","23":"instock","24":"sale","25":"taxable","26":"shipping-taxable","27":"purchasable","28":"product-type-variable"},"_links":{"self":[{"href":"https:\/\/artefactjewelry.com\/fr\/wp-json\/wp\/v2\/product\/2105","targetHints":{"allow":["GET"]}}],"collection":[{"href":"https:\/\/artefactjewelry.com\/fr\/wp-json\/wp\/v2\/product"}],"about":[{"href":"https:\/\/artefactjewelry.com\/fr\/wp-json\/wp\/v2\/types\/product"}],"wp:featuredmedia":[{"embeddable":true,"href":"https:\/\/artefactjewelry.com\/fr\/wp-json\/wp\/v2\/media\/1879"}],"wp:attachment":[{"href":"https:\/\/artefactjewelry.com\/fr\/wp-json\/wp\/v2\/media?parent=2105"}],"wp:term":[{"taxonomy":"product_brand","embeddable":true,"href":"https:\/\/artefactjewelry.com\/fr\/wp-json\/wp\/v2\/product_brand?post=2105"},{"taxonomy":"product_cat","embeddable":true,"href":"https:\/\/artefactjewelry.com\/fr\/wp-json\/wp\/v2\/product_cat?post=2105"},{"taxonomy":"product_tag","embeddable":true,"href":"https:\/\/artefactjewelry.com\/fr\/wp-json\/wp\/v2\/product_tag?post=2105"}],"curies":[{"name":"wp","href":"https:\/\/api.w.org\/{rel}","templated":true}]}}