{"id":2111,"date":"2024-04-22T22:09:52","date_gmt":"2024-04-23T02:09:52","guid":{"rendered":"https:\/\/artefactjewelry.com\/product\/bracelet-donyx-et-de-lapis-lazuli-rond-et-cubique\/"},"modified":"2025-09-09T15:28:35","modified_gmt":"2025-09-09T19:28:35","slug":"bracelet-donyx-et-de-lapis-lazuli-rond-et-cubique","status":"publish","type":"product","link":"https:\/\/artefactjewelry.com\/fr\/produit\/bracelet-donyx-et-de-lapis-lazuli-rond-et-cubique\/","title":{"rendered":"Bracelet d&rsquo;Onyx et de Lapis-lazuli rond et cubique"},"content":{"rendered":"<ul>\n<li>Onyx rond 6mm<\/li>\n<li>Lapi Lazuli rond 6mm<\/li>\n<li>Cube d&rsquo;onyx 4x4mm<\/li>\n<li>Lapis Lazuli cube 4x4mm<\/li>\n<li>Perle Artefact Gunmetal<\/li>\n<li>Cordon \u00e9lastique et extensible<\/li>\n<\/ul>\n<p>&nbsp;<\/p>\n<p><strong>Selon la Gr\u00e8ce Antique,<\/strong><\/p>\n<p>La combinaison d&rsquo;onyx et de lapis-lazuli repr\u00e9sentait la force physique et la sagesse d&rsquo;agir correctement. Ce bracelet conviendrait \u00e0 une personne d&rsquo;action r\u00e9fl\u00e9chie, un penseur et un acteur, quelqu&rsquo;un qui comprend le pouvoir du silence et le poids des mots, tout comme les orateurs et les savants v\u00e9n\u00e9r\u00e9s de la Gr\u00e8ce antique. <\/p>\n","protected":false},"excerpt":{"rendered":"<p>Onyx rond 6mm Lapi Lazuli rond 6mm Cube d&rsquo;onyx 4x4mm Lapis Lazuli cube 4x4mm Perle Artefact Gunmetal Cordon \u00e9lastique et extensible &nbsp; Selon la Gr\u00e8ce Antique, La combinaison d&rsquo;onyx et de lapis-lazuli repr\u00e9sentait la force physique et la sagesse d&rsquo;agir correctement. Ce bracelet conviendrait \u00e0 une personne d&rsquo;action r\u00e9fl\u00e9chie, un penseur et un acteur, quelqu&rsquo;un [&hellip;]<\/p>\n","protected":false},"featured_media":1857,"template":"","meta":[],"product_brand":[],"product_cat":[159,127,126,142],"product_tag":[168,166,165,156,158,160],"class_list":{"0":"post-2111","1":"product","2":"type-product","3":"status-publish","4":"has-post-thumbnail","6":"product_cat-bracelets-fr","7":"product_cat-grecque","8":"product_cat-tous-les-bijoux-pour-hommes","9":"product_cat-homme","10":"product_tag-bleu-fr-2","11":"product_tag-bleu-fr","12":"product_tag-lapis-lazuli-fr","13":"product_tag-noir-fr","14":"product_tag-noir-fr-2","15":"product_tag-onyx-fr","16":"pa_mens-bracelets-size-small-7-inch","17":"pa_mens-bracelets-size-medium-7-1-2-inch","18":"pa_mens-bracelets-size-large-7-3-4-inch","19":"pa_mens-bracelets-size-x-large-8-inch","20":"pa_mens-bracelets-size-xx-large-8-1-2","22":"first","23":"instock","24":"sale","25":"taxable","26":"shipping-taxable","27":"purchasable","28":"product-type-variable"},"_links":{"self":[{"href":"https:\/\/artefactjewelry.com\/fr\/wp-json\/wp\/v2\/product\/2111","targetHints":{"allow":["GET"]}}],"collection":[{"href":"https:\/\/artefactjewelry.com\/fr\/wp-json\/wp\/v2\/product"}],"about":[{"href":"https:\/\/artefactjewelry.com\/fr\/wp-json\/wp\/v2\/types\/product"}],"wp:featuredmedia":[{"embeddable":true,"href":"https:\/\/artefactjewelry.com\/fr\/wp-json\/wp\/v2\/media\/1857"}],"wp:attachment":[{"href":"https:\/\/artefactjewelry.com\/fr\/wp-json\/wp\/v2\/media?parent=2111"}],"wp:term":[{"taxonomy":"product_brand","embeddable":true,"href":"https:\/\/artefactjewelry.com\/fr\/wp-json\/wp\/v2\/product_brand?post=2111"},{"taxonomy":"product_cat","embeddable":true,"href":"https:\/\/artefactjewelry.com\/fr\/wp-json\/wp\/v2\/product_cat?post=2111"},{"taxonomy":"product_tag","embeddable":true,"href":"https:\/\/artefactjewelry.com\/fr\/wp-json\/wp\/v2\/product_tag?post=2111"}],"curies":[{"name":"wp","href":"https:\/\/api.w.org\/{rel}","templated":true}]}}