{"id":2117,"date":"2024-04-22T22:02:05","date_gmt":"2024-04-23T02:02:05","guid":{"rendered":"https:\/\/artefactjewelry.com\/product\/bracelet-donyx-multiples-et-de-spacer-gunmetal\/"},"modified":"2025-09-09T15:28:37","modified_gmt":"2025-09-09T19:28:37","slug":"bracelet-donyx-multiples-et-de-spacer-gunmetal","status":"publish","type":"product","link":"https:\/\/artefactjewelry.com\/fr\/produit\/bracelet-donyx-multiples-et-de-spacer-gunmetal\/","title":{"rendered":"Bracelet Multi-Onyx avec spacer Gunmetal"},"content":{"rendered":"<ul>\n<li>Cube d&rsquo;onyx 4x4mm<\/li>\n<li>Onyx rond 6mm<\/li>\n<li>Spacer Gunmetal<\/li>\n<li>Perle Artefact en argent<\/li>\n<li>Cordon \u00e9lastique et extensible<\/li>\n<\/ul>\n<p>&nbsp;<\/p>\n<p><strong>Selon la Gr\u00e8ce Antique,<\/strong><\/p>\n<p>Dans les salles obscures o\u00f9 les philosophes et les guerriers grecs se promenaient autrefois, l&rsquo;onyx \u00e9tait v\u00e9n\u00e9r\u00e9, une pierre aussi sombre que la nuit qui voilait les proph\u00e9ties des oracles. Pour les Grecs, l&rsquo;onyx \u00e9tait l&rsquo;incarnation de la vigueur et de la force, une pierre semi-pr\u00e9cieuse de protection, cens\u00e9e prot\u00e9ger son porteur des t\u00e9n\u00e8bres de l&rsquo;infortune.<\/p>\n<p>&nbsp;<\/p>\n","protected":false},"excerpt":{"rendered":"<p>Cube d&rsquo;onyx 4x4mm Onyx rond 6mm Spacer Gunmetal Perle Artefact en argent Cordon \u00e9lastique et extensible &nbsp; Selon la Gr\u00e8ce Antique, Dans les salles obscures o\u00f9 les philosophes et les guerriers grecs se promenaient autrefois, l&rsquo;onyx \u00e9tait v\u00e9n\u00e9r\u00e9, une pierre aussi sombre que la nuit qui voilait les proph\u00e9ties des oracles. Pour les Grecs, l&rsquo;onyx [&hellip;]<\/p>\n","protected":false},"featured_media":1747,"template":"","meta":[],"product_brand":[],"product_cat":[159,127,126,142],"product_tag":[164,156,158,160],"class_list":{"0":"post-2117","1":"product","2":"type-product","3":"status-publish","4":"has-post-thumbnail","6":"product_cat-bracelets-fr","7":"product_cat-grecque","8":"product_cat-tous-les-bijoux-pour-hommes","9":"product_cat-homme","10":"product_tag-gunmetal-fr","11":"product_tag-noir-fr","12":"product_tag-noir-fr-2","13":"product_tag-onyx-fr","14":"pa_mens-bracelets-size-small-7-inch","15":"pa_mens-bracelets-size-medium-7-1-2-inch","16":"pa_mens-bracelets-size-large-7-3-4-inch","17":"pa_mens-bracelets-size-x-large-8-inch","18":"pa_mens-bracelets-size-xx-large-8-1-2","20":"first","21":"instock","22":"sale","23":"taxable","24":"shipping-taxable","25":"purchasable","26":"product-type-variable"},"_links":{"self":[{"href":"https:\/\/artefactjewelry.com\/fr\/wp-json\/wp\/v2\/product\/2117","targetHints":{"allow":["GET"]}}],"collection":[{"href":"https:\/\/artefactjewelry.com\/fr\/wp-json\/wp\/v2\/product"}],"about":[{"href":"https:\/\/artefactjewelry.com\/fr\/wp-json\/wp\/v2\/types\/product"}],"wp:featuredmedia":[{"embeddable":true,"href":"https:\/\/artefactjewelry.com\/fr\/wp-json\/wp\/v2\/media\/1747"}],"wp:attachment":[{"href":"https:\/\/artefactjewelry.com\/fr\/wp-json\/wp\/v2\/media?parent=2117"}],"wp:term":[{"taxonomy":"product_brand","embeddable":true,"href":"https:\/\/artefactjewelry.com\/fr\/wp-json\/wp\/v2\/product_brand?post=2117"},{"taxonomy":"product_cat","embeddable":true,"href":"https:\/\/artefactjewelry.com\/fr\/wp-json\/wp\/v2\/product_cat?post=2117"},{"taxonomy":"product_tag","embeddable":true,"href":"https:\/\/artefactjewelry.com\/fr\/wp-json\/wp\/v2\/product_tag?post=2117"}],"curies":[{"name":"wp","href":"https:\/\/api.w.org\/{rel}","templated":true}]}}