{"id":2123,"date":"2024-04-22T18:12:39","date_gmt":"2024-04-22T22:12:39","guid":{"rendered":"https:\/\/artefactjewelry.com\/product\/bracelet-de-perles-naturelles-blanches-et-de-spacer-gunmetal\/"},"modified":"2025-09-09T15:28:38","modified_gmt":"2025-09-09T19:28:38","slug":"bracelet-de-perles-naturelles-blanches-et-de-spacer-gunmetal","status":"publish","type":"product","link":"https:\/\/artefactjewelry.com\/fr\/produit\/bracelet-de-perles-naturelles-blanches-et-de-spacer-gunmetal\/","title":{"rendered":"Bracelet de Perles naturelles blanches et de spacer Gunmetal"},"content":{"rendered":"<ul>\n<li>Perles naturelles d&rsquo;eau douce blanches 8mm<\/li>\n<li>Spacer Gunmetal<\/li>\n<li>Perle Artefact Gunmetal<\/li>\n<\/ul>\n<p>&nbsp;<\/p>\n<p><strong>Selon la Gr\u00e8ce antique,<\/strong><\/p>\n<p>Porter des perles pour un homme \u00e9tait un signe d&rsquo;intelligence et de stature, le signe de quelqu&rsquo;un qui pouvait pr\u00e9f\u00e9rer les conseils strat\u00e9giques et r\u00e9fl\u00e9chis d&rsquo;Ath\u00e9na \u00e0 la force brute d&rsquo;Ar\u00e8s. On pensait que les perles offraient \u00e0 celui qui les portait une clart\u00e9 d&rsquo;esprit.<\/p>\n<p>&nbsp;<\/p>\n","protected":false},"excerpt":{"rendered":"<p>Perles naturelles d&rsquo;eau douce blanches 8mm Spacer Gunmetal Perle Artefact Gunmetal &nbsp; Selon la Gr\u00e8ce antique, Porter des perles pour un homme \u00e9tait un signe d&rsquo;intelligence et de stature, le signe de quelqu&rsquo;un qui pouvait pr\u00e9f\u00e9rer les conseils strat\u00e9giques et r\u00e9fl\u00e9chis d&rsquo;Ath\u00e9na \u00e0 la force brute d&rsquo;Ar\u00e8s. On pensait que les perles offraient \u00e0 celui [&hellip;]<\/p>\n","protected":false},"featured_media":1751,"template":"","meta":[],"product_brand":[],"product_cat":[159,127,126,142],"product_tag":[133,134,137],"class_list":{"0":"post-2123","1":"product","2":"type-product","3":"status-publish","4":"has-post-thumbnail","6":"product_cat-bracelets-fr","7":"product_cat-grecque","8":"product_cat-tous-les-bijoux-pour-hommes","9":"product_cat-homme","10":"product_tag-blanc-fr","11":"product_tag-blanc-fr-2","12":"product_tag-perle","13":"pa_mens-bracelets-size-small-7-inch","14":"pa_mens-bracelets-size-medium-7-1-2-inch","15":"pa_mens-bracelets-size-large-7-3-4-inch","16":"pa_mens-bracelets-size-x-large-8-inch","17":"pa_mens-bracelets-size-xx-large-8-1-2","19":"first","20":"instock","21":"sale","22":"taxable","23":"shipping-taxable","24":"purchasable","25":"product-type-variable"},"_links":{"self":[{"href":"https:\/\/artefactjewelry.com\/fr\/wp-json\/wp\/v2\/product\/2123","targetHints":{"allow":["GET"]}}],"collection":[{"href":"https:\/\/artefactjewelry.com\/fr\/wp-json\/wp\/v2\/product"}],"about":[{"href":"https:\/\/artefactjewelry.com\/fr\/wp-json\/wp\/v2\/types\/product"}],"wp:featuredmedia":[{"embeddable":true,"href":"https:\/\/artefactjewelry.com\/fr\/wp-json\/wp\/v2\/media\/1751"}],"wp:attachment":[{"href":"https:\/\/artefactjewelry.com\/fr\/wp-json\/wp\/v2\/media?parent=2123"}],"wp:term":[{"taxonomy":"product_brand","embeddable":true,"href":"https:\/\/artefactjewelry.com\/fr\/wp-json\/wp\/v2\/product_brand?post=2123"},{"taxonomy":"product_cat","embeddable":true,"href":"https:\/\/artefactjewelry.com\/fr\/wp-json\/wp\/v2\/product_cat?post=2123"},{"taxonomy":"product_tag","embeddable":true,"href":"https:\/\/artefactjewelry.com\/fr\/wp-json\/wp\/v2\/product_tag?post=2123"}],"curies":[{"name":"wp","href":"https:\/\/api.w.org\/{rel}","templated":true}]}}