{"id":2129,"date":"2024-04-22T18:07:09","date_gmt":"2024-04-22T22:07:09","guid":{"rendered":"https:\/\/artefactjewelry.com\/product\/le-bracelet-golem\/"},"modified":"2025-09-09T15:28:39","modified_gmt":"2025-09-09T19:28:39","slug":"le-bracelet-golem","status":"publish","type":"product","link":"https:\/\/artefactjewelry.com\/fr\/produit\/le-bracelet-golem\/","title":{"rendered":"Bracelet en Jaspe l\u00e9opard avec t\u00eate de mort en Jaspe picture"},"content":{"rendered":"<ul>\n<li>Jaspe l\u00e9opard rond 12mm<\/li>\n<li>Jaspe Picture en T\u00eate de mort<\/li>\n<li>Spacer Gunmetal<\/li>\n<li>Artefact gunmetal Nameplate<\/li>\n<li>Cordon en nylon ajustable<\/li>\n<\/ul>\n<p>&nbsp;<\/p>\n<p><strong>Selon les anciens Mayas,<\/strong><\/p>\n<p>Le Jaspe \u00e9tait le lien avec la terre, la sagesse des g\u00e9n\u00e9rations pass\u00e9es et les dieux qu&rsquo;ils v\u00e9n\u00e9raient. Le cr\u00e2ne de Jaspe rappelait leur mortalit\u00e9, mais aussi l&rsquo;h\u00e9ritage qu&rsquo;ils laisseraient derri\u00e8re eux, \u00e0 l&rsquo;instar des pyramides de pierre intemporelles qui t\u00e9moignent encore aujourd&rsquo;hui de leur civilisation.<\/p>\n<p>&nbsp;<\/p>\n","protected":false},"excerpt":{"rendered":"<p>Jaspe l\u00e9opard rond 12mm Jaspe Picture en T\u00eate de mort Spacer Gunmetal Artefact gunmetal Nameplate Cordon en nylon ajustable &nbsp; Selon les anciens Mayas, Le Jaspe \u00e9tait le lien avec la terre, la sagesse des g\u00e9n\u00e9rations pass\u00e9es et les dieux qu&rsquo;ils v\u00e9n\u00e9raient. Le cr\u00e2ne de Jaspe rappelait leur mortalit\u00e9, mais aussi l&rsquo;h\u00e9ritage qu&rsquo;ils laisseraient derri\u00e8re [&hellip;]<\/p>\n","protected":false},"featured_media":1853,"template":"","meta":[],"product_brand":[],"product_cat":[159,126,142,143],"product_tag":[167,173,149],"class_list":{"0":"post-2129","1":"product","2":"type-product","3":"status-publish","4":"has-post-thumbnail","6":"product_cat-bracelets-fr","7":"product_cat-tous-les-bijoux-pour-hommes","8":"product_cat-homme","9":"product_cat-maya-fr","10":"product_tag-brun-fr","11":"product_tag-brun-fr-2","12":"product_tag-jaspe","13":"pa_mens-bracelets-size-small-7-inch","14":"pa_mens-bracelets-size-medium-7-1-2-inch","15":"pa_mens-bracelets-size-large-7-3-4-inch","16":"pa_mens-bracelets-size-x-large-8-inch","17":"pa_mens-bracelets-size-xx-large-8-1-2","19":"first","20":"instock","21":"sale","22":"taxable","23":"shipping-taxable","24":"purchasable","25":"product-type-variable"},"_links":{"self":[{"href":"https:\/\/artefactjewelry.com\/fr\/wp-json\/wp\/v2\/product\/2129","targetHints":{"allow":["GET"]}}],"collection":[{"href":"https:\/\/artefactjewelry.com\/fr\/wp-json\/wp\/v2\/product"}],"about":[{"href":"https:\/\/artefactjewelry.com\/fr\/wp-json\/wp\/v2\/types\/product"}],"wp:featuredmedia":[{"embeddable":true,"href":"https:\/\/artefactjewelry.com\/fr\/wp-json\/wp\/v2\/media\/1853"}],"wp:attachment":[{"href":"https:\/\/artefactjewelry.com\/fr\/wp-json\/wp\/v2\/media?parent=2129"}],"wp:term":[{"taxonomy":"product_brand","embeddable":true,"href":"https:\/\/artefactjewelry.com\/fr\/wp-json\/wp\/v2\/product_brand?post=2129"},{"taxonomy":"product_cat","embeddable":true,"href":"https:\/\/artefactjewelry.com\/fr\/wp-json\/wp\/v2\/product_cat?post=2129"},{"taxonomy":"product_tag","embeddable":true,"href":"https:\/\/artefactjewelry.com\/fr\/wp-json\/wp\/v2\/product_tag?post=2129"}],"curies":[{"name":"wp","href":"https:\/\/api.w.org\/{rel}","templated":true}]}}