{"id":2130,"date":"2024-04-22T17:39:40","date_gmt":"2024-04-22T21:39:40","guid":{"rendered":"https:\/\/artefactjewelry.com\/product\/bracelet-de-pierre-de-lune-donyx-et-de-larvikite-avec-tete-de-mort-noire\/"},"modified":"2025-09-09T15:28:40","modified_gmt":"2025-09-09T19:28:40","slug":"bracelet-de-pierre-de-lune-donyx-et-de-larvikite-avec-tete-de-mort-noire","status":"publish","type":"product","link":"https:\/\/artefactjewelry.com\/fr\/produit\/bracelet-de-pierre-de-lune-donyx-et-de-larvikite-avec-tete-de-mort-noire\/","title":{"rendered":"Bracelet de pierre de Lune, d&rsquo;Onyx et de Larvikite avec t\u00eate de mort noire"},"content":{"rendered":"<ul>\n<li>Pierre de lune ronde 12mm<\/li>\n<li>Onyx rond 10mm<\/li>\n<li>Larvikite rond 10mm<\/li>\n<li>Cr\u00e2ne T\u00eate de pierre<\/li>\n<li>Artefact Gunmetal nameplate<\/li>\n<li>Cordon en nylon ajustable<\/li>\n<\/ul>\n<p>&nbsp;<\/p>\n<p><strong>Selon la mythologie grecque,<\/strong><\/p>\n<p>La t\u00eate de mort est un embl\u00e8me puissant du h\u00e9ros grec, un rappel de la nature \u00e9ph\u00e9m\u00e8re de la vie, c\u00e9l\u00e9br\u00e9e par les Grecs dans leurs riches traditions d&rsquo;h\u00e9ro\u00efsme et de bravoure. Il repr\u00e9sente la fin mortelle qui attend tous les hommes et la gloire immortelle qui d\u00e9coule d&rsquo;une vie d&rsquo;honneur et de bravoure.<\/p>\n<p>&nbsp;<\/p>\n","protected":false},"excerpt":{"rendered":"<p>Pierre de lune ronde 12mm Onyx rond 10mm Larvikite rond 10mm Cr\u00e2ne T\u00eate de pierre Artefact Gunmetal nameplate Cordon en nylon ajustable &nbsp; Selon la mythologie grecque, La t\u00eate de mort est un embl\u00e8me puissant du h\u00e9ros grec, un rappel de la nature \u00e9ph\u00e9m\u00e8re de la vie, c\u00e9l\u00e9br\u00e9e par les Grecs dans leurs riches traditions [&hellip;]<\/p>\n","protected":false},"featured_media":1859,"template":"","meta":[],"product_brand":[],"product_cat":[159,127,126,142],"product_tag":[183,184,185,156,158,160,186],"class_list":{"0":"post-2130","1":"product","2":"type-product","3":"status-publish","4":"has-post-thumbnail","6":"product_cat-bracelets-fr","7":"product_cat-grecque","8":"product_cat-tous-les-bijoux-pour-hommes","9":"product_cat-homme","10":"product_tag-gris-fr","11":"product_tag-gris-fr-2","12":"product_tag-larvikite-fr","13":"product_tag-noir-fr","14":"product_tag-noir-fr-2","15":"product_tag-onyx-fr","16":"product_tag-pierre-de-lune","17":"pa_mens-bracelets-size-small-7-inch","18":"pa_mens-bracelets-size-medium-7-1-2-inch","19":"pa_mens-bracelets-size-large-7-3-4-inch","20":"pa_mens-bracelets-size-x-large-8-inch","21":"pa_mens-bracelets-size-xx-large-8-1-2","23":"first","24":"instock","25":"sale","26":"taxable","27":"shipping-taxable","28":"purchasable","29":"product-type-variable"},"_links":{"self":[{"href":"https:\/\/artefactjewelry.com\/fr\/wp-json\/wp\/v2\/product\/2130","targetHints":{"allow":["GET"]}}],"collection":[{"href":"https:\/\/artefactjewelry.com\/fr\/wp-json\/wp\/v2\/product"}],"about":[{"href":"https:\/\/artefactjewelry.com\/fr\/wp-json\/wp\/v2\/types\/product"}],"wp:featuredmedia":[{"embeddable":true,"href":"https:\/\/artefactjewelry.com\/fr\/wp-json\/wp\/v2\/media\/1859"}],"wp:attachment":[{"href":"https:\/\/artefactjewelry.com\/fr\/wp-json\/wp\/v2\/media?parent=2130"}],"wp:term":[{"taxonomy":"product_brand","embeddable":true,"href":"https:\/\/artefactjewelry.com\/fr\/wp-json\/wp\/v2\/product_brand?post=2130"},{"taxonomy":"product_cat","embeddable":true,"href":"https:\/\/artefactjewelry.com\/fr\/wp-json\/wp\/v2\/product_cat?post=2130"},{"taxonomy":"product_tag","embeddable":true,"href":"https:\/\/artefactjewelry.com\/fr\/wp-json\/wp\/v2\/product_tag?post=2130"}],"curies":[{"name":"wp","href":"https:\/\/api.w.org\/{rel}","templated":true}]}}