{"id":2136,"date":"2024-04-20T23:18:54","date_gmt":"2024-04-21T03:18:54","guid":{"rendered":"https:\/\/artefactjewelry.com\/product\/bracelet-en-perles-naturelles-dun-rose-ancien-et-de-paon-gris-fonce-avec-ametrine-rose-et-spacer-en-argent\/"},"modified":"2025-09-09T15:28:42","modified_gmt":"2025-09-09T19:28:42","slug":"bracelet-en-perles-naturelles-dun-rose-ancien-et-de-paon-gris-fonce-avec-ametrine-rose-et-spacer-en-argent","status":"publish","type":"product","link":"https:\/\/artefactjewelry.com\/fr\/produit\/bracelet-en-perles-naturelles-dun-rose-ancien-et-de-paon-gris-fonce-avec-ametrine-rose-et-spacer-en-argent\/","title":{"rendered":"Bracelet en Perles naturelles d&rsquo;un Rose ancien et de Paon gris fonc\u00e9 avec Am\u00e9trine rose et spacer en Argent"},"content":{"rendered":"<ul>\n<li>Perle naturelle d&rsquo;eau douce d&rsquo;un rose ancien ronde 2mm<\/li>\n<li>Perle de paon naturelle d&rsquo;eau douce gris fonc\u00e9 ronde 4mm<\/li>\n<li>Am\u00e9trine rose \u00e0 facettes 6mm<\/li>\n<li>Spacer plaqu\u00e9 argent<\/li>\n<li>Perle Artefact en argent<\/li>\n<li>Cordon \u00e9lastique et extensible<\/li>\n<\/ul>\n<p>&nbsp;<\/p>\n<p><strong>Selon la Gr\u00e8ce Antique,<\/strong><\/p>\n<p>\u00c0 l&rsquo;\u00e9poque o\u00f9 le panth\u00e9on de l&rsquo;Olympe chuchotait des secrets au monde des mortels, il existait des pierres et des gemmes qui avaient les faveurs des dieux. Les perles roses, avec leur doux \u00e9clat, \u00e9taient des cadeaux d&rsquo;Aphrodite, n\u00e9es de l&rsquo;\u00e9cume de mer qui la caressait \u00e0 sa naissance. Ces pierres repr\u00e9sentaient l&rsquo;amour et la beaut\u00e9, des vertus tr\u00e8s pris\u00e9es par les femmes et les divinit\u00e9s grecques.<\/p>\n<p>&nbsp;<\/p>\n","protected":false},"excerpt":{"rendered":"<p>Perle naturelle d&rsquo;eau douce d&rsquo;un rose ancien ronde 2mm Perle de paon naturelle d&rsquo;eau douce gris fonc\u00e9 ronde 4mm Am\u00e9trine rose \u00e0 facettes 6mm Spacer plaqu\u00e9 argent Perle Artefact en argent Cordon \u00e9lastique et extensible &nbsp; Selon la Gr\u00e8ce Antique, \u00c0 l&rsquo;\u00e9poque o\u00f9 le panth\u00e9on de l&rsquo;Olympe chuchotait des secrets au monde des mortels, il [&hellip;]<\/p>\n","protected":false},"featured_media":1869,"template":"","meta":[],"product_brand":[],"product_cat":[187,128,131,124,130],"product_tag":[188,190,167,183,189,163,156,137,162],"class_list":{"0":"post-2136","1":"product","2":"type-product","3":"status-publish","4":"has-post-thumbnail","6":"product_cat-bracelets-fr-2","7":"product_cat-femmes","8":"product_cat-grecque-fr","9":"product_cat-non-classe","10":"product_cat-tous-les-bijoux-pour-femmes","11":"product_tag-ametrine-fr","12":"product_tag-argent-fr","13":"product_tag-brun-fr","14":"product_tag-gris-fr","15":"product_tag-largent","16":"product_tag-mauve-fr","17":"product_tag-noir-fr","18":"product_tag-perle","19":"product_tag-violet","20":"pa_womens-bracelets-size-small","21":"pa_womens-bracelets-size-medium-6-1-2-inch","22":"pa_womens-bracelets-size-large-7-inch","23":"pa_womens-bracelets-size-x-large-7-1-2-inch","25":"first","26":"instock","27":"sale","28":"taxable","29":"shipping-taxable","30":"purchasable","31":"product-type-variable"},"_links":{"self":[{"href":"https:\/\/artefactjewelry.com\/fr\/wp-json\/wp\/v2\/product\/2136","targetHints":{"allow":["GET"]}}],"collection":[{"href":"https:\/\/artefactjewelry.com\/fr\/wp-json\/wp\/v2\/product"}],"about":[{"href":"https:\/\/artefactjewelry.com\/fr\/wp-json\/wp\/v2\/types\/product"}],"wp:featuredmedia":[{"embeddable":true,"href":"https:\/\/artefactjewelry.com\/fr\/wp-json\/wp\/v2\/media\/1869"}],"wp:attachment":[{"href":"https:\/\/artefactjewelry.com\/fr\/wp-json\/wp\/v2\/media?parent=2136"}],"wp:term":[{"taxonomy":"product_brand","embeddable":true,"href":"https:\/\/artefactjewelry.com\/fr\/wp-json\/wp\/v2\/product_brand?post=2136"},{"taxonomy":"product_cat","embeddable":true,"href":"https:\/\/artefactjewelry.com\/fr\/wp-json\/wp\/v2\/product_cat?post=2136"},{"taxonomy":"product_tag","embeddable":true,"href":"https:\/\/artefactjewelry.com\/fr\/wp-json\/wp\/v2\/product_tag?post=2136"}],"curies":[{"name":"wp","href":"https:\/\/api.w.org\/{rel}","templated":true}]}}