{"id":2141,"date":"2024-04-20T22:49:33","date_gmt":"2024-04-21T02:49:33","guid":{"rendered":"https:\/\/artefactjewelry.com\/product\/bracelet-de-perles-naturelles-dagate-et-de-jade-de-malaisie\/"},"modified":"2025-09-09T15:28:43","modified_gmt":"2025-09-09T19:28:43","slug":"bracelet-de-perles-naturelles-dagate-et-de-jade-de-malaisie","status":"publish","type":"product","link":"https:\/\/artefactjewelry.com\/fr\/produit\/bracelet-de-perles-naturelles-dagate-et-de-jade-de-malaisie\/","title":{"rendered":"Bracelet de perles naturelles, d&rsquo;Agate et de Jade de Malaisie"},"content":{"rendered":"<ul>\n<li>Perles d&rsquo;eau douce naturelles blanches 6mm<\/li>\n<li>Jade de Malaisie rond 6mm<\/li>\n<li>Agate de veine de dragon ronde 6mm<\/li>\n<li>Perle Artefact en argent 6mm<\/li>\n<li>Cordon \u00e9lastique extensible<\/li>\n<\/ul>\n<p>&nbsp;<\/p>\n<p><strong>Selon la Gr\u00e8ce Antique,<\/strong><\/p>\n<p>La couleur bleue \u00e9tait principalement associ\u00e9e au ciel et \u00e0 la mer, \u00e9l\u00e9ments omnipr\u00e9sents et puissants dans la vie grecque. Ath\u00e9na, la d\u00e9esse de la sagesse, portait souvent la couleur bleue ou y \u00e9tait associ\u00e9e, notamment dans l&rsquo;\u00e9gide protectrice (un bouclier ou une cuirasse impr\u00e9gn\u00e9 d&rsquo;un pouvoir symbolique) qu&rsquo;elle portait.<\/p>\n<p>&nbsp;<\/p>\n","protected":false},"excerpt":{"rendered":"<p>Perles d&rsquo;eau douce naturelles blanches 6mm Jade de Malaisie rond 6mm Agate de veine de dragon ronde 6mm Perle Artefact en argent 6mm Cordon \u00e9lastique extensible &nbsp; Selon la Gr\u00e8ce Antique, La couleur bleue \u00e9tait principalement associ\u00e9e au ciel et \u00e0 la mer, \u00e9l\u00e9ments omnipr\u00e9sents et puissants dans la vie grecque. Ath\u00e9na, la d\u00e9esse de [&hellip;]<\/p>\n","protected":false},"featured_media":1758,"template":"","meta":[],"product_brand":[],"product_cat":[187,128,131,124,130],"product_tag":[178,191,133,134,168,166,150,137],"class_list":{"0":"post-2141","1":"product","2":"type-product","3":"status-publish","4":"has-post-thumbnail","6":"product_cat-bracelets-fr-2","7":"product_cat-femmes","8":"product_cat-grecque-fr","9":"product_cat-non-classe","10":"product_cat-tous-les-bijoux-pour-femmes","11":"product_tag-agate-fr","12":"product_tag-aigue-marine","13":"product_tag-blanc-fr","14":"product_tag-blanc-fr-2","15":"product_tag-bleu-fr-2","16":"product_tag-bleu-fr","17":"product_tag-multicolore","18":"product_tag-perle","19":"pa_womens-bracelets-size-small","20":"pa_womens-bracelets-size-medium-6-1-2-inch","21":"pa_womens-bracelets-size-large-7-inch","22":"pa_womens-bracelets-size-x-large-7-1-2-inch","24":"first","25":"instock","26":"sale","27":"taxable","28":"shipping-taxable","29":"purchasable","30":"product-type-variable"},"_links":{"self":[{"href":"https:\/\/artefactjewelry.com\/fr\/wp-json\/wp\/v2\/product\/2141","targetHints":{"allow":["GET"]}}],"collection":[{"href":"https:\/\/artefactjewelry.com\/fr\/wp-json\/wp\/v2\/product"}],"about":[{"href":"https:\/\/artefactjewelry.com\/fr\/wp-json\/wp\/v2\/types\/product"}],"wp:featuredmedia":[{"embeddable":true,"href":"https:\/\/artefactjewelry.com\/fr\/wp-json\/wp\/v2\/media\/1758"}],"wp:attachment":[{"href":"https:\/\/artefactjewelry.com\/fr\/wp-json\/wp\/v2\/media?parent=2141"}],"wp:term":[{"taxonomy":"product_brand","embeddable":true,"href":"https:\/\/artefactjewelry.com\/fr\/wp-json\/wp\/v2\/product_brand?post=2141"},{"taxonomy":"product_cat","embeddable":true,"href":"https:\/\/artefactjewelry.com\/fr\/wp-json\/wp\/v2\/product_cat?post=2141"},{"taxonomy":"product_tag","embeddable":true,"href":"https:\/\/artefactjewelry.com\/fr\/wp-json\/wp\/v2\/product_tag?post=2141"}],"curies":[{"name":"wp","href":"https:\/\/api.w.org\/{rel}","templated":true}]}}