{"id":2146,"date":"2024-04-20T22:41:09","date_gmt":"2024-04-21T02:41:09","guid":{"rendered":"https:\/\/artefactjewelry.com\/product\/bracelet-dagate-et-de-jaspe-avec-spacer-en-or\/"},"modified":"2025-09-09T15:28:44","modified_gmt":"2025-09-09T19:28:44","slug":"bracelet-dagate-et-de-jaspe-avec-spacer-en-or","status":"publish","type":"product","link":"https:\/\/artefactjewelry.com\/fr\/produit\/bracelet-dagate-et-de-jaspe-avec-spacer-en-or\/","title":{"rendered":"Bracelet d&rsquo;Agate et de Jaspe avec spacer en or"},"content":{"rendered":"<ul>\n<li>Agate couleur caf\u00e9 \u00e0 facettee 4mm<\/li>\n<li>Jaspe picutre rondelle 4x2mm<\/li>\n<li>Spacer plaqu\u00e9e or 4x2mm<\/li>\n<li>Breloque Artefact en or<\/li>\n<li>Cordon \u00e9lastique extensible<\/li>\n<\/ul>\n<p>&nbsp;<\/p>\n<p><strong>Selon les anciens Mayas,<\/strong><\/p>\n<p>L&rsquo;agate couleur caf\u00e9 \u00e9tait un symbole de leur r\u00e9silience et de leur lien avec la Terre m\u00e8re. Les bandes superpos\u00e9es de la pierre refl\u00e9taient les pyramides stratifi\u00e9es, un t\u00e9moignage de la complexit\u00e9 stratifi\u00e9e de la vie et de l&rsquo;esprit durable de la civilisation qui autrefois prosp\u00e9rait sous les cieux d&rsquo;Am\u00e9rique Centrale.<\/p>\n<p>&nbsp;<\/p>\n","protected":false},"excerpt":{"rendered":"<p>Agate couleur caf\u00e9 \u00e0 facettee 4mm Jaspe picutre rondelle 4x2mm Spacer plaqu\u00e9e or 4x2mm Breloque Artefact en or Cordon \u00e9lastique extensible &nbsp; Selon les anciens Mayas, L&rsquo;agate couleur caf\u00e9 \u00e9tait un symbole de leur r\u00e9silience et de leur lien avec la Terre m\u00e8re. Les bandes superpos\u00e9es de la pierre refl\u00e9taient les pyramides stratifi\u00e9es, un t\u00e9moignage [&hellip;]<\/p>\n","protected":false},"featured_media":1763,"template":"","meta":[],"product_brand":[],"product_cat":[187,128,192,130],"product_tag":[178,167,173,149,132,136],"class_list":{"0":"post-2146","1":"product","2":"type-product","3":"status-publish","4":"has-post-thumbnail","6":"product_cat-bracelets-fr-2","7":"product_cat-femmes","8":"product_cat-maya-fr-2","9":"product_cat-tous-les-bijoux-pour-femmes","10":"product_tag-agate-fr","11":"product_tag-brun-fr","12":"product_tag-brun-fr-2","13":"product_tag-jaspe","14":"product_tag-lor","15":"product_tag-or-fr","16":"pa_womens-bracelets-size-small","17":"pa_womens-bracelets-size-medium-6-1-2-inch","18":"pa_womens-bracelets-size-large-7-inch","19":"pa_womens-bracelets-size-x-large-7-1-2-inch","21":"first","22":"instock","23":"sale","24":"taxable","25":"shipping-taxable","26":"purchasable","27":"product-type-variable"},"_links":{"self":[{"href":"https:\/\/artefactjewelry.com\/fr\/wp-json\/wp\/v2\/product\/2146","targetHints":{"allow":["GET"]}}],"collection":[{"href":"https:\/\/artefactjewelry.com\/fr\/wp-json\/wp\/v2\/product"}],"about":[{"href":"https:\/\/artefactjewelry.com\/fr\/wp-json\/wp\/v2\/types\/product"}],"wp:featuredmedia":[{"embeddable":true,"href":"https:\/\/artefactjewelry.com\/fr\/wp-json\/wp\/v2\/media\/1763"}],"wp:attachment":[{"href":"https:\/\/artefactjewelry.com\/fr\/wp-json\/wp\/v2\/media?parent=2146"}],"wp:term":[{"taxonomy":"product_brand","embeddable":true,"href":"https:\/\/artefactjewelry.com\/fr\/wp-json\/wp\/v2\/product_brand?post=2146"},{"taxonomy":"product_cat","embeddable":true,"href":"https:\/\/artefactjewelry.com\/fr\/wp-json\/wp\/v2\/product_cat?post=2146"},{"taxonomy":"product_tag","embeddable":true,"href":"https:\/\/artefactjewelry.com\/fr\/wp-json\/wp\/v2\/product_tag?post=2146"}],"curies":[{"name":"wp","href":"https:\/\/api.w.org\/{rel}","templated":true}]}}