{"id":2151,"date":"2024-04-20T22:32:52","date_gmt":"2024-04-21T02:32:52","guid":{"rendered":"https:\/\/artefactjewelry.com\/product\/bracelet-de-jaspe-aqua-terra-carrees-et-rondes-avec-spacer-en-or\/"},"modified":"2025-09-09T15:28:46","modified_gmt":"2025-09-09T19:28:46","slug":"bracelet-de-jaspe-aqua-terra-carrees-et-rondes-avec-spacer-en-or","status":"publish","type":"product","link":"https:\/\/artefactjewelry.com\/fr\/produit\/bracelet-de-jaspe-aqua-terra-carrees-et-rondes-avec-spacer-en-or\/","title":{"rendered":"Bracelet de Jaspe Aqua Terra carr\u00e9es et rondes avec spacer en or"},"content":{"rendered":"<ul>\n<li>Aqua Terra Jaspe Carr\u00e9 6x6x3mm<\/li>\n<li>Aqua Terra Jaspe rond 6mm<\/li>\n<li>Spacer plaqu\u00e9e or<\/li>\n<li>Breloque Artefact en or<\/li>\n<li>Cordon \u00e9lastique extensible<\/li>\n<\/ul>\n<p>&nbsp;<\/p>\n<p><strong>Selon les anciens Mayas,<\/strong><\/p>\n<p>Le jaspe Aqua Terra s&rsquo;harmonise avec le rythme de la terre, les murmures du vent et le pouls de l&rsquo;oc\u00e9an. Une symphonie intemporelle qui se joue dans le c\u0153ur de celle qui la porte. <\/p>\n<p>&nbsp;<\/p>\n","protected":false},"excerpt":{"rendered":"<p>Aqua Terra Jaspe Carr\u00e9 6x6x3mm Aqua Terra Jaspe rond 6mm Spacer plaqu\u00e9e or Breloque Artefact en or Cordon \u00e9lastique extensible &nbsp; Selon les anciens Mayas, Le jaspe Aqua Terra s&rsquo;harmonise avec le rythme de la terre, les murmures du vent et le pouls de l&rsquo;oc\u00e9an. Une symphonie intemporelle qui se joue dans le c\u0153ur de [&hellip;]<\/p>\n","protected":false},"featured_media":1752,"template":"","meta":[],"product_brand":[],"product_cat":[187,128,192,130],"product_tag":[168,166,173,167,149,132,136],"class_list":{"0":"post-2151","1":"product","2":"type-product","3":"status-publish","4":"has-post-thumbnail","6":"product_cat-bracelets-fr-2","7":"product_cat-femmes","8":"product_cat-maya-fr-2","9":"product_cat-tous-les-bijoux-pour-femmes","10":"product_tag-bleu-fr-2","11":"product_tag-bleu-fr","12":"product_tag-brun-fr-2","13":"product_tag-brun-fr","14":"product_tag-jaspe","15":"product_tag-lor","16":"product_tag-or-fr","17":"pa_womens-bracelets-size-small","18":"pa_womens-bracelets-size-medium-6-1-2-inch","19":"pa_womens-bracelets-size-large-7-inch","20":"pa_womens-bracelets-size-x-large-7-1-2-inch","22":"first","23":"instock","24":"sale","25":"taxable","26":"shipping-taxable","27":"purchasable","28":"product-type-variable"},"_links":{"self":[{"href":"https:\/\/artefactjewelry.com\/fr\/wp-json\/wp\/v2\/product\/2151","targetHints":{"allow":["GET"]}}],"collection":[{"href":"https:\/\/artefactjewelry.com\/fr\/wp-json\/wp\/v2\/product"}],"about":[{"href":"https:\/\/artefactjewelry.com\/fr\/wp-json\/wp\/v2\/types\/product"}],"wp:featuredmedia":[{"embeddable":true,"href":"https:\/\/artefactjewelry.com\/fr\/wp-json\/wp\/v2\/media\/1752"}],"wp:attachment":[{"href":"https:\/\/artefactjewelry.com\/fr\/wp-json\/wp\/v2\/media?parent=2151"}],"wp:term":[{"taxonomy":"product_brand","embeddable":true,"href":"https:\/\/artefactjewelry.com\/fr\/wp-json\/wp\/v2\/product_brand?post=2151"},{"taxonomy":"product_cat","embeddable":true,"href":"https:\/\/artefactjewelry.com\/fr\/wp-json\/wp\/v2\/product_cat?post=2151"},{"taxonomy":"product_tag","embeddable":true,"href":"https:\/\/artefactjewelry.com\/fr\/wp-json\/wp\/v2\/product_tag?post=2151"}],"curies":[{"name":"wp","href":"https:\/\/api.w.org\/{rel}","templated":true}]}}