{"id":2156,"date":"2024-04-20T21:56:09","date_gmt":"2024-04-21T01:56:09","guid":{"rendered":"https:\/\/artefactjewelry.com\/product\/bracelet-de-quartz-rose-et-blanc-avec-turquoise-rose-avec-spacer-en-or\/"},"modified":"2025-09-09T15:28:47","modified_gmt":"2025-09-09T19:28:47","slug":"bracelet-de-quartz-rose-et-blanc-avec-turquoise-rose-avec-spacer-en-or","status":"publish","type":"product","link":"https:\/\/artefactjewelry.com\/fr\/produit\/bracelet-de-quartz-rose-et-blanc-avec-turquoise-rose-avec-spacer-en-or\/","title":{"rendered":"Bracelet de Quartz Rose et Blanc avec Turquoise Rose avec spacer en or"},"content":{"rendered":"<ul>\n<li>Quartz rose rond 6mm<\/li>\n<li>Turquoise rose ronde 5.5mm<\/li>\n<li>Quartz blanc \u00e0 facettes 4mm<\/li>\n<li>Perle Artefact en or<\/li>\n<li>Cordon \u00e9lastique extensible<\/li>\n<\/ul>\n<p>&nbsp;<\/p>\n<p><strong>Selon les anciens Mayas,<\/strong><\/p>\n<p>Dans les ombres de l&rsquo;arbre sacr\u00e9 ceiba, o\u00f9 les anciens Mayas trouvaient refuge et une connexion avec leurs dieux, la turquoise rose \u00e9tait aussi mystique que les ciels du soir du solstice. V\u00e9n\u00e9r\u00e9 pour ses propri\u00e9t\u00e9s protectrices, il \u00e9tait consid\u00e9r\u00e9 comme un talisman contre le malheur, incarnation de l&rsquo;aspect nourricier de la d\u00e9esse Ix Chel.<\/p>\n<p>&nbsp;<\/p>\n","protected":false},"excerpt":{"rendered":"<p>Quartz rose rond 6mm Turquoise rose ronde 5.5mm Quartz blanc \u00e0 facettes 4mm Perle Artefact en or Cordon \u00e9lastique extensible &nbsp; Selon les anciens Mayas, Dans les ombres de l&rsquo;arbre sacr\u00e9 ceiba, o\u00f9 les anciens Mayas trouvaient refuge et une connexion avec leurs dieux, la turquoise rose \u00e9tait aussi mystique que les ciels du soir [&hellip;]<\/p>\n","protected":false},"featured_media":1766,"template":"","meta":[],"product_brand":[],"product_cat":[187,128,192,130],"product_tag":[133,134,193,139,140,181],"class_list":{"0":"post-2156","1":"product","2":"type-product","3":"status-publish","4":"has-post-thumbnail","6":"product_cat-bracelets-fr-2","7":"product_cat-femmes","8":"product_cat-maya-fr-2","9":"product_cat-tous-les-bijoux-pour-femmes","10":"product_tag-blanc-fr","11":"product_tag-blanc-fr-2","12":"product_tag-quartz-fr","13":"product_tag-rose-fr","14":"product_tag-rose-fr-2","15":"product_tag-turquoise-fr","16":"pa_womens-bracelets-size-small","17":"pa_womens-bracelets-size-medium-6-1-2-inch","18":"pa_womens-bracelets-size-large-7-inch","19":"pa_womens-bracelets-size-x-large-7-1-2-inch","21":"first","22":"instock","23":"sale","24":"taxable","25":"shipping-taxable","26":"purchasable","27":"product-type-variable"},"_links":{"self":[{"href":"https:\/\/artefactjewelry.com\/fr\/wp-json\/wp\/v2\/product\/2156","targetHints":{"allow":["GET"]}}],"collection":[{"href":"https:\/\/artefactjewelry.com\/fr\/wp-json\/wp\/v2\/product"}],"about":[{"href":"https:\/\/artefactjewelry.com\/fr\/wp-json\/wp\/v2\/types\/product"}],"wp:featuredmedia":[{"embeddable":true,"href":"https:\/\/artefactjewelry.com\/fr\/wp-json\/wp\/v2\/media\/1766"}],"wp:attachment":[{"href":"https:\/\/artefactjewelry.com\/fr\/wp-json\/wp\/v2\/media?parent=2156"}],"wp:term":[{"taxonomy":"product_brand","embeddable":true,"href":"https:\/\/artefactjewelry.com\/fr\/wp-json\/wp\/v2\/product_brand?post=2156"},{"taxonomy":"product_cat","embeddable":true,"href":"https:\/\/artefactjewelry.com\/fr\/wp-json\/wp\/v2\/product_cat?post=2156"},{"taxonomy":"product_tag","embeddable":true,"href":"https:\/\/artefactjewelry.com\/fr\/wp-json\/wp\/v2\/product_tag?post=2156"}],"curies":[{"name":"wp","href":"https:\/\/api.w.org\/{rel}","templated":true}]}}