{"id":2161,"date":"2024-04-17T23:33:41","date_gmt":"2024-04-18T03:33:41","guid":{"rendered":"https:\/\/artefactjewelry.com\/product\/le-bracelet-dix-chebel-yax\/"},"modified":"2025-09-09T15:28:48","modified_gmt":"2025-09-09T19:28:48","slug":"le-bracelet-dix-chebel-yax","status":"publish","type":"product","link":"https:\/\/artefactjewelry.com\/fr\/produit\/le-bracelet-dix-chebel-yax\/","title":{"rendered":"Le bracelet d&rsquo;Ix Chebel Yax"},"content":{"rendered":"<ul>\n<li>Quartz rose 8mm<\/li>\n<li>spacer en aventurine verte 6x1mm<\/li>\n<li>T\u00eate de mort en pierre<\/li>\n<li>Artefact Nameplate Gunmetal<\/li>\n<li>Attache r\u00e9glable \/ cordon en nylon<\/li>\n<\/ul>\n<p>&nbsp;<\/p>\n<p><strong>Selon l&rsquo;ancienne culture maya,<\/strong><\/p>\n<p>Le triple r\u00f4le d&rsquo;Ix Chebel Yax en tant que d\u00e9esse de l&rsquo;accouchement, de la guerre et du tissage (\u00a0\u00bb tisser \u00a0\u00bb \u00e9tait une comp\u00e9tence essentielle et tr\u00e8s respect\u00e9e dans la culture maya) refl\u00e8te la nature complexe des divinit\u00e9s mayas, qui g\u00e9raient souvent plusieurs aspects de la vie et de l&rsquo;univers. Sa figure souligne le profond respect des Mayas pour le tissage en tant qu&rsquo;acte \u00e0 la fois litt\u00e9ral et symbolique, entrelac\u00e9 avec les th\u00e8mes de la protection, du destin et du caract\u00e8re sacr\u00e9 des actes maternels.<\/p>\n<p>&nbsp;<\/p>\n","protected":false},"excerpt":{"rendered":"<p>Quartz rose 8mm spacer en aventurine verte 6x1mm T\u00eate de mort en pierre Artefact Nameplate Gunmetal Attache r\u00e9glable \/ cordon en nylon &nbsp; Selon l&rsquo;ancienne culture maya, Le triple r\u00f4le d&rsquo;Ix Chebel Yax en tant que d\u00e9esse de l&rsquo;accouchement, de la guerre et du tissage (\u00a0\u00bb tisser \u00a0\u00bb \u00e9tait une comp\u00e9tence essentielle et tr\u00e8s respect\u00e9e [&hellip;]<\/p>\n","protected":false},"featured_media":1865,"template":"","meta":[],"product_brand":[],"product_cat":[187,128,192,130],"product_tag":[138,193,139,140,172,174],"class_list":{"0":"post-2161","1":"product","2":"type-product","3":"status-publish","4":"has-post-thumbnail","6":"product_cat-bracelets-fr-2","7":"product_cat-femmes","8":"product_cat-maya-fr-2","9":"product_cat-tous-les-bijoux-pour-femmes","10":"product_tag-aventurine-fr","11":"product_tag-quartz-fr","12":"product_tag-rose-fr","13":"product_tag-rose-fr-2","14":"product_tag-vert-fr","15":"product_tag-vert-fr-2","16":"pa_womens-bracelets-size-small","17":"pa_womens-bracelets-size-medium-6-1-2-inch","18":"pa_womens-bracelets-size-large-7-inch","19":"pa_womens-bracelets-size-x-large-7-1-2-inch","21":"first","22":"instock","23":"sale","24":"taxable","25":"shipping-taxable","26":"purchasable","27":"product-type-variable"},"_links":{"self":[{"href":"https:\/\/artefactjewelry.com\/fr\/wp-json\/wp\/v2\/product\/2161","targetHints":{"allow":["GET"]}}],"collection":[{"href":"https:\/\/artefactjewelry.com\/fr\/wp-json\/wp\/v2\/product"}],"about":[{"href":"https:\/\/artefactjewelry.com\/fr\/wp-json\/wp\/v2\/types\/product"}],"wp:featuredmedia":[{"embeddable":true,"href":"https:\/\/artefactjewelry.com\/fr\/wp-json\/wp\/v2\/media\/1865"}],"wp:attachment":[{"href":"https:\/\/artefactjewelry.com\/fr\/wp-json\/wp\/v2\/media?parent=2161"}],"wp:term":[{"taxonomy":"product_brand","embeddable":true,"href":"https:\/\/artefactjewelry.com\/fr\/wp-json\/wp\/v2\/product_brand?post=2161"},{"taxonomy":"product_cat","embeddable":true,"href":"https:\/\/artefactjewelry.com\/fr\/wp-json\/wp\/v2\/product_cat?post=2161"},{"taxonomy":"product_tag","embeddable":true,"href":"https:\/\/artefactjewelry.com\/fr\/wp-json\/wp\/v2\/product_tag?post=2161"}],"curies":[{"name":"wp","href":"https:\/\/api.w.org\/{rel}","templated":true}]}}