{"id":2166,"date":"2024-04-17T22:58:17","date_gmt":"2024-04-18T02:58:17","guid":{"rendered":"https:\/\/artefactjewelry.com\/product\/le-bracelet-daphrodite\/"},"modified":"2025-09-09T15:28:49","modified_gmt":"2025-09-09T19:28:49","slug":"le-bracelet-daphrodite","status":"publish","type":"product","link":"https:\/\/artefactjewelry.com\/fr\/produit\/le-bracelet-daphrodite\/","title":{"rendered":"Le bracelet d&rsquo;Aphrodite"},"content":{"rendered":"<ul>\n<li>Rhodochrosite rond 6mm<\/li>\n<li>T\u00eate de mort en pierre<\/li>\n<li>Spacer en h\u00e9matite 6mm<\/li>\n<li>Spacer Gunmetal 3x2mm \/ 2x2mm<\/li>\n<li>Artefact nameplate en Gunmetal<\/li>\n<li>Attache r\u00e9glable \/ cordon en nylon<\/li>\n<\/ul>\n<p>&nbsp;<\/p>\n<p><strong>Selon la mythologie grecque,<\/strong><\/p>\n<p>Aphrodite est l&rsquo;une des figures les plus embl\u00e9matiques de la mythologie grecque, reconnue comme la d\u00e9esse de l&rsquo;amour, de la beaut\u00e9 et du d\u00e9sir sexuel. Bien qu&rsquo;elle soit souvent repr\u00e9sent\u00e9e comme l&rsquo;incarnation de l&rsquo;attrait physique et de la passion romantique, son influence s&rsquo;\u00e9tend au-del\u00e0 de la simple esth\u00e9tique et des attractions charnelles ; elle a jou\u00e9 un r\u00f4le essentiel dans les aspects humains de la vie et dans les interactions entre les dieux et les mortels.<\/p>\n<p>&nbsp;<\/p>\n","protected":false},"excerpt":{"rendered":"<p>Rhodochrosite rond 6mm T\u00eate de mort en pierre Spacer en h\u00e9matite 6mm Spacer Gunmetal 3x2mm \/ 2x2mm Artefact nameplate en Gunmetal Attache r\u00e9glable \/ cordon en nylon &nbsp; Selon la mythologie grecque, Aphrodite est l&rsquo;une des figures les plus embl\u00e9matiques de la mythologie grecque, reconnue comme la d\u00e9esse de l&rsquo;amour, de la beaut\u00e9 et du [&hellip;]<\/p>\n","protected":false},"featured_media":1871,"template":"","meta":[],"product_brand":[],"product_cat":[187,128,131,130],"product_tag":[195,183,184,157,194,139,140],"class_list":{"0":"post-2166","1":"product","2":"type-product","3":"status-publish","4":"has-post-thumbnail","6":"product_cat-bracelets-fr-2","7":"product_cat-femmes","8":"product_cat-grecque-fr","9":"product_cat-tous-les-bijoux-pour-femmes","10":"product_tag-crane","11":"product_tag-gris-fr","12":"product_tag-gris-fr-2","13":"product_tag-hematite-fr","14":"product_tag-rhodochrosite-fr","15":"product_tag-rose-fr","16":"product_tag-rose-fr-2","17":"pa_womens-bracelets-size-small","18":"pa_womens-bracelets-size-medium-6-1-2-inch","19":"pa_womens-bracelets-size-large-7-inch","20":"pa_womens-bracelets-size-x-large-7-1-2-inch","22":"first","23":"instock","24":"sale","25":"taxable","26":"shipping-taxable","27":"purchasable","28":"product-type-variable"},"_links":{"self":[{"href":"https:\/\/artefactjewelry.com\/fr\/wp-json\/wp\/v2\/product\/2166","targetHints":{"allow":["GET"]}}],"collection":[{"href":"https:\/\/artefactjewelry.com\/fr\/wp-json\/wp\/v2\/product"}],"about":[{"href":"https:\/\/artefactjewelry.com\/fr\/wp-json\/wp\/v2\/types\/product"}],"wp:featuredmedia":[{"embeddable":true,"href":"https:\/\/artefactjewelry.com\/fr\/wp-json\/wp\/v2\/media\/1871"}],"wp:attachment":[{"href":"https:\/\/artefactjewelry.com\/fr\/wp-json\/wp\/v2\/media?parent=2166"}],"wp:term":[{"taxonomy":"product_brand","embeddable":true,"href":"https:\/\/artefactjewelry.com\/fr\/wp-json\/wp\/v2\/product_brand?post=2166"},{"taxonomy":"product_cat","embeddable":true,"href":"https:\/\/artefactjewelry.com\/fr\/wp-json\/wp\/v2\/product_cat?post=2166"},{"taxonomy":"product_tag","embeddable":true,"href":"https:\/\/artefactjewelry.com\/fr\/wp-json\/wp\/v2\/product_tag?post=2166"}],"curies":[{"name":"wp","href":"https:\/\/api.w.org\/{rel}","templated":true}]}}