{"id":2171,"date":"2024-04-17T21:54:47","date_gmt":"2024-04-18T01:54:47","guid":{"rendered":"https:\/\/artefactjewelry.com\/product\/bracelet-en-jaspe-sesame-et-de-perles-naturelles-avec-spacer-en-argent\/"},"modified":"2025-09-09T15:28:50","modified_gmt":"2025-09-09T19:28:50","slug":"bracelet-en-jaspe-sesame-et-de-perles-naturelles-avec-spacer-en-argent","status":"publish","type":"product","link":"https:\/\/artefactjewelry.com\/fr\/produit\/bracelet-en-jaspe-sesame-et-de-perles-naturelles-avec-spacer-en-argent\/","title":{"rendered":"Bracelet en Jaspe s\u00e9same et de Perles naturelles avec spacer en argent"},"content":{"rendered":"<ul>\n<li>Jaspe s\u00e9same 6mm<\/li>\n<li>Perles naturelles d&rsquo;eau douce blanches 6mm<\/li>\n<li>Spacer argent\u00e9e 4x2mm<\/li>\n<li>Perle Artefact en argent<\/li>\n<\/ul>\n<p>&nbsp;<\/p>\n<p><strong>Selon la Gr\u00e8ce Antique,<\/strong><\/p>\n<p>Les diverses couleurs du jaspe, qui imitent souvent les paysages, les for\u00eats et les couchers de soleil, ont contribu\u00e9 \u00e0 symboliser un lien fort avec la Terre. Il \u00e9tait associ\u00e9 \u00e0 l&rsquo;\u00e9quilibre \u00e9cologique et \u00e0 l&rsquo;harmonie environnementale, \u00e9tablissant des liens avec diverses divinit\u00e9s de la Terre et des esprits de la nature. En particulier, son effet d&rsquo;ancrage \u00e9tait cens\u00e9 favoriser la stabilit\u00e9 et la s\u00e9curit\u00e9.<\/p>\n<p>&nbsp;<\/p>\n","protected":false},"excerpt":{"rendered":"<p>Jaspe s\u00e9same 6mm Perles naturelles d&rsquo;eau douce blanches 6mm Spacer argent\u00e9e 4x2mm Perle Artefact en argent &nbsp; Selon la Gr\u00e8ce Antique, Les diverses couleurs du jaspe, qui imitent souvent les paysages, les for\u00eats et les couchers de soleil, ont contribu\u00e9 \u00e0 symboliser un lien fort avec la Terre. Il \u00e9tait associ\u00e9 \u00e0 l&rsquo;\u00e9quilibre \u00e9cologique et [&hellip;]<\/p>\n","protected":false},"featured_media":1753,"template":"","meta":[],"product_brand":[],"product_cat":[187,128,131,130],"product_tag":[190,183,184,149,189,137],"class_list":{"0":"post-2171","1":"product","2":"type-product","3":"status-publish","4":"has-post-thumbnail","6":"product_cat-bracelets-fr-2","7":"product_cat-femmes","8":"product_cat-grecque-fr","9":"product_cat-tous-les-bijoux-pour-femmes","10":"product_tag-argent-fr","11":"product_tag-gris-fr","12":"product_tag-gris-fr-2","13":"product_tag-jaspe","14":"product_tag-largent","15":"product_tag-perle","16":"pa_womens-bracelets-size-small","17":"pa_womens-bracelets-size-medium-6-1-2-inch","18":"pa_womens-bracelets-size-large-7-inch","19":"pa_womens-bracelets-size-x-large-7-1-2-inch","21":"first","22":"instock","23":"sale","24":"taxable","25":"shipping-taxable","26":"purchasable","27":"product-type-variable"},"_links":{"self":[{"href":"https:\/\/artefactjewelry.com\/fr\/wp-json\/wp\/v2\/product\/2171","targetHints":{"allow":["GET"]}}],"collection":[{"href":"https:\/\/artefactjewelry.com\/fr\/wp-json\/wp\/v2\/product"}],"about":[{"href":"https:\/\/artefactjewelry.com\/fr\/wp-json\/wp\/v2\/types\/product"}],"wp:featuredmedia":[{"embeddable":true,"href":"https:\/\/artefactjewelry.com\/fr\/wp-json\/wp\/v2\/media\/1753"}],"wp:attachment":[{"href":"https:\/\/artefactjewelry.com\/fr\/wp-json\/wp\/v2\/media?parent=2171"}],"wp:term":[{"taxonomy":"product_brand","embeddable":true,"href":"https:\/\/artefactjewelry.com\/fr\/wp-json\/wp\/v2\/product_brand?post=2171"},{"taxonomy":"product_cat","embeddable":true,"href":"https:\/\/artefactjewelry.com\/fr\/wp-json\/wp\/v2\/product_cat?post=2171"},{"taxonomy":"product_tag","embeddable":true,"href":"https:\/\/artefactjewelry.com\/fr\/wp-json\/wp\/v2\/product_tag?post=2171"}],"curies":[{"name":"wp","href":"https:\/\/api.w.org\/{rel}","templated":true}]}}