{"id":2176,"date":"2024-04-17T20:54:57","date_gmt":"2024-04-18T00:54:57","guid":{"rendered":"https:\/\/artefactjewelry.com\/product\/bracelet-en-cornaline-rouge-kunzite-aigue-marine-larvikite-et-de-jade-de-malaisie-avec-spacer-en-or\/"},"modified":"2025-09-09T15:28:51","modified_gmt":"2025-09-09T19:28:51","slug":"bracelet-en-cornaline-rouge-kunzite-aigue-marine-larvikite-et-de-jade-de-malaisie-avec-spacer-en-or","status":"publish","type":"product","link":"https:\/\/artefactjewelry.com\/fr\/produit\/bracelet-en-cornaline-rouge-kunzite-aigue-marine-larvikite-et-de-jade-de-malaisie-avec-spacer-en-or\/","title":{"rendered":"Bracelet en Cornaline rouge, Kunzite, Aigue-marine, Larvikite et de Jade de malaisie avec spacer en or"},"content":{"rendered":"<ul>\n<li>Cornaline rouge ronde 6mm<\/li>\n<li>Kunzite ronde 6mm<\/li>\n<li>Aigue-marine ronde 6mm<\/li>\n<li>Larvikite \u00e9toile et ronde 6mm<\/li>\n<li>Jade de Malaisie rond avec poudre d&rsquo;or 6mm<\/li>\n<li>Spacer plaqu\u00e9e or 6&#215;1 mm<\/li>\n<li>Perle Artefact en Or<\/li>\n<\/ul>\n<p>&nbsp;<\/p>\n<p><strong>Selon la Gr\u00e8ce Antique,<\/strong><\/p>\n<p>La couleur rouge et riche de la cornaline \u00e9tait associ\u00e9e \u00e0 l&rsquo;amour et \u00e0 la passion. On pensait qu&rsquo;il attisait le d\u00e9sir et attirait l&rsquo;amour. Dans le contexte de la mythologie grecque, o\u00f9 les dieux et les d\u00e9esses interagissaient souvent avec les humains par l&rsquo;interm\u00e9diaire des manifestations de la nature et des \u00e9l\u00e9ments. La cornaline \u00e9tait consid\u00e9r\u00e9e comme un vecteur de l&rsquo;amour et des faveurs divines.<\/p>\n<p>&nbsp;<\/p>\n","protected":false},"excerpt":{"rendered":"<p>Cornaline rouge ronde 6mm Kunzite ronde 6mm Aigue-marine ronde 6mm Larvikite \u00e9toile et ronde 6mm Jade de Malaisie rond avec poudre d&rsquo;or 6mm Spacer plaqu\u00e9e or 6&#215;1 mm Perle Artefact en Or &nbsp; Selon la Gr\u00e8ce Antique, La couleur rouge et riche de la cornaline \u00e9tait associ\u00e9e \u00e0 l&rsquo;amour et \u00e0 la passion. On pensait [&hellip;]<\/p>\n","protected":false},"featured_media":1756,"template":"","meta":[],"product_brand":[],"product_cat":[187,128,131,130],"product_tag":[191,134,166,168,196,135,197,132,185,136,140,139,151],"class_list":{"0":"post-2176","1":"product","2":"type-product","3":"status-publish","4":"has-post-thumbnail","6":"product_cat-bracelets-fr-2","7":"product_cat-femmes","8":"product_cat-grecque-fr","9":"product_cat-tous-les-bijoux-pour-femmes","10":"product_tag-aigue-marine","11":"product_tag-blanc-fr-2","12":"product_tag-bleu-fr","13":"product_tag-bleu-fr-2","14":"product_tag-cornaline","15":"product_tag-jade-fr","16":"product_tag-kunzite-fr","17":"product_tag-lor","18":"product_tag-larvikite-fr","19":"product_tag-or-fr","20":"product_tag-rose-fr-2","21":"product_tag-rose-fr","22":"product_tag-rouge-fr","23":"pa_womens-bracelets-size-small","24":"pa_womens-bracelets-size-medium-6-1-2-inch","25":"pa_womens-bracelets-size-large-7-inch","26":"pa_womens-bracelets-size-x-large-7-1-2-inch","28":"first","29":"instock","30":"sale","31":"taxable","32":"shipping-taxable","33":"purchasable","34":"product-type-variable"},"_links":{"self":[{"href":"https:\/\/artefactjewelry.com\/fr\/wp-json\/wp\/v2\/product\/2176","targetHints":{"allow":["GET"]}}],"collection":[{"href":"https:\/\/artefactjewelry.com\/fr\/wp-json\/wp\/v2\/product"}],"about":[{"href":"https:\/\/artefactjewelry.com\/fr\/wp-json\/wp\/v2\/types\/product"}],"wp:featuredmedia":[{"embeddable":true,"href":"https:\/\/artefactjewelry.com\/fr\/wp-json\/wp\/v2\/media\/1756"}],"wp:attachment":[{"href":"https:\/\/artefactjewelry.com\/fr\/wp-json\/wp\/v2\/media?parent=2176"}],"wp:term":[{"taxonomy":"product_brand","embeddable":true,"href":"https:\/\/artefactjewelry.com\/fr\/wp-json\/wp\/v2\/product_brand?post=2176"},{"taxonomy":"product_cat","embeddable":true,"href":"https:\/\/artefactjewelry.com\/fr\/wp-json\/wp\/v2\/product_cat?post=2176"},{"taxonomy":"product_tag","embeddable":true,"href":"https:\/\/artefactjewelry.com\/fr\/wp-json\/wp\/v2\/product_tag?post=2176"}],"curies":[{"name":"wp","href":"https:\/\/api.w.org\/{rel}","templated":true}]}}