{"id":2181,"date":"2024-04-17T18:13:07","date_gmt":"2024-04-17T22:13:07","guid":{"rendered":"https:\/\/artefactjewelry.com\/product\/bracelet-en-jade-de-malaisie-et-perles-naturelles-avec-spacer-en-or\/"},"modified":"2025-09-09T15:28:53","modified_gmt":"2025-09-09T19:28:53","slug":"bracelet-en-jade-de-malaisie-et-perles-naturelles-avec-spacer-en-or","status":"publish","type":"product","link":"https:\/\/artefactjewelry.com\/fr\/produit\/bracelet-en-jade-de-malaisie-et-perles-naturelles-avec-spacer-en-or\/","title":{"rendered":"Bracelet en Jade de Malaisie et Perles naturelles avec spacer en or"},"content":{"rendered":"<ul>\n<li>Jade de Malaisie \u00e0 facettes 4mm<\/li>\n<li>Perle naturelle d&rsquo;eau douce blanche 6mm<\/li>\n<li>Spacer dor\u00e9e plaqu\u00e9e 4x2mm<\/li>\n<li>Cordon \u00e9lastique extensible<\/li>\n<li>Breloque en or Artefact<\/li>\n<\/ul>\n<p>&nbsp;<\/p>\n<p><strong>Selon la Gr\u00e8ce Antique,<\/strong><\/p>\n<p>Contrairement aux couleurs plus vives qui symbolisent la passion ou le danger, le vert est souvent per\u00e7u comme apaisant et tranquille, repr\u00e9sentant un \u00e9tat de paix. Cela peut se voir dans les repr\u00e9sentations de paysages idylliques ou de sc\u00e8nes de jardins paisibles dans les fresques et les mosa\u00efques.<\/p>\n<p>&nbsp;<\/p>\n","protected":false},"excerpt":{"rendered":"<p>Jade de Malaisie \u00e0 facettes 4mm Perle naturelle d&rsquo;eau douce blanche 6mm Spacer dor\u00e9e plaqu\u00e9e 4x2mm Cordon \u00e9lastique extensible Breloque en or Artefact &nbsp; Selon la Gr\u00e8ce Antique, Contrairement aux couleurs plus vives qui symbolisent la passion ou le danger, le vert est souvent per\u00e7u comme apaisant et tranquille, repr\u00e9sentant un \u00e9tat de paix. Cela [&hellip;]<\/p>\n","protected":false},"featured_media":1755,"template":"","meta":[],"product_brand":[],"product_cat":[187,128,131,130],"product_tag":[134,135,132,136,137,174],"class_list":{"0":"post-2181","1":"product","2":"type-product","3":"status-publish","4":"has-post-thumbnail","6":"product_cat-bracelets-fr-2","7":"product_cat-femmes","8":"product_cat-grecque-fr","9":"product_cat-tous-les-bijoux-pour-femmes","10":"product_tag-blanc-fr-2","11":"product_tag-jade-fr","12":"product_tag-lor","13":"product_tag-or-fr","14":"product_tag-perle","15":"product_tag-vert-fr-2","16":"pa_womens-bracelets-size-small","17":"pa_womens-bracelets-size-medium-6-1-2-inch","18":"pa_womens-bracelets-size-large-7-inch","19":"pa_womens-bracelets-size-x-large-7-1-2-inch","21":"first","22":"instock","23":"sale","24":"taxable","25":"shipping-taxable","26":"purchasable","27":"product-type-variable"},"_links":{"self":[{"href":"https:\/\/artefactjewelry.com\/fr\/wp-json\/wp\/v2\/product\/2181","targetHints":{"allow":["GET"]}}],"collection":[{"href":"https:\/\/artefactjewelry.com\/fr\/wp-json\/wp\/v2\/product"}],"about":[{"href":"https:\/\/artefactjewelry.com\/fr\/wp-json\/wp\/v2\/types\/product"}],"wp:featuredmedia":[{"embeddable":true,"href":"https:\/\/artefactjewelry.com\/fr\/wp-json\/wp\/v2\/media\/1755"}],"wp:attachment":[{"href":"https:\/\/artefactjewelry.com\/fr\/wp-json\/wp\/v2\/media?parent=2181"}],"wp:term":[{"taxonomy":"product_brand","embeddable":true,"href":"https:\/\/artefactjewelry.com\/fr\/wp-json\/wp\/v2\/product_brand?post=2181"},{"taxonomy":"product_cat","embeddable":true,"href":"https:\/\/artefactjewelry.com\/fr\/wp-json\/wp\/v2\/product_cat?post=2181"},{"taxonomy":"product_tag","embeddable":true,"href":"https:\/\/artefactjewelry.com\/fr\/wp-json\/wp\/v2\/product_tag?post=2181"}],"curies":[{"name":"wp","href":"https:\/\/api.w.org\/{rel}","templated":true}]}}