{"id":2186,"date":"2024-04-17T18:01:28","date_gmt":"2024-04-17T22:01:28","guid":{"rendered":"https:\/\/artefactjewelry.com\/product\/bracelet-de-perles-naturelles-et-dagate-veine-de-dragon\/"},"modified":"2025-09-09T15:28:54","modified_gmt":"2025-09-09T19:28:54","slug":"bracelet-de-perles-naturelles-et-dagate-veine-de-dragon","status":"publish","type":"product","link":"https:\/\/artefactjewelry.com\/fr\/produit\/bracelet-de-perles-naturelles-et-dagate-veine-de-dragon\/","title":{"rendered":"Bracelet de Perles naturelles et d&rsquo;Agate veine de dragon"},"content":{"rendered":"<ul>\n<li>Agate veine de dragon \u00e0 facettee 6mm<\/li>\n<li>Perle naturelle d&rsquo;eau douce 6mm<\/li>\n<li>Cordon \u00e9lastique extensible<\/li>\n<li>Perle Artefact en or ou en argent<\/li>\n<\/ul>\n<p>&nbsp;<\/p>\n<p><strong>Selon la Gr\u00e8ce Antique,<\/strong><\/p>\n<p>Ils appr\u00e9ciaient beaucoup l&rsquo;agate en raison de sa beaut\u00e9 naturelle, de ses motifs complexes et de ses couleurs, et l&rsquo;utilisaient largement dans les bijoux, les sceaux et les amulettes. L&rsquo;agate \u00e9tait cens\u00e9e conf\u00e9rer force et harmonie. Sur le plan \u00e9motionnel, il \u00e9tait cens\u00e9 pr\u00e9venir l&rsquo;insomnie et assurer des r\u00eaves agr\u00e9ables, en apportant essentiellement un \u00e9quilibre aux \u00e9nergies personnelles.<\/p>\n<p>&nbsp;<\/p>\n","protected":false},"excerpt":{"rendered":"<p>Agate veine de dragon \u00e0 facettee 6mm Perle naturelle d&rsquo;eau douce 6mm Cordon \u00e9lastique extensible Perle Artefact en or ou en argent &nbsp; Selon la Gr\u00e8ce Antique, Ils appr\u00e9ciaient beaucoup l&rsquo;agate en raison de sa beaut\u00e9 naturelle, de ses motifs complexes et de ses couleurs, et l&rsquo;utilisaient largement dans les bijoux, les sceaux et les [&hellip;]<\/p>\n","protected":false},"featured_media":1754,"template":"","meta":[],"product_brand":[],"product_cat":[187,128,131,130],"product_tag":[178,133,134,150,137],"class_list":{"0":"post-2186","1":"product","2":"type-product","3":"status-publish","4":"has-post-thumbnail","6":"product_cat-bracelets-fr-2","7":"product_cat-femmes","8":"product_cat-grecque-fr","9":"product_cat-tous-les-bijoux-pour-femmes","10":"product_tag-agate-fr","11":"product_tag-blanc-fr","12":"product_tag-blanc-fr-2","13":"product_tag-multicolore","14":"product_tag-perle","15":"pa_womens-bracelets-size-small","16":"pa_womens-bracelets-size-medium-6-1-2-inch","17":"pa_womens-bracelets-size-large-7-inch","18":"pa_womens-bracelets-size-x-large-7-1-2-inch","20":"first","21":"instock","22":"sale","23":"taxable","24":"shipping-taxable","25":"purchasable","26":"product-type-variable"},"_links":{"self":[{"href":"https:\/\/artefactjewelry.com\/fr\/wp-json\/wp\/v2\/product\/2186","targetHints":{"allow":["GET"]}}],"collection":[{"href":"https:\/\/artefactjewelry.com\/fr\/wp-json\/wp\/v2\/product"}],"about":[{"href":"https:\/\/artefactjewelry.com\/fr\/wp-json\/wp\/v2\/types\/product"}],"wp:featuredmedia":[{"embeddable":true,"href":"https:\/\/artefactjewelry.com\/fr\/wp-json\/wp\/v2\/media\/1754"}],"wp:attachment":[{"href":"https:\/\/artefactjewelry.com\/fr\/wp-json\/wp\/v2\/media?parent=2186"}],"wp:term":[{"taxonomy":"product_brand","embeddable":true,"href":"https:\/\/artefactjewelry.com\/fr\/wp-json\/wp\/v2\/product_brand?post=2186"},{"taxonomy":"product_cat","embeddable":true,"href":"https:\/\/artefactjewelry.com\/fr\/wp-json\/wp\/v2\/product_cat?post=2186"},{"taxonomy":"product_tag","embeddable":true,"href":"https:\/\/artefactjewelry.com\/fr\/wp-json\/wp\/v2\/product_tag?post=2186"}],"curies":[{"name":"wp","href":"https:\/\/api.w.org\/{rel}","templated":true}]}}