{"id":2191,"date":"2024-04-17T17:25:54","date_gmt":"2024-04-17T21:25:54","guid":{"rendered":"https:\/\/artefactjewelry.com\/product\/bracelet-dagate-veine-de-dragon-et-perles-naturelles-roses-et-blanches-avec-spacer-en-or\/"},"modified":"2025-09-09T15:28:55","modified_gmt":"2025-09-09T19:28:55","slug":"bracelet-dagate-veine-de-dragon-et-perles-naturelles-roses-et-blanches-avec-spacer-en-or","status":"publish","type":"product","link":"https:\/\/artefactjewelry.com\/fr\/produit\/bracelet-dagate-veine-de-dragon-et-perles-naturelles-roses-et-blanches-avec-spacer-en-or\/","title":{"rendered":"Bracelet d&rsquo;Agate veine de dragon et Perles naturelles Roses et Blanches avec spacer en Or"},"content":{"rendered":"<ul>\n<li>Agate veine de dragon \u00e0 facettee 6mm<\/li>\n<li>Perles naturelles d&rsquo;eau douce roses 6mm<\/li>\n<li>Perles naturelles d&rsquo;eau douce blanches 6mm<\/li>\n<li>Spacer plaqu\u00e9e or 4&#215;2 mm<\/li>\n<li>Perle Artefact en Or<\/li>\n<\/ul>\n<p>&nbsp;<\/p>\n<p><strong>Selon la Gr\u00e8ce Antique,<\/strong><\/p>\n<p>On croyait que l&rsquo;agate rendait son porteur invuln\u00e9rable aux dangers et elle \u00e9tait surtout port\u00e9e par les voyageurs pour les prot\u00e9ger des aventures p\u00e9rilleuses. Elle \u00e9tait consid\u00e9r\u00e9 comme un puissant talisman capable de prot\u00e9ger du mauvais \u0153il et de divers dangers. Les perles pour elles, ont souvent \u00e9t\u00e9 associ\u00e9es \u00e0 l&rsquo;\u00e9nergie divine f\u00e9minine et \u00e0 la sagesse de la nature.<\/p>\n<p>&nbsp;<\/p>\n","protected":false},"excerpt":{"rendered":"<p>Agate veine de dragon \u00e0 facettee 6mm Perles naturelles d&rsquo;eau douce roses 6mm Perles naturelles d&rsquo;eau douce blanches 6mm Spacer plaqu\u00e9e or 4&#215;2 mm Perle Artefact en Or &nbsp; Selon la Gr\u00e8ce Antique, On croyait que l&rsquo;agate rendait son porteur invuln\u00e9rable aux dangers et elle \u00e9tait surtout port\u00e9e par les voyageurs pour les prot\u00e9ger des [&hellip;]<\/p>\n","protected":false},"featured_media":2544,"template":"","meta":[],"product_brand":[],"product_cat":[187,128,131,130],"product_tag":[178,133,134,132,150,136,137,139,140],"class_list":{"0":"post-2191","1":"product","2":"type-product","3":"status-publish","4":"has-post-thumbnail","6":"product_cat-bracelets-fr-2","7":"product_cat-femmes","8":"product_cat-grecque-fr","9":"product_cat-tous-les-bijoux-pour-femmes","10":"product_tag-agate-fr","11":"product_tag-blanc-fr","12":"product_tag-blanc-fr-2","13":"product_tag-lor","14":"product_tag-multicolore","15":"product_tag-or-fr","16":"product_tag-perle","17":"product_tag-rose-fr","18":"product_tag-rose-fr-2","19":"pa_womens-bracelets-size-small","20":"pa_womens-bracelets-size-medium-6-1-2-inch","21":"pa_womens-bracelets-size-large-7-inch","22":"pa_womens-bracelets-size-x-large-7-1-2-inch","24":"first","25":"instock","26":"sale","27":"taxable","28":"shipping-taxable","29":"purchasable","30":"product-type-variable"},"_links":{"self":[{"href":"https:\/\/artefactjewelry.com\/fr\/wp-json\/wp\/v2\/product\/2191","targetHints":{"allow":["GET"]}}],"collection":[{"href":"https:\/\/artefactjewelry.com\/fr\/wp-json\/wp\/v2\/product"}],"about":[{"href":"https:\/\/artefactjewelry.com\/fr\/wp-json\/wp\/v2\/types\/product"}],"wp:featuredmedia":[{"embeddable":true,"href":"https:\/\/artefactjewelry.com\/fr\/wp-json\/wp\/v2\/media\/2544"}],"wp:attachment":[{"href":"https:\/\/artefactjewelry.com\/fr\/wp-json\/wp\/v2\/media?parent=2191"}],"wp:term":[{"taxonomy":"product_brand","embeddable":true,"href":"https:\/\/artefactjewelry.com\/fr\/wp-json\/wp\/v2\/product_brand?post=2191"},{"taxonomy":"product_cat","embeddable":true,"href":"https:\/\/artefactjewelry.com\/fr\/wp-json\/wp\/v2\/product_cat?post=2191"},{"taxonomy":"product_tag","embeddable":true,"href":"https:\/\/artefactjewelry.com\/fr\/wp-json\/wp\/v2\/product_tag?post=2191"}],"curies":[{"name":"wp","href":"https:\/\/api.w.org\/{rel}","templated":true}]}}