{"id":2196,"date":"2024-04-17T17:18:04","date_gmt":"2024-04-17T21:18:04","guid":{"rendered":"https:\/\/artefactjewelry.com\/product\/bracelet-dagate-veine-de-dragon-avec-une-perle-naturelle-et-spacer-en-or\/"},"modified":"2025-09-09T15:28:57","modified_gmt":"2025-09-09T19:28:57","slug":"bracelet-dagate-veine-de-dragon-avec-une-perle-naturelle-et-spacer-en-or","status":"publish","type":"product","link":"https:\/\/artefactjewelry.com\/fr\/produit\/bracelet-dagate-veine-de-dragon-avec-une-perle-naturelle-et-spacer-en-or\/","title":{"rendered":"Bracelet d&rsquo;Agate veine de dragon avec une perle naturelle et spacer en or"},"content":{"rendered":"<ul>\n<li>Agate veine de dragon \u00e0 facettee 4mm<\/li>\n<li>Perle naturelle d&rsquo;eau douce 5mm<\/li>\n<li>Spacer plaqu\u00e9e or 2mm<\/li>\n<li>Cordon \u00e9lastique extensible<\/li>\n<li>Breloque en or Artefact<\/li>\n<\/ul>\n<p>&nbsp;<\/p>\n<p><strong>Selon la Gr\u00e8ce Antique,<\/strong><\/p>\n<p>L&rsquo;agate \u00e9tait cens\u00e9e renforcer l&rsquo;\u00e9loquence de celui qui la portait, ce qui la rendait populaire aupr\u00e8s des orateurs et des politiciens. Cette croyance d\u00e9coule probablement de son association avec Mercure, le dieu messager de la parole et de la communication.<\/p>\n<p>&nbsp;<\/p>\n","protected":false},"excerpt":{"rendered":"<p>Agate veine de dragon \u00e0 facettee 4mm Perle naturelle d&rsquo;eau douce 5mm Spacer plaqu\u00e9e or 2mm Cordon \u00e9lastique extensible Breloque en or Artefact &nbsp; Selon la Gr\u00e8ce Antique, L&rsquo;agate \u00e9tait cens\u00e9e renforcer l&rsquo;\u00e9loquence de celui qui la portait, ce qui la rendait populaire aupr\u00e8s des orateurs et des politiciens. Cette croyance d\u00e9coule probablement de son [&hellip;]<\/p>\n","protected":false},"featured_media":1760,"template":"","meta":[],"product_brand":[],"product_cat":[187,128,131,130],"product_tag":[178,132,150,136],"class_list":{"0":"post-2196","1":"product","2":"type-product","3":"status-publish","4":"has-post-thumbnail","6":"product_cat-bracelets-fr-2","7":"product_cat-femmes","8":"product_cat-grecque-fr","9":"product_cat-tous-les-bijoux-pour-femmes","10":"product_tag-agate-fr","11":"product_tag-lor","12":"product_tag-multicolore","13":"product_tag-or-fr","14":"pa_womens-bracelets-size-small","15":"pa_womens-bracelets-size-medium-6-1-2-inch","16":"pa_womens-bracelets-size-large-7-inch","17":"pa_womens-bracelets-size-x-large-7-1-2-inch","19":"first","20":"instock","21":"sale","22":"taxable","23":"shipping-taxable","24":"purchasable","25":"product-type-variable"},"_links":{"self":[{"href":"https:\/\/artefactjewelry.com\/fr\/wp-json\/wp\/v2\/product\/2196","targetHints":{"allow":["GET"]}}],"collection":[{"href":"https:\/\/artefactjewelry.com\/fr\/wp-json\/wp\/v2\/product"}],"about":[{"href":"https:\/\/artefactjewelry.com\/fr\/wp-json\/wp\/v2\/types\/product"}],"wp:featuredmedia":[{"embeddable":true,"href":"https:\/\/artefactjewelry.com\/fr\/wp-json\/wp\/v2\/media\/1760"}],"wp:attachment":[{"href":"https:\/\/artefactjewelry.com\/fr\/wp-json\/wp\/v2\/media?parent=2196"}],"wp:term":[{"taxonomy":"product_brand","embeddable":true,"href":"https:\/\/artefactjewelry.com\/fr\/wp-json\/wp\/v2\/product_brand?post=2196"},{"taxonomy":"product_cat","embeddable":true,"href":"https:\/\/artefactjewelry.com\/fr\/wp-json\/wp\/v2\/product_cat?post=2196"},{"taxonomy":"product_tag","embeddable":true,"href":"https:\/\/artefactjewelry.com\/fr\/wp-json\/wp\/v2\/product_tag?post=2196"}],"curies":[{"name":"wp","href":"https:\/\/api.w.org\/{rel}","templated":true}]}}