{"id":2201,"date":"2024-04-17T16:59:12","date_gmt":"2024-04-17T20:59:12","guid":{"rendered":"https:\/\/artefactjewelry.com\/product\/bracelet-de-jade-bleu-aigue-marine-et-howlite-avec-spacer-en-argent\/"},"modified":"2025-09-09T15:28:58","modified_gmt":"2025-09-09T19:28:58","slug":"bracelet-de-jade-bleu-aigue-marine-et-howlite-avec-spacer-en-argent","status":"publish","type":"product","link":"https:\/\/artefactjewelry.com\/fr\/produit\/bracelet-de-jade-bleu-aigue-marine-et-howlite-avec-spacer-en-argent\/","title":{"rendered":"Bracelet de Jade bleu, Aigue-marine et Howlite avec spacer en Argent"},"content":{"rendered":"<ul>\n<li>Jade bleu rondelle 6x3mm<\/li>\n<li>Aigue-marine ronde 6mm<\/li>\n<li>Howlite rond 6mm<\/li>\n<li>Cordon \u00e9lastique extensible<\/li>\n<li>Spacer plaqu\u00e9 argent<\/li>\n<li>Perle Artefact en argent<\/li>\n<\/ul>\n<p>&nbsp;<\/p>\n<p><strong>Selon la mythologie grecque,<\/strong><\/p>\n<p>L&rsquo;aigue-marine, avec ses couleurs refl\u00e9tant la mer \u00c9g\u00e9e, \u00e9tait ch\u00e9rie par les Grecs qui voyaient dans ses profondeurs la puret\u00e9 et l&rsquo;\u00e2me de l&rsquo;oc\u00e9an. On disait que c&rsquo;\u00e9tait le tr\u00e9sor des sir\u00e8nes, ces cr\u00e9atures mystiques dont les chants \u00e9taient aussi captivants que l&rsquo;attrait de la pierre.<\/p>\n","protected":false},"excerpt":{"rendered":"<p>Jade bleu rondelle 6x3mm Aigue-marine ronde 6mm Howlite rond 6mm Cordon \u00e9lastique extensible Spacer plaqu\u00e9 argent Perle Artefact en argent &nbsp; Selon la mythologie grecque, L&rsquo;aigue-marine, avec ses couleurs refl\u00e9tant la mer \u00c9g\u00e9e, \u00e9tait ch\u00e9rie par les Grecs qui voyaient dans ses profondeurs la puret\u00e9 et l&rsquo;\u00e2me de l&rsquo;oc\u00e9an. On disait que c&rsquo;\u00e9tait le tr\u00e9sor [&hellip;]<\/p>\n","protected":false},"featured_media":2538,"template":"","meta":[],"product_brand":[],"product_cat":[187,128,131,130],"product_tag":[191,133,134,166,168,198,135],"class_list":{"0":"post-2201","1":"product","2":"type-product","3":"status-publish","4":"has-post-thumbnail","6":"product_cat-bracelets-fr-2","7":"product_cat-femmes","8":"product_cat-grecque-fr","9":"product_cat-tous-les-bijoux-pour-femmes","10":"product_tag-aigue-marine","11":"product_tag-blanc-fr","12":"product_tag-blanc-fr-2","13":"product_tag-bleu-fr","14":"product_tag-bleu-fr-2","15":"product_tag-howlite-fr","16":"product_tag-jade-fr","17":"pa_womens-bracelets-size-small","18":"pa_womens-bracelets-size-medium-6-1-2-inch","19":"pa_womens-bracelets-size-large-7-inch","20":"pa_womens-bracelets-size-x-large-7-1-2-inch","22":"first","23":"instock","24":"sale","25":"taxable","26":"shipping-taxable","27":"purchasable","28":"product-type-variable"},"_links":{"self":[{"href":"https:\/\/artefactjewelry.com\/fr\/wp-json\/wp\/v2\/product\/2201","targetHints":{"allow":["GET"]}}],"collection":[{"href":"https:\/\/artefactjewelry.com\/fr\/wp-json\/wp\/v2\/product"}],"about":[{"href":"https:\/\/artefactjewelry.com\/fr\/wp-json\/wp\/v2\/types\/product"}],"wp:featuredmedia":[{"embeddable":true,"href":"https:\/\/artefactjewelry.com\/fr\/wp-json\/wp\/v2\/media\/2538"}],"wp:attachment":[{"href":"https:\/\/artefactjewelry.com\/fr\/wp-json\/wp\/v2\/media?parent=2201"}],"wp:term":[{"taxonomy":"product_brand","embeddable":true,"href":"https:\/\/artefactjewelry.com\/fr\/wp-json\/wp\/v2\/product_brand?post=2201"},{"taxonomy":"product_cat","embeddable":true,"href":"https:\/\/artefactjewelry.com\/fr\/wp-json\/wp\/v2\/product_cat?post=2201"},{"taxonomy":"product_tag","embeddable":true,"href":"https:\/\/artefactjewelry.com\/fr\/wp-json\/wp\/v2\/product_tag?post=2201"}],"curies":[{"name":"wp","href":"https:\/\/api.w.org\/{rel}","templated":true}]}}