{"id":2206,"date":"2024-04-17T16:27:06","date_gmt":"2024-04-17T20:27:06","guid":{"rendered":"https:\/\/artefactjewelry.com\/product\/bracelet-en-ametrine-jade-rouge-kunzite-et-howlite-avec-spacer-en-argent\/"},"modified":"2025-09-09T15:28:59","modified_gmt":"2025-09-09T19:28:59","slug":"bracelet-en-ametrine-jade-rouge-kunzite-et-howlite-avec-spacer-en-argent","status":"publish","type":"product","link":"https:\/\/artefactjewelry.com\/fr\/produit\/bracelet-en-ametrine-jade-rouge-kunzite-et-howlite-avec-spacer-en-argent\/","title":{"rendered":"Bracelet en Am\u00e9trine, Jade rouge, Kunzite et Howlite avec spacer en Argent"},"content":{"rendered":"<ul>\n<li>Am\u00e9trine violette \u00e0 facettee 6mm<\/li>\n<li>Kunzite ronde 6mm<\/li>\n<li>Jade rouge \u00e0 facettes 6x3mm<\/li>\n<li>Howlite rond 6mm<\/li>\n<li>Cordon \u00e9lastique extensible<\/li>\n<li>Perle Artefact en argent<\/li>\n<\/ul>\n<p>&nbsp;<\/p>\n<p>&nbsp;<\/p>\n<p><strong>Selon la grece antique,<\/strong><\/p>\n<p>Le rouge et le rose \u00e9taient les couleurs de l&rsquo;amour, de la passion et de l&rsquo;\u00e9rotisme, associ\u00e9es \u00e0 des divinit\u00e9s comme Aphrodite et Eros. Ce lien met en \u00e9vidence la nature intense et souvent volatile de l&rsquo;amour tel qu&rsquo;il \u00e9tait per\u00e7u par les Grecs.<\/p>\n<p>&nbsp;<\/p>\n","protected":false},"excerpt":{"rendered":"<p>Am\u00e9trine violette \u00e0 facettee 6mm Kunzite ronde 6mm Jade rouge \u00e0 facettes 6x3mm Howlite rond 6mm Cordon \u00e9lastique extensible Perle Artefact en argent &nbsp; &nbsp; Selon la grece antique, Le rouge et le rose \u00e9taient les couleurs de l&rsquo;amour, de la passion et de l&rsquo;\u00e9rotisme, associ\u00e9es \u00e0 des divinit\u00e9s comme Aphrodite et Eros. Ce lien [&hellip;]<\/p>\n","protected":false},"featured_media":1759,"template":"","meta":[],"product_brand":[],"product_cat":[187,128,131,130],"product_tag":[188,190,133,134,198,135,197,189,139,140,151,153],"class_list":{"0":"post-2206","1":"product","2":"type-product","3":"status-publish","4":"has-post-thumbnail","6":"product_cat-bracelets-fr-2","7":"product_cat-femmes","8":"product_cat-grecque-fr","9":"product_cat-tous-les-bijoux-pour-femmes","10":"product_tag-ametrine-fr","11":"product_tag-argent-fr","12":"product_tag-blanc-fr","13":"product_tag-blanc-fr-2","14":"product_tag-howlite-fr","15":"product_tag-jade-fr","16":"product_tag-kunzite-fr","17":"product_tag-largent","18":"product_tag-rose-fr","19":"product_tag-rose-fr-2","20":"product_tag-rouge-fr","21":"product_tag-rouge-fr-2","22":"pa_womens-bracelets-size-small","23":"pa_womens-bracelets-size-medium-6-1-2-inch","24":"pa_womens-bracelets-size-large-7-inch","25":"pa_womens-bracelets-size-x-large-7-1-2-inch","27":"first","28":"instock","29":"sale","30":"taxable","31":"shipping-taxable","32":"purchasable","33":"product-type-variable"},"_links":{"self":[{"href":"https:\/\/artefactjewelry.com\/fr\/wp-json\/wp\/v2\/product\/2206","targetHints":{"allow":["GET"]}}],"collection":[{"href":"https:\/\/artefactjewelry.com\/fr\/wp-json\/wp\/v2\/product"}],"about":[{"href":"https:\/\/artefactjewelry.com\/fr\/wp-json\/wp\/v2\/types\/product"}],"wp:featuredmedia":[{"embeddable":true,"href":"https:\/\/artefactjewelry.com\/fr\/wp-json\/wp\/v2\/media\/1759"}],"wp:attachment":[{"href":"https:\/\/artefactjewelry.com\/fr\/wp-json\/wp\/v2\/media?parent=2206"}],"wp:term":[{"taxonomy":"product_brand","embeddable":true,"href":"https:\/\/artefactjewelry.com\/fr\/wp-json\/wp\/v2\/product_brand?post=2206"},{"taxonomy":"product_cat","embeddable":true,"href":"https:\/\/artefactjewelry.com\/fr\/wp-json\/wp\/v2\/product_cat?post=2206"},{"taxonomy":"product_tag","embeddable":true,"href":"https:\/\/artefactjewelry.com\/fr\/wp-json\/wp\/v2\/product_tag?post=2206"}],"curies":[{"name":"wp","href":"https:\/\/api.w.org\/{rel}","templated":true}]}}